{"id":59352,"date":"2023-01-18T09:51:14","date_gmt":"2023-01-18T12:51:14","guid":{"rendered":"https:\/\/www.argensend.com\/?post_type=product&#038;p=59352"},"modified":"2024-12-06T16:33:04","modified_gmt":"2024-12-06T19:33:04","slug":"juliana-valija-make-up-unicorn-grande-unicorn-big-make-up-suitcase","status":"publish","type":"product","link":"https:\/\/www.argensend.com\/en\/product\/juliana-valija-make-up-unicorn-grande-unicorn-big-make-up-suitcase\/","title":{"rendered":"Juliana &#8211; Valija Grande Dise\u00f1o de U\u00f1as"},"content":{"rendered":"<p>Incluye: Con u\u00f1as postizas &#8211; Esmalte con brillos &#8211; Esmalte a color &#8211; Separadores de dedos &#8211; Gliters &#8211; Lima de u\u00f1a &#8211; Stikers.<br \/>\nEdad recomendada: +6 a\u00f1os<\/p>","protected":false},"excerpt":{"rendered":"<p>Juliana dise\u00f1a tu u\u00f1as!<\/p>","protected":false},"featured_media":59357,"comment_status":"closed","ping_status":"closed","template":"","meta":{"_acf_changed":false,"om_disable_all_campaigns":false,"_monsterinsights_skip_tracking":false,"_monsterinsights_sitenote_active":false,"_monsterinsights_sitenote_note":"","_monsterinsights_sitenote_category":0},"etheme_brands":[],"product_brand":[],"product_cat":[2202,140],"product_tag":[10631],"class_list":{"0":"post-59352","1":"product","2":"type-product","3":"status-publish","4":"has-post-thumbnail","6":"product_cat-juegos-ninos","7":"product_cat-juegos","8":"product_tag-xmass24","10":"first","11":"instock","12":"taxable","13":"shipping-taxable","14":"purchasable","15":"product-type-simple"},"acf":[],"aioseo_notices":[],"_links":{"self":[{"href":"https:\/\/www.argensend.com\/en\/wp-json\/wp\/v2\/product\/59352","targetHints":{"allow":["GET"]}}],"collection":[{"href":"https:\/\/www.argensend.com\/en\/wp-json\/wp\/v2\/product"}],"about":[{"href":"https:\/\/www.argensend.com\/en\/wp-json\/wp\/v2\/types\/product"}],"replies":[{"embeddable":true,"href":"https:\/\/www.argensend.com\/en\/wp-json\/wp\/v2\/comments?post=59352"}],"version-history":[{"count":4,"href":"https:\/\/www.argensend.com\/en\/wp-json\/wp\/v2\/product\/59352\/revisions"}],"predecessor-version":[{"id":115718,"href":"https:\/\/www.argensend.com\/en\/wp-json\/wp\/v2\/product\/59352\/revisions\/115718"}],"wp:featuredmedia":[{"embeddable":true,"href":"https:\/\/www.argensend.com\/en\/wp-json\/wp\/v2\/media\/59357"}],"wp:attachment":[{"href":"https:\/\/www.argensend.com\/en\/wp-json\/wp\/v2\/media?parent=59352"}],"wp:term":[{"taxonomy":"brand","embeddable":true,"href":"https:\/\/www.argensend.com\/en\/wp-json\/wp\/v2\/etheme_brands?post=59352"},{"taxonomy":"product_brand","embeddable":true,"href":"https:\/\/www.argensend.com\/en\/wp-json\/wp\/v2\/product_brand?post=59352"},{"taxonomy":"product_cat","embeddable":true,"href":"https:\/\/www.argensend.com\/en\/wp-json\/wp\/v2\/product_cat?post=59352"},{"taxonomy":"product_tag","embeddable":true,"href":"https:\/\/www.argensend.com\/en\/wp-json\/wp\/v2\/product_tag?post=59352"}],"curies":[{"name":"wp","href":"https:\/\/api.w.org\/{rel}","templated":true}]}}