{"id":59378,"date":"2023-01-18T11:22:59","date_gmt":"2023-01-18T14:22:59","guid":{"rendered":"https:\/\/www.argensend.com\/?post_type=product&#038;p=59378"},"modified":"2024-12-06T16:33:06","modified_gmt":"2024-12-06T19:33:06","slug":"juliana-valija-grande-veterinaria-big-veterinary-suitcase","status":"publish","type":"product","link":"https:\/\/www.argensend.com\/en\/product\/juliana-valija-grande-veterinaria-big-veterinary-suitcase\/","title":{"rendered":"Juliana &#8211; Valija Grande Veterinaria"},"content":{"rendered":"<p>Incluye: dos mascotas de peluche ( sin elecci\u00f3n): Peine &#8211; Term\u00f3metro -Cucharita -Jeringa &#8211; Pinza &#8211; Algodonera -Remedios y muchos m\u00e1s. Medidas aproximadas: 26 cm Ancho x 20 cm Alto<br \/>\nEdad recomendada: +3 a\u00f1os.<\/p>","protected":false},"excerpt":{"rendered":"<p>Sentite una Veterinaria con esta nueva y completa valija de Juliana con todos los instrumentos para poder curar a los animalitos que quieras.<\/p>","protected":false},"featured_media":59381,"comment_status":"closed","ping_status":"closed","template":"","meta":{"_acf_changed":false,"om_disable_all_campaigns":false,"_monsterinsights_skip_tracking":false,"_monsterinsights_sitenote_active":false,"_monsterinsights_sitenote_note":"","_monsterinsights_sitenote_category":0},"etheme_brands":[],"product_brand":[],"product_cat":[2202,140],"product_tag":[10631],"class_list":{"0":"post-59378","1":"product","2":"type-product","3":"status-publish","4":"has-post-thumbnail","6":"product_cat-juegos-ninos","7":"product_cat-juegos","8":"product_tag-xmass24","10":"first","11":"instock","12":"taxable","13":"shipping-taxable","14":"purchasable","15":"product-type-simple"},"acf":[],"aioseo_notices":[],"_links":{"self":[{"href":"https:\/\/www.argensend.com\/en\/wp-json\/wp\/v2\/product\/59378","targetHints":{"allow":["GET"]}}],"collection":[{"href":"https:\/\/www.argensend.com\/en\/wp-json\/wp\/v2\/product"}],"about":[{"href":"https:\/\/www.argensend.com\/en\/wp-json\/wp\/v2\/types\/product"}],"replies":[{"embeddable":true,"href":"https:\/\/www.argensend.com\/en\/wp-json\/wp\/v2\/comments?post=59378"}],"version-history":[{"count":4,"href":"https:\/\/www.argensend.com\/en\/wp-json\/wp\/v2\/product\/59378\/revisions"}],"predecessor-version":[{"id":115721,"href":"https:\/\/www.argensend.com\/en\/wp-json\/wp\/v2\/product\/59378\/revisions\/115721"}],"wp:featuredmedia":[{"embeddable":true,"href":"https:\/\/www.argensend.com\/en\/wp-json\/wp\/v2\/media\/59381"}],"wp:attachment":[{"href":"https:\/\/www.argensend.com\/en\/wp-json\/wp\/v2\/media?parent=59378"}],"wp:term":[{"taxonomy":"brand","embeddable":true,"href":"https:\/\/www.argensend.com\/en\/wp-json\/wp\/v2\/etheme_brands?post=59378"},{"taxonomy":"product_brand","embeddable":true,"href":"https:\/\/www.argensend.com\/en\/wp-json\/wp\/v2\/product_brand?post=59378"},{"taxonomy":"product_cat","embeddable":true,"href":"https:\/\/www.argensend.com\/en\/wp-json\/wp\/v2\/product_cat?post=59378"},{"taxonomy":"product_tag","embeddable":true,"href":"https:\/\/www.argensend.com\/en\/wp-json\/wp\/v2\/product_tag?post=59378"}],"curies":[{"name":"wp","href":"https:\/\/api.w.org\/{rel}","templated":true}]}}