{"id":59395,"date":"2023-01-18T11:40:34","date_gmt":"2023-01-18T14:40:34","guid":{"rendered":"https:\/\/www.argensend.com\/?post_type=product&#038;p=59395"},"modified":"2024-12-06T16:33:06","modified_gmt":"2024-12-06T19:33:06","slug":"juliana-valija-mama-mothers-suitcase","status":"publish","type":"product","link":"https:\/\/www.argensend.com\/en\/product\/juliana-valija-mama-mothers-suitcase\/","title":{"rendered":"Juliana &#8211; Valija Chica Mam\u00e1"},"content":{"rendered":"<p>Incluye: Tarrito de talco y algod\u00f3n &#8211; Pa\u00f1al &#8211; Cepillo &#8211; Peine &#8211; Mamadera &#8211; Mordillo &#8211; Crema &#8211; Vaso para el bebe &#8211; Esponja.<br \/>\nMedidas: 19 cm x 13 cm x 6.5 cm aprox.<br \/>\nEdad recomendada: +3 a\u00f1os<\/p>","protected":false},"excerpt":{"rendered":"<p>Jug\u00e1 a ser Mam\u00e1 con la Valija Juliana!<\/p>","protected":false},"featured_media":59396,"comment_status":"closed","ping_status":"closed","template":"","meta":{"_acf_changed":false,"om_disable_all_campaigns":false,"_monsterinsights_skip_tracking":false,"_monsterinsights_sitenote_active":false,"_monsterinsights_sitenote_note":"","_monsterinsights_sitenote_category":0},"etheme_brands":[],"product_brand":[],"product_cat":[2202],"product_tag":[10631],"class_list":{"0":"post-59395","1":"product","2":"type-product","3":"status-publish","4":"has-post-thumbnail","6":"product_cat-juegos-ninos","7":"product_tag-xmass24","9":"first","10":"instock","11":"taxable","12":"shipping-taxable","13":"purchasable","14":"product-type-simple"},"acf":[],"aioseo_notices":[],"_links":{"self":[{"href":"https:\/\/www.argensend.com\/en\/wp-json\/wp\/v2\/product\/59395","targetHints":{"allow":["GET"]}}],"collection":[{"href":"https:\/\/www.argensend.com\/en\/wp-json\/wp\/v2\/product"}],"about":[{"href":"https:\/\/www.argensend.com\/en\/wp-json\/wp\/v2\/types\/product"}],"replies":[{"embeddable":true,"href":"https:\/\/www.argensend.com\/en\/wp-json\/wp\/v2\/comments?post=59395"}],"version-history":[{"count":3,"href":"https:\/\/www.argensend.com\/en\/wp-json\/wp\/v2\/product\/59395\/revisions"}],"predecessor-version":[{"id":115714,"href":"https:\/\/www.argensend.com\/en\/wp-json\/wp\/v2\/product\/59395\/revisions\/115714"}],"wp:featuredmedia":[{"embeddable":true,"href":"https:\/\/www.argensend.com\/en\/wp-json\/wp\/v2\/media\/59396"}],"wp:attachment":[{"href":"https:\/\/www.argensend.com\/en\/wp-json\/wp\/v2\/media?parent=59395"}],"wp:term":[{"taxonomy":"brand","embeddable":true,"href":"https:\/\/www.argensend.com\/en\/wp-json\/wp\/v2\/etheme_brands?post=59395"},{"taxonomy":"product_brand","embeddable":true,"href":"https:\/\/www.argensend.com\/en\/wp-json\/wp\/v2\/product_brand?post=59395"},{"taxonomy":"product_cat","embeddable":true,"href":"https:\/\/www.argensend.com\/en\/wp-json\/wp\/v2\/product_cat?post=59395"},{"taxonomy":"product_tag","embeddable":true,"href":"https:\/\/www.argensend.com\/en\/wp-json\/wp\/v2\/product_tag?post=59395"}],"curies":[{"name":"wp","href":"https:\/\/api.w.org\/{rel}","templated":true}]}}