{"id":59595,"date":"2023-01-19T16:19:55","date_gmt":"2023-01-19T19:19:55","guid":{"rendered":"https:\/\/www.argensend.com\/?post_type=product&#038;p=59595"},"modified":"2024-12-06T16:33:19","modified_gmt":"2024-12-06T19:33:19","slug":"jarra-fernetera-boca-juniors-cincelad-artesanal-1-litro-pitcher-fernetera","status":"publish","type":"product","link":"https:\/\/www.argensend.com\/en\/product\/jarra-fernetera-boca-juniors-cincelad-artesanal-1-litro-pitcher-fernetera\/","title":{"rendered":"Jarra &#8211; Fernetera Boca Juniors Cincelad Artesanal 1lt"},"content":{"rendered":"","protected":false},"excerpt":{"rendered":"<p>ATENCION: Este producto es artesanal, por lo tanto \u00e9l mismo tardara 3 d\u00edas h\u00e1biles en llegar a nuestra oficina.<\/p>\n<p>Modelo Jarra<br \/>\nTipo de producto Vaso<br \/>\nFormato de venta Unidad<br \/>\nUnidades por pack 1<br \/>\nCapacidad en volumen 1 L<br \/>\nOtros<br \/>\nAltura: 18 cm<br \/>\nDi\u00e1metro de la boca: 10 cm<br \/>\nMaterial: Aluminio<br \/>\nEs producto personalizado: No<br \/>\nBebidas recomendadas: Cerveza,Fernet.<\/p>\n<p>EN:<\/p>\n<p>ATTENTION: This product is handmade, therefore it will take 3 working days to arrive to our office.<\/p>\n<p>Model Carafe<br \/>\nProduct type Tumbler<br \/>\nSales format Unit<br \/>\nUnits per pack 1<br \/>\nVolume capacity 1 L<br \/>\nOther<br \/>\nHeight: 18 cm<br \/>\nMouth diameter: 10 cm<br \/>\nMaterial: Aluminum<br \/>\nCustomized product: No<br \/>\nRecommended beverages: Beer,Fernet<\/p>","protected":false},"featured_media":59586,"comment_status":"closed","ping_status":"closed","template":"","meta":{"_acf_changed":false,"om_disable_all_campaigns":false,"_monsterinsights_skip_tracking":false,"_monsterinsights_sitenote_active":false,"_monsterinsights_sitenote_note":"","_monsterinsights_sitenote_category":0},"etheme_brands":[],"product_brand":[],"product_cat":[8794,1025],"product_tag":[3471,5931,5396,1976,3152,3370,1121,9403,2169],"class_list":{"0":"post-59595","1":"product","2":"type-product","3":"status-publish","4":"has-post-thumbnail","6":"product_cat-bazar","7":"product_cat-boca-juniors","8":"product_tag-bandera","9":"product_tag-campeones","10":"product_tag-champion","11":"product_tag-messi","12":"product_tag-mug","13":"product_tag-mundial","14":"product_tag-qatar","15":"product_tag-scaloneta","16":"product_tag-taza","18":"first","19":"instock","20":"taxable","21":"shipping-taxable","22":"purchasable","23":"product-type-simple"},"acf":[],"aioseo_notices":[],"_links":{"self":[{"href":"https:\/\/www.argensend.com\/en\/wp-json\/wp\/v2\/product\/59595","targetHints":{"allow":["GET"]}}],"collection":[{"href":"https:\/\/www.argensend.com\/en\/wp-json\/wp\/v2\/product"}],"about":[{"href":"https:\/\/www.argensend.com\/en\/wp-json\/wp\/v2\/types\/product"}],"replies":[{"embeddable":true,"href":"https:\/\/www.argensend.com\/en\/wp-json\/wp\/v2\/comments?post=59595"}],"version-history":[{"count":2,"href":"https:\/\/www.argensend.com\/en\/wp-json\/wp\/v2\/product\/59595\/revisions"}],"predecessor-version":[{"id":102470,"href":"https:\/\/www.argensend.com\/en\/wp-json\/wp\/v2\/product\/59595\/revisions\/102470"}],"wp:featuredmedia":[{"embeddable":true,"href":"https:\/\/www.argensend.com\/en\/wp-json\/wp\/v2\/media\/59586"}],"wp:attachment":[{"href":"https:\/\/www.argensend.com\/en\/wp-json\/wp\/v2\/media?parent=59595"}],"wp:term":[{"taxonomy":"brand","embeddable":true,"href":"https:\/\/www.argensend.com\/en\/wp-json\/wp\/v2\/etheme_brands?post=59595"},{"taxonomy":"product_brand","embeddable":true,"href":"https:\/\/www.argensend.com\/en\/wp-json\/wp\/v2\/product_brand?post=59595"},{"taxonomy":"product_cat","embeddable":true,"href":"https:\/\/www.argensend.com\/en\/wp-json\/wp\/v2\/product_cat?post=59595"},{"taxonomy":"product_tag","embeddable":true,"href":"https:\/\/www.argensend.com\/en\/wp-json\/wp\/v2\/product_tag?post=59595"}],"curies":[{"name":"wp","href":"https:\/\/api.w.org\/{rel}","templated":true}]}}