{"id":59870,"date":"2023-01-24T14:42:30","date_gmt":"2023-01-24T17:42:30","guid":{"rendered":"https:\/\/www.argensend.com\/?post_type=product&#038;p=59870"},"modified":"2024-12-06T16:33:29","modified_gmt":"2024-12-06T19:33:29","slug":"portallaves-boca-juniors-boca-juniors-key-holder","status":"publish","type":"product","link":"https:\/\/www.argensend.com\/en\/product\/portallaves-boca-juniors-boca-juniors-key-holder\/","title":{"rendered":"Portallaves Boca Juniors"},"content":{"rendered":"","protected":false},"excerpt":{"rendered":"<p>Portallaves y repisa multiuso de madera impresa de 5,5 mm.<br \/>\nListos para colgar, de estilo minimista, que buscan ser la m\u00ednima expresi\u00f3n en soporte f\u00edsico, dando mayor protagonismo a la imagen impresa.<br \/>\nEl tama\u00f1o del portallaves es 32 x 24 cm.<br \/>\nProfundidad: 3 cm.<\/p>","protected":false},"featured_media":59878,"comment_status":"closed","ping_status":"closed","template":"","meta":{"_acf_changed":false,"om_disable_all_campaigns":false,"_monsterinsights_skip_tracking":false,"_monsterinsights_sitenote_active":false,"_monsterinsights_sitenote_note":"","_monsterinsights_sitenote_category":0},"etheme_brands":[],"product_brand":[],"product_cat":[3944,1025],"product_tag":[783,3417,5931,5396,6586,9495,1050,1976,9496,1121,9403,9494],"class_list":{"0":"post-59870","1":"product","2":"type-product","3":"status-publish","4":"has-post-thumbnail","6":"product_cat-articulos-decorativos","7":"product_cat-boca-juniors","8":"product_tag-783","9":"product_tag-campeon","10":"product_tag-campeones","11":"product_tag-champion","12":"product_tag-copas","13":"product_tag-escaloneta","14":"product_tag-futbol","15":"product_tag-messi","16":"product_tag-mundia","17":"product_tag-qatar","18":"product_tag-scaloneta","19":"product_tag-scalonetta","21":"first","22":"instock","23":"taxable","24":"shipping-taxable","25":"purchasable","26":"product-type-simple"},"acf":[],"aioseo_notices":[],"_links":{"self":[{"href":"https:\/\/www.argensend.com\/en\/wp-json\/wp\/v2\/product\/59870","targetHints":{"allow":["GET"]}}],"collection":[{"href":"https:\/\/www.argensend.com\/en\/wp-json\/wp\/v2\/product"}],"about":[{"href":"https:\/\/www.argensend.com\/en\/wp-json\/wp\/v2\/types\/product"}],"replies":[{"embeddable":true,"href":"https:\/\/www.argensend.com\/en\/wp-json\/wp\/v2\/comments?post=59870"}],"version-history":[{"count":1,"href":"https:\/\/www.argensend.com\/en\/wp-json\/wp\/v2\/product\/59870\/revisions"}],"predecessor-version":[{"id":72439,"href":"https:\/\/www.argensend.com\/en\/wp-json\/wp\/v2\/product\/59870\/revisions\/72439"}],"wp:featuredmedia":[{"embeddable":true,"href":"https:\/\/www.argensend.com\/en\/wp-json\/wp\/v2\/media\/59878"}],"wp:attachment":[{"href":"https:\/\/www.argensend.com\/en\/wp-json\/wp\/v2\/media?parent=59870"}],"wp:term":[{"taxonomy":"brand","embeddable":true,"href":"https:\/\/www.argensend.com\/en\/wp-json\/wp\/v2\/etheme_brands?post=59870"},{"taxonomy":"product_brand","embeddable":true,"href":"https:\/\/www.argensend.com\/en\/wp-json\/wp\/v2\/product_brand?post=59870"},{"taxonomy":"product_cat","embeddable":true,"href":"https:\/\/www.argensend.com\/en\/wp-json\/wp\/v2\/product_cat?post=59870"},{"taxonomy":"product_tag","embeddable":true,"href":"https:\/\/www.argensend.com\/en\/wp-json\/wp\/v2\/product_tag?post=59870"}],"curies":[{"name":"wp","href":"https:\/\/api.w.org\/{rel}","templated":true}]}}