{"id":59948,"date":"2023-01-25T13:16:46","date_gmt":"2023-01-25T16:16:46","guid":{"rendered":"https:\/\/www.argensend.com\/?post_type=product&#038;p=59948"},"modified":"2024-12-06T16:33:30","modified_gmt":"2024-12-06T19:33:30","slug":"portallaves-kombi-classic-portallaves-kombi-classic","status":"publish","type":"product","link":"https:\/\/www.argensend.com\/en\/product\/portallaves-kombi-classic-portallaves-kombi-classic\/","title":{"rendered":"Portallaves Kombi Classic"},"content":{"rendered":"","protected":false},"excerpt":{"rendered":"<p style=\"text-align: left\">Portallaves y repisa multiuso de madera impresa de 5,5 mm.<br \/>\nListos para colgar, de estilo minimista, que buscan ser la m\u00ednima expresi\u00f3n en soporte f\u00edsico, dando mayor protagonismo a la imagen impresa.<br \/>\nEl tama\u00f1o del Porta Llaves es 32 x 24,5 cm<br \/>\nProfundidad: 3,5 cm<\/p>","protected":false},"featured_media":59952,"comment_status":"closed","ping_status":"closed","template":"","meta":{"_acf_changed":false,"om_disable_all_campaigns":false,"_monsterinsights_skip_tracking":false,"_monsterinsights_sitenote_active":false,"_monsterinsights_sitenote_note":"","_monsterinsights_sitenote_category":0},"etheme_brands":[],"product_brand":[],"product_cat":[3944],"product_tag":[783,4013,9611,9613,9612],"class_list":{"0":"post-59948","1":"product","2":"type-product","3":"status-publish","4":"has-post-thumbnail","6":"product_cat-articulos-decorativos","7":"product_tag-783","8":"product_tag-london","9":"product_tag-londres","10":"product_tag-newyork","11":"product_tag-portallaves","13":"first","14":"instock","15":"taxable","16":"shipping-taxable","17":"purchasable","18":"product-type-simple"},"acf":[],"aioseo_notices":[],"_links":{"self":[{"href":"https:\/\/www.argensend.com\/en\/wp-json\/wp\/v2\/product\/59948","targetHints":{"allow":["GET"]}}],"collection":[{"href":"https:\/\/www.argensend.com\/en\/wp-json\/wp\/v2\/product"}],"about":[{"href":"https:\/\/www.argensend.com\/en\/wp-json\/wp\/v2\/types\/product"}],"replies":[{"embeddable":true,"href":"https:\/\/www.argensend.com\/en\/wp-json\/wp\/v2\/comments?post=59948"}],"version-history":[{"count":2,"href":"https:\/\/www.argensend.com\/en\/wp-json\/wp\/v2\/product\/59948\/revisions"}],"predecessor-version":[{"id":72433,"href":"https:\/\/www.argensend.com\/en\/wp-json\/wp\/v2\/product\/59948\/revisions\/72433"}],"wp:featuredmedia":[{"embeddable":true,"href":"https:\/\/www.argensend.com\/en\/wp-json\/wp\/v2\/media\/59952"}],"wp:attachment":[{"href":"https:\/\/www.argensend.com\/en\/wp-json\/wp\/v2\/media?parent=59948"}],"wp:term":[{"taxonomy":"brand","embeddable":true,"href":"https:\/\/www.argensend.com\/en\/wp-json\/wp\/v2\/etheme_brands?post=59948"},{"taxonomy":"product_brand","embeddable":true,"href":"https:\/\/www.argensend.com\/en\/wp-json\/wp\/v2\/product_brand?post=59948"},{"taxonomy":"product_cat","embeddable":true,"href":"https:\/\/www.argensend.com\/en\/wp-json\/wp\/v2\/product_cat?post=59948"},{"taxonomy":"product_tag","embeddable":true,"href":"https:\/\/www.argensend.com\/en\/wp-json\/wp\/v2\/product_tag?post=59948"}],"curies":[{"name":"wp","href":"https:\/\/api.w.org\/{rel}","templated":true}]}}