{"id":59953,"date":"2023-01-25T13:42:07","date_gmt":"2023-01-25T16:42:07","guid":{"rendered":"https:\/\/www.argensend.com\/?post_type=product&#038;p=59953"},"modified":"2025-04-21T13:55:28","modified_gmt":"2025-04-21T16:55:28","slug":"nestum-leche-infantil-kids-banana-x-190-ml-kids-banana-infant-milk-x-3-unidades","status":"publish","type":"product","link":"https:\/\/www.argensend.com\/en\/product\/nestum-leche-infantil-kids-banana-x-190-ml-kids-banana-infant-milk-x-3-unidades\/","title":{"rendered":"Nestum &#8211; Alimento de Bebe Cereal Infantil Arroz &#8211; 225gr x2 Unidades"},"content":{"rendered":"","protected":false},"excerpt":{"rendered":"<article>\n<h2>Descubr\u00ed NESTUM\u00ae Arroz<\/h2>\n<p>Eleg\u00ed NESTUM\u00ae Arroz y brindale a tu beb\u00e9 todos los beneficios del cereal. Con vitaminas, probi\u00f3ticos y minerales, este alimento complementario es perfecto para disfrutar del sabor natural, sin az\u00facar agregada, a partir de los 6 meses.<\/p>\n<h3>Porque elegir NESTUM\u00ae Arroz<\/h3>\n<ul>\n<li>Softpack de 225 gramos, ideal para una alimentaci\u00f3n pr\u00e1ctica y saludable.<\/li>\n<li>Fortificado con hierro y zinc, nutrientes esenciales para el crecimiento.<\/li>\n<li>Sin az\u00facar agregada, para que tu beb\u00e9 saboree lo mejor de los cereales.<\/li>\n<li>Alimento complementario, recomendado a partir de los 6 meses.<\/li>\n<\/ul>\n<\/article>\n<div>\n<div class=\"v-c_descripcion_subtitle\">Ingredientes<\/div>\n<article>Harina de arroz, az\u00facar, fosfato dipot\u00e1sico, vitamina a, vitamina d, vitamina e, vitamina c, niacina, vitamina b1, pantotenato de calcio, vitamina b6, \u00e1cido f\u00f3lico, biotina, sulfato de zinc, fumarato ferroso, cultivos bifidus bifidobacterium lactis, aromatizante vainillina<\/article>\n<\/div>\n<div>\n<div class=\"v-c_descripcion_subtitle\">Puede contener<\/div>\n<article>Derivados de trigo, leche<\/article>\n<\/div>","protected":false},"featured_media":118227,"comment_status":"closed","ping_status":"closed","template":"","meta":{"_acf_changed":false,"om_disable_all_campaigns":false,"_monsterinsights_skip_tracking":false,"_monsterinsights_sitenote_active":false,"_monsterinsights_sitenote_note":"","_monsterinsights_sitenote_category":0},"etheme_brands":[],"product_brand":[],"product_cat":[85],"product_tag":[890,69,10609,894,887,904,905],"class_list":{"0":"post-59953","1":"product","2":"type-product","3":"status-publish","4":"has-post-thumbnail","6":"product_cat-bebidas","7":"product_tag-890","8":"product_tag-leche","9":"product_tag-nestum","10":"product_tag-nutrilon","11":"product_tag-polvo","12":"product_tag-proexpert","13":"product_tag-sin-lactosa","15":"first","16":"instock","17":"taxable","18":"shipping-taxable","19":"purchasable","20":"product-type-simple"},"acf":[],"aioseo_notices":[],"_links":{"self":[{"href":"https:\/\/www.argensend.com\/en\/wp-json\/wp\/v2\/product\/59953","targetHints":{"allow":["GET"]}}],"collection":[{"href":"https:\/\/www.argensend.com\/en\/wp-json\/wp\/v2\/product"}],"about":[{"href":"https:\/\/www.argensend.com\/en\/wp-json\/wp\/v2\/types\/product"}],"replies":[{"embeddable":true,"href":"https:\/\/www.argensend.com\/en\/wp-json\/wp\/v2\/comments?post=59953"}],"version-history":[{"count":4,"href":"https:\/\/www.argensend.com\/en\/wp-json\/wp\/v2\/product\/59953\/revisions"}],"predecessor-version":[{"id":118229,"href":"https:\/\/www.argensend.com\/en\/wp-json\/wp\/v2\/product\/59953\/revisions\/118229"}],"wp:featuredmedia":[{"embeddable":true,"href":"https:\/\/www.argensend.com\/en\/wp-json\/wp\/v2\/media\/118227"}],"wp:attachment":[{"href":"https:\/\/www.argensend.com\/en\/wp-json\/wp\/v2\/media?parent=59953"}],"wp:term":[{"taxonomy":"brand","embeddable":true,"href":"https:\/\/www.argensend.com\/en\/wp-json\/wp\/v2\/etheme_brands?post=59953"},{"taxonomy":"product_brand","embeddable":true,"href":"https:\/\/www.argensend.com\/en\/wp-json\/wp\/v2\/product_brand?post=59953"},{"taxonomy":"product_cat","embeddable":true,"href":"https:\/\/www.argensend.com\/en\/wp-json\/wp\/v2\/product_cat?post=59953"},{"taxonomy":"product_tag","embeddable":true,"href":"https:\/\/www.argensend.com\/en\/wp-json\/wp\/v2\/product_tag?post=59953"}],"curies":[{"name":"wp","href":"https:\/\/api.w.org\/{rel}","templated":true}]}}