{"id":59966,"date":"2023-01-25T15:49:41","date_gmt":"2023-01-25T18:49:41","guid":{"rendered":"https:\/\/www.argensend.com\/?post_type=product&#038;p=59966"},"modified":"2024-12-06T16:33:31","modified_gmt":"2024-12-06T19:33:31","slug":"libro-guerra-de-harina-en-tucuman-book-flour-war-in-tucuman","status":"publish","type":"product","link":"https:\/\/www.argensend.com\/en\/product\/libro-guerra-de-harina-en-tucuman-book-flour-war-in-tucuman\/","title":{"rendered":"Libro &#8211; Guerra de Harina en Tucuman"},"content":{"rendered":"","protected":false},"excerpt":{"rendered":"<p>Editorial: Hola Chicos<\/p>\n<p>Autor: Fernando Onetto<\/p>\n<p>Faustino era un morenito de apenas seis a\u00f1osque viv\u00eda en un ranchito cerca de la ciudad de San Miguel de Tucum\u00e1n. Desde que su padre fue a la guerra, sin moverse de su cama vigilaba durante las noches si ven\u00edan los \u00bfrilistas\u00bf, quer\u00eda ser valiente como su pap\u00e1. Una tarde de fiesta, una tradicional batalla de harina se desat\u00f3 en la plaza de la ciudad. Con su hermana, su amigo Olegario y Gertrudis Baz\u00e1n disfrutaban el festejo cuando alguien grit\u00f3: \u00a1Viva la Patria! Ese d\u00eda, 9 de julio de 1816, se declar\u00f3 nuestra independencia.<\/p>\n<p>EN:<\/p>\n<p>Publisher: Hola Chicos<\/p>\n<p>Author: Fernando Onetto<\/p>\n<p>Faustino was a little brown boy, barely six years old, who lived in a little ranch near the city of San Miguel de Tucum\u00e1n. Ever since his father went to war, without moving from his bed he watched at night if the \u00bfrilistas\u00bf came, he wanted to be brave like his father. One festive afternoon, a traditional flour battle broke out in the city\u00bfs square. With his sister, his friend Olegario and Gertrudis Baz\u00e1n, he was enjoying the festivities when someone shouted: \u00a1Viva la Patria! On that day, July 9, 1816, our independence was declared.<\/p>\n<p>&nbsp;<\/p>","protected":false},"featured_media":59967,"comment_status":"closed","ping_status":"closed","template":"","meta":{"_acf_changed":false,"om_disable_all_campaigns":false,"_monsterinsights_skip_tracking":false,"_monsterinsights_sitenote_active":false,"_monsterinsights_sitenote_note":"","_monsterinsights_sitenote_category":0},"etheme_brands":[],"product_brand":[],"product_cat":[685,4227],"product_tag":[203,755,4732,3858,68,5663,3829,3746,3998,3731,70,752,4733,1058,9141],"class_list":{"0":"post-59966","1":"product","2":"type-product","3":"status-publish","4":"has-post-thumbnail","6":"product_cat-libros","7":"product_cat-libros-infantiles-juveniles","8":"product_tag-argentina","9":"product_tag-book","10":"product_tag-books","11":"product_tag-children","12":"product_tag-de","13":"product_tag-en","14":"product_tag-espanol","15":"product_tag-guerra","16":"product_tag-harina","17":"product_tag-historia","18":"product_tag-la","19":"product_tag-libro","20":"product_tag-libros","21":"product_tag-ninos","22":"product_tag-tucuman","24":"first","25":"instock","26":"taxable","27":"shipping-taxable","28":"purchasable","29":"product-type-simple"},"acf":[],"aioseo_notices":[],"_links":{"self":[{"href":"https:\/\/www.argensend.com\/en\/wp-json\/wp\/v2\/product\/59966","targetHints":{"allow":["GET"]}}],"collection":[{"href":"https:\/\/www.argensend.com\/en\/wp-json\/wp\/v2\/product"}],"about":[{"href":"https:\/\/www.argensend.com\/en\/wp-json\/wp\/v2\/types\/product"}],"replies":[{"embeddable":true,"href":"https:\/\/www.argensend.com\/en\/wp-json\/wp\/v2\/comments?post=59966"}],"version-history":[{"count":3,"href":"https:\/\/www.argensend.com\/en\/wp-json\/wp\/v2\/product\/59966\/revisions"}],"predecessor-version":[{"id":102982,"href":"https:\/\/www.argensend.com\/en\/wp-json\/wp\/v2\/product\/59966\/revisions\/102982"}],"wp:featuredmedia":[{"embeddable":true,"href":"https:\/\/www.argensend.com\/en\/wp-json\/wp\/v2\/media\/59967"}],"wp:attachment":[{"href":"https:\/\/www.argensend.com\/en\/wp-json\/wp\/v2\/media?parent=59966"}],"wp:term":[{"taxonomy":"brand","embeddable":true,"href":"https:\/\/www.argensend.com\/en\/wp-json\/wp\/v2\/etheme_brands?post=59966"},{"taxonomy":"product_brand","embeddable":true,"href":"https:\/\/www.argensend.com\/en\/wp-json\/wp\/v2\/product_brand?post=59966"},{"taxonomy":"product_cat","embeddable":true,"href":"https:\/\/www.argensend.com\/en\/wp-json\/wp\/v2\/product_cat?post=59966"},{"taxonomy":"product_tag","embeddable":true,"href":"https:\/\/www.argensend.com\/en\/wp-json\/wp\/v2\/product_tag?post=59966"}],"curies":[{"name":"wp","href":"https:\/\/api.w.org\/{rel}","templated":true}]}}