{"id":60000,"date":"2023-01-25T16:34:46","date_gmt":"2023-01-25T19:34:46","guid":{"rendered":"https:\/\/www.argensend.com\/?post_type=product&#038;p=60000"},"modified":"2024-12-06T16:33:32","modified_gmt":"2024-12-06T19:33:32","slug":"libro-letramania-5-seguimos-escribiendo-en-cursiva-book-letramania-5-we-continue-writing-in-cursive","status":"publish","type":"product","link":"https:\/\/www.argensend.com\/en\/product\/libro-letramania-5-seguimos-escribiendo-en-cursiva-book-letramania-5-we-continue-writing-in-cursive\/","title":{"rendered":"Libro &#8211; LetraMan\u00eda 5 Seguimos Escribiendo en Cursiva"},"content":{"rendered":"","protected":false},"excerpt":{"rendered":"<p>Editorial: Kel<\/p>\n<p>Autor: Sara Ines Gomez Carrillo \/ Sally Johnson<\/p>\n<p>Jugamos y escribimos en cursiva Este libro, cuarto de la serie &#8220;Letraman\u00eda&#8221;, es una propuesta l\u00fadica y creativa dedicada alaprendizaje de la lectoescritura en letra cursiva. Mediante el juego, su v\u00eda natural de expresi\u00f3n, los chicos dar\u00e1n los primeros pasos en el fascinante mundo del lenguaje escrito.<\/p>\n<p>EN:<\/p>\n<p>Publisher: Kel<\/p>\n<p>Author: Sara Ines Gomez Carrillo \/ Sally Johnson<\/p>\n<p>We play and write in cursive This book, the fourth in the &#8220;Letraman\u00eda&#8221; series, is a playful and creative proposal dedicated to learning to read and write in cursive. Through play, their natural way of expression, children will take their first steps in the fascinating world of written language.<\/p>","protected":false},"featured_media":60004,"comment_status":"closed","ping_status":"closed","template":"","meta":{"_acf_changed":false,"om_disable_all_campaigns":false,"_monsterinsights_skip_tracking":false,"_monsterinsights_sitenote_active":false,"_monsterinsights_sitenote_note":"","_monsterinsights_sitenote_category":0},"etheme_brands":[],"product_brand":[],"product_cat":[685,4227],"product_tag":[9622,9623,203,755,4732,3858,9594,3479,9595,9624,3829,3731,1052,4727,9627,752,4733,1058],"class_list":{"0":"post-60000","1":"product","2":"type-product","3":"status-publish","4":"has-post-thumbnail","6":"product_cat-libros","7":"product_cat-libros-infantiles-juveniles","8":"product_tag-aprender","9":"product_tag-aprendiendo","10":"product_tag-argentina","11":"product_tag-book","12":"product_tag-books","13":"product_tag-children","14":"product_tag-cursiva","15":"product_tag-escribir","16":"product_tag-escribo","17":"product_tag-escritura","18":"product_tag-espanol","19":"product_tag-historia","20":"product_tag-juegos","21":"product_tag-leer","22":"product_tag-leo","23":"product_tag-libro","24":"product_tag-libros","25":"product_tag-ninos","27":"first","28":"instock","29":"taxable","30":"shipping-taxable","31":"purchasable","32":"product-type-simple"},"acf":[],"aioseo_notices":[],"_links":{"self":[{"href":"https:\/\/www.argensend.com\/en\/wp-json\/wp\/v2\/product\/60000","targetHints":{"allow":["GET"]}}],"collection":[{"href":"https:\/\/www.argensend.com\/en\/wp-json\/wp\/v2\/product"}],"about":[{"href":"https:\/\/www.argensend.com\/en\/wp-json\/wp\/v2\/types\/product"}],"replies":[{"embeddable":true,"href":"https:\/\/www.argensend.com\/en\/wp-json\/wp\/v2\/comments?post=60000"}],"version-history":[{"count":2,"href":"https:\/\/www.argensend.com\/en\/wp-json\/wp\/v2\/product\/60000\/revisions"}],"predecessor-version":[{"id":102988,"href":"https:\/\/www.argensend.com\/en\/wp-json\/wp\/v2\/product\/60000\/revisions\/102988"}],"wp:featuredmedia":[{"embeddable":true,"href":"https:\/\/www.argensend.com\/en\/wp-json\/wp\/v2\/media\/60004"}],"wp:attachment":[{"href":"https:\/\/www.argensend.com\/en\/wp-json\/wp\/v2\/media?parent=60000"}],"wp:term":[{"taxonomy":"brand","embeddable":true,"href":"https:\/\/www.argensend.com\/en\/wp-json\/wp\/v2\/etheme_brands?post=60000"},{"taxonomy":"product_brand","embeddable":true,"href":"https:\/\/www.argensend.com\/en\/wp-json\/wp\/v2\/product_brand?post=60000"},{"taxonomy":"product_cat","embeddable":true,"href":"https:\/\/www.argensend.com\/en\/wp-json\/wp\/v2\/product_cat?post=60000"},{"taxonomy":"product_tag","embeddable":true,"href":"https:\/\/www.argensend.com\/en\/wp-json\/wp\/v2\/product_tag?post=60000"}],"curies":[{"name":"wp","href":"https:\/\/api.w.org\/{rel}","templated":true}]}}