{"id":60067,"date":"2023-01-26T11:21:55","date_gmt":"2023-01-26T14:21:55","guid":{"rendered":"https:\/\/www.argensend.com\/?post_type=product&#038;p=60067"},"modified":"2025-04-19T00:05:21","modified_gmt":"2025-04-19T03:05:21","slug":"mamuschka-mamuschka-caja-de-bombones-x-320gr-box-of-chocolates-x-11-28-oz","status":"publish","type":"product","link":"https:\/\/www.argensend.com\/en\/product\/mamuschka-mamuschka-caja-de-bombones-x-320gr-box-of-chocolates-x-11-28-oz\/","title":{"rendered":"Mamuschka &#8211; Caja Bombones &#8211; 320gr"},"content":{"rendered":"","protected":false},"excerpt":{"rendered":"<p>Una selecci\u00f3n de los bombones m\u00e1s cl\u00e1sicos y de los \u00faltimos lanzamientos:<\/p>\n<p>Bomb\u00f3n Frambuesa, Coraz\u00f3n de chocolate blanco y de chocolate con leche relleno con dulce de leche, Nuez con dulce de leche ba\u00f1ada en chocolate con leche, Cericette, Bastoncito de Pistachos, Bomb\u00f3n Berries a la Crema, Bomb\u00f3n Coraz\u00f3n de Avellana relleno con MamuschCream en chocolate con leche y blanco, Bomb\u00f3n de Menta, Bomb\u00f3n Capuccino, Marroc, Bomb\u00f3n Coraz\u00f3n de Cassis, Bomb\u00f3n Chapelco y Cascaritas de Naranja.<\/p>\n<div>Todos nuestros chocolates con leche, semi amargos y amargos son elaborados a partir de granos de cacao de origen en nuestra f\u00e1brica de Bariloche y son Sin TACC.<\/div>\n<div>EN:<\/div>\n<div>\n<p>A selection of the most classic chocolates and the latest launches:<\/p>\n<p>Raspberry Bonbon, White and Milk Chocolate Heart filled with dulce de leche, Nut with dulce de leche dipped in milk chocolate, Cericette, Pistachio Candy, Creamy Berry Bonbon, Hazelnut Heart Bonbon filled with MamuschCream in milk and white chocolate, Mint Bonbon, Capuccino Bonbon, Marroc, Cassis Heart Bonbon, Chapelco Bonbon and Orange Shells.<\/p>\n<p>All our milk, semi bitter and bitter chocolates are made from cocoa beans sourced in our factory in Bariloche and are TACC Free.<\/p>\n<\/div>","protected":false},"featured_media":60073,"comment_status":"closed","ping_status":"closed","template":"","meta":{"_acf_changed":false,"om_disable_all_campaigns":false,"_monsterinsights_skip_tracking":false,"_monsterinsights_sitenote_active":false,"_monsterinsights_sitenote_note":"","_monsterinsights_sitenote_category":0},"etheme_brands":[],"product_brand":[],"product_cat":[628,8803,78,7327],"product_tag":[162,2248,159,278,747,9183,160,3705,9629],"class_list":{"0":"post-60067","1":"product","2":"type-product","3":"status-publish","4":"has-post-thumbnail","6":"product_cat-chocolates","7":"product_cat-dulce-sin-tacc","8":"product_cat-golosinas","9":"product_cat-san-valentin","10":"product_tag-blanco","11":"product_tag-bombones","12":"product_tag-chocolate","13":"product_tag-free","14":"product_tag-gluten","15":"product_tag-mamuschka","16":"product_tag-patagonia","17":"product_tag-san","18":"product_tag-valentin","20":"first","21":"instock","22":"taxable","23":"shipping-taxable","24":"purchasable","25":"product-type-simple"},"acf":[],"aioseo_notices":[],"_links":{"self":[{"href":"https:\/\/www.argensend.com\/en\/wp-json\/wp\/v2\/product\/60067","targetHints":{"allow":["GET"]}}],"collection":[{"href":"https:\/\/www.argensend.com\/en\/wp-json\/wp\/v2\/product"}],"about":[{"href":"https:\/\/www.argensend.com\/en\/wp-json\/wp\/v2\/types\/product"}],"replies":[{"embeddable":true,"href":"https:\/\/www.argensend.com\/en\/wp-json\/wp\/v2\/comments?post=60067"}],"version-history":[{"count":2,"href":"https:\/\/www.argensend.com\/en\/wp-json\/wp\/v2\/product\/60067\/revisions"}],"predecessor-version":[{"id":103211,"href":"https:\/\/www.argensend.com\/en\/wp-json\/wp\/v2\/product\/60067\/revisions\/103211"}],"wp:featuredmedia":[{"embeddable":true,"href":"https:\/\/www.argensend.com\/en\/wp-json\/wp\/v2\/media\/60073"}],"wp:attachment":[{"href":"https:\/\/www.argensend.com\/en\/wp-json\/wp\/v2\/media?parent=60067"}],"wp:term":[{"taxonomy":"brand","embeddable":true,"href":"https:\/\/www.argensend.com\/en\/wp-json\/wp\/v2\/etheme_brands?post=60067"},{"taxonomy":"product_brand","embeddable":true,"href":"https:\/\/www.argensend.com\/en\/wp-json\/wp\/v2\/product_brand?post=60067"},{"taxonomy":"product_cat","embeddable":true,"href":"https:\/\/www.argensend.com\/en\/wp-json\/wp\/v2\/product_cat?post=60067"},{"taxonomy":"product_tag","embeddable":true,"href":"https:\/\/www.argensend.com\/en\/wp-json\/wp\/v2\/product_tag?post=60067"}],"curies":[{"name":"wp","href":"https:\/\/api.w.org\/{rel}","templated":true}]}}