{"id":60083,"date":"2023-01-26T11:33:03","date_gmt":"2023-01-26T14:33:03","guid":{"rendered":"https:\/\/www.argensend.com\/?post_type=product&#038;p=60083"},"modified":"2025-04-19T00:04:24","modified_gmt":"2025-04-19T03:04:24","slug":"mamuschka-lata-de-bombones-x-190gr-can-of-chocolates-x-6-70-oz","status":"publish","type":"product","link":"https:\/\/www.argensend.com\/en\/product\/mamuschka-lata-de-bombones-x-190gr-can-of-chocolates-x-6-70-oz\/","title":{"rendered":"Mamuschka &#8211; Lata de Bombones 190gr"},"content":{"rendered":"","protected":false},"excerpt":{"rendered":"<div>Contiene una selecci\u00f3n de los cl\u00e1sicos de Mamuschka: Nuez con dulce de leche ba\u00f1ada en chocolate blanco o leche, bomb\u00f3n guindado, bomb\u00f3n de vainilla con Cassis, coraz\u00f3n de chocolate blanco o leche relleno con dulce de leche, bomb\u00f3n con licor de calafate, coraz\u00f3n de avellanas con MamuschCream, bomb\u00f3n de capuccino, marroc, bomb\u00f3n de almendras, miel y canela, bomb\u00f3n de frambuesa, bomb\u00f3n de frambuesa a la crema, bomb\u00f3n de menta.<\/div>\n<div>\u00a0EN:<br \/>\nIt contains a selection of Mamuschka&#8217;s classics: Pecans with dulce de leche dipped in white or milk chocolate, chocolates with a cherry coating, vanilla chocolates with Cassis, white or milk chocolate hearts filled with dulce de leche, chocolates with calafate liqueur, hazelnut hearts with MamuschCream, cappuccino chocolates, marroc, almond, honey and cinnamon chocolates, raspberry chocolates, raspberry chocolates with cream, mint chocolates.<\/p>\n<\/div>","protected":false},"featured_media":60085,"comment_status":"closed","ping_status":"closed","template":"","meta":{"_acf_changed":false,"om_disable_all_campaigns":false,"_monsterinsights_skip_tracking":false,"_monsterinsights_sitenote_active":false,"_monsterinsights_sitenote_note":"","_monsterinsights_sitenote_category":0},"etheme_brands":[],"product_brand":[],"product_cat":[628,8803,78,7327],"product_tag":[162,2248,159,278,747,349,9183,160,3705,9629],"class_list":{"0":"post-60083","1":"product","2":"type-product","3":"status-publish","4":"has-post-thumbnail","6":"product_cat-chocolates","7":"product_cat-dulce-sin-tacc","8":"product_cat-golosinas","9":"product_cat-san-valentin","10":"product_tag-blanco","11":"product_tag-bombones","12":"product_tag-chocolate","13":"product_tag-free","14":"product_tag-gluten","15":"product_tag-lata","16":"product_tag-mamuschka","17":"product_tag-patagonia","18":"product_tag-san","19":"product_tag-valentin","21":"first","22":"instock","23":"taxable","24":"shipping-taxable","25":"purchasable","26":"product-type-simple"},"acf":[],"aioseo_notices":[],"_links":{"self":[{"href":"https:\/\/www.argensend.com\/en\/wp-json\/wp\/v2\/product\/60083","targetHints":{"allow":["GET"]}}],"collection":[{"href":"https:\/\/www.argensend.com\/en\/wp-json\/wp\/v2\/product"}],"about":[{"href":"https:\/\/www.argensend.com\/en\/wp-json\/wp\/v2\/types\/product"}],"replies":[{"embeddable":true,"href":"https:\/\/www.argensend.com\/en\/wp-json\/wp\/v2\/comments?post=60083"}],"version-history":[{"count":2,"href":"https:\/\/www.argensend.com\/en\/wp-json\/wp\/v2\/product\/60083\/revisions"}],"predecessor-version":[{"id":103232,"href":"https:\/\/www.argensend.com\/en\/wp-json\/wp\/v2\/product\/60083\/revisions\/103232"}],"wp:featuredmedia":[{"embeddable":true,"href":"https:\/\/www.argensend.com\/en\/wp-json\/wp\/v2\/media\/60085"}],"wp:attachment":[{"href":"https:\/\/www.argensend.com\/en\/wp-json\/wp\/v2\/media?parent=60083"}],"wp:term":[{"taxonomy":"brand","embeddable":true,"href":"https:\/\/www.argensend.com\/en\/wp-json\/wp\/v2\/etheme_brands?post=60083"},{"taxonomy":"product_brand","embeddable":true,"href":"https:\/\/www.argensend.com\/en\/wp-json\/wp\/v2\/product_brand?post=60083"},{"taxonomy":"product_cat","embeddable":true,"href":"https:\/\/www.argensend.com\/en\/wp-json\/wp\/v2\/product_cat?post=60083"},{"taxonomy":"product_tag","embeddable":true,"href":"https:\/\/www.argensend.com\/en\/wp-json\/wp\/v2\/product_tag?post=60083"}],"curies":[{"name":"wp","href":"https:\/\/api.w.org\/{rel}","templated":true}]}}