{"id":60269,"date":"2023-01-27T15:48:38","date_gmt":"2023-01-27T18:48:38","guid":{"rendered":"https:\/\/www.argensend.com\/?post_type=product&#038;p=60269"},"modified":"2025-05-26T16:45:02","modified_gmt":"2025-05-26T19:45:02","slug":"funda-para-valijas-mediana-boca-juniors-boca-juniors-suitcase-cover","status":"publish","type":"product","link":"https:\/\/www.argensend.com\/en\/product\/funda-para-valijas-mediana-boca-juniors-boca-juniors-suitcase-cover\/","title":{"rendered":"Funda para Valijas Mediana Boca Juniors"},"content":{"rendered":"","protected":false},"excerpt":{"rendered":"<p>Medidas: Entre 61 y 70 cm aproximadamente de largo<\/p>\n<p>Descripci\u00f3n<\/p>\n<p>Funda en tela de lycra expandible que protege a la valija de rayones y marcas. Brinda una f\u00e1cil identificaci\u00f3n visual, a la vez que aumenta la seguridad a trav\u00e9s de un cierre anti vandalismo en la parte inferior (hebilla con precinto; 3 precintos incluidos).<\/p>\n<p>EN:<\/p>\n<p>Measurements: Between 61 and 70 cm approximately long.<\/p>\n<p>Description<\/p>\n<p>Expandable lycra fabric cover that protects the suitcase from scratches and marks. It provides an easy visual identification, at the same time that increases the security through an anti-vandalism lock in the lower part (buckle with seal; 3 seals included).<\/p>\n<p>&nbsp;<\/p>","protected":false},"featured_media":60271,"comment_status":"closed","ping_status":"closed","template":"","meta":{"_acf_changed":false,"om_disable_all_campaigns":false,"_monsterinsights_skip_tracking":false,"_monsterinsights_sitenote_active":false,"_monsterinsights_sitenote_note":"","_monsterinsights_sitenote_category":0},"etheme_brands":[],"product_brand":[],"product_cat":[79,4005,1025,3438],"product_tag":[203,224,666,5167,5566,6577,3941],"class_list":{"0":"post-60269","1":"product","2":"type-product","3":"status-publish","4":"has-post-thumbnail","6":"product_cat-accesorios","7":"product_cat-argentina-40cm-x-60cm","8":"product_cat-boca-juniors","9":"product_cat-gift-shop-merchandising","10":"product_tag-argentina","11":"product_tag-argentino","12":"product_tag-boca","13":"product_tag-funda","14":"product_tag-travel","15":"product_tag-valija","16":"product_tag-viaje","18":"first","19":"instock","20":"taxable","21":"shipping-taxable","22":"purchasable","23":"product-type-simple"},"acf":[],"aioseo_notices":[],"_links":{"self":[{"href":"https:\/\/www.argensend.com\/en\/wp-json\/wp\/v2\/product\/60269","targetHints":{"allow":["GET"]}}],"collection":[{"href":"https:\/\/www.argensend.com\/en\/wp-json\/wp\/v2\/product"}],"about":[{"href":"https:\/\/www.argensend.com\/en\/wp-json\/wp\/v2\/types\/product"}],"replies":[{"embeddable":true,"href":"https:\/\/www.argensend.com\/en\/wp-json\/wp\/v2\/comments?post=60269"}],"version-history":[{"count":3,"href":"https:\/\/www.argensend.com\/en\/wp-json\/wp\/v2\/product\/60269\/revisions"}],"predecessor-version":[{"id":107160,"href":"https:\/\/www.argensend.com\/en\/wp-json\/wp\/v2\/product\/60269\/revisions\/107160"}],"wp:featuredmedia":[{"embeddable":true,"href":"https:\/\/www.argensend.com\/en\/wp-json\/wp\/v2\/media\/60271"}],"wp:attachment":[{"href":"https:\/\/www.argensend.com\/en\/wp-json\/wp\/v2\/media?parent=60269"}],"wp:term":[{"taxonomy":"brand","embeddable":true,"href":"https:\/\/www.argensend.com\/en\/wp-json\/wp\/v2\/etheme_brands?post=60269"},{"taxonomy":"product_brand","embeddable":true,"href":"https:\/\/www.argensend.com\/en\/wp-json\/wp\/v2\/product_brand?post=60269"},{"taxonomy":"product_cat","embeddable":true,"href":"https:\/\/www.argensend.com\/en\/wp-json\/wp\/v2\/product_cat?post=60269"},{"taxonomy":"product_tag","embeddable":true,"href":"https:\/\/www.argensend.com\/en\/wp-json\/wp\/v2\/product_tag?post=60269"}],"curies":[{"name":"wp","href":"https:\/\/api.w.org\/{rel}","templated":true}]}}