{"id":60278,"date":"2023-01-27T16:03:40","date_gmt":"2023-01-27T19:03:40","guid":{"rendered":"https:\/\/www.argensend.com\/?post_type=product&#038;p=60278"},"modified":"2025-05-26T16:45:13","modified_gmt":"2025-05-26T19:45:13","slug":"funda-para-valijas-mediana-indio-solari-indio-solari-medium-suitcase-cover","status":"publish","type":"product","link":"https:\/\/www.argensend.com\/en\/product\/funda-para-valijas-mediana-indio-solari-indio-solari-medium-suitcase-cover\/","title":{"rendered":"Funda para Valijas Mediana Indio Solari"},"content":{"rendered":"","protected":false},"excerpt":{"rendered":"<p>Medidas: 60 x 45<\/p>\n<p>Las fundas tienen un sistema de seguridad en el cierre, mediante un precinto, son 100% lavables, est\u00e1n hechas de tela 87% Poli\u00e9ster 13% Elastano.<\/p>\n<p>El Packaging es una bolsita muy pr\u00e1ctica, y contiene un identificador donde se encuentra impreso el dise\u00f1o de la funda y datos por si se extrav\u00eda la valija<\/p>\n<p>EN:<\/p>\n<p>Measurements: 60 x 45<\/p>\n<p>The cases have a security system in the closing, by means of a seal, are 100% washable, are made of fabric 87% Polyester 13% Elastane.<\/p>\n<p>The packaging is a very practical bag, and contains an identifier where the design of the cover and data is printed in case the suitcase is lost.<\/p>","protected":false},"featured_media":60281,"comment_status":"closed","ping_status":"closed","template":"","meta":{"_acf_changed":false,"om_disable_all_campaigns":false,"_monsterinsights_skip_tracking":false,"_monsterinsights_sitenote_active":false,"_monsterinsights_sitenote_note":"","_monsterinsights_sitenote_category":0},"etheme_brands":[],"product_brand":[],"product_cat":[79,3438],"product_tag":[203,224,5167,1542,368,9633,5566,6577,3941],"class_list":{"0":"post-60278","1":"product","2":"type-product","3":"status-publish","4":"has-post-thumbnail","6":"product_cat-accesorios","7":"product_cat-gift-shop-merchandising","8":"product_tag-argentina","9":"product_tag-argentino","10":"product_tag-funda","11":"product_tag-indio","12":"product_tag-rock","13":"product_tag-solari","14":"product_tag-travel","15":"product_tag-valija","16":"product_tag-viaje","18":"first","19":"instock","20":"taxable","21":"shipping-taxable","22":"purchasable","23":"product-type-simple"},"acf":[],"aioseo_notices":[],"_links":{"self":[{"href":"https:\/\/www.argensend.com\/en\/wp-json\/wp\/v2\/product\/60278","targetHints":{"allow":["GET"]}}],"collection":[{"href":"https:\/\/www.argensend.com\/en\/wp-json\/wp\/v2\/product"}],"about":[{"href":"https:\/\/www.argensend.com\/en\/wp-json\/wp\/v2\/types\/product"}],"replies":[{"embeddable":true,"href":"https:\/\/www.argensend.com\/en\/wp-json\/wp\/v2\/comments?post=60278"}],"version-history":[{"count":2,"href":"https:\/\/www.argensend.com\/en\/wp-json\/wp\/v2\/product\/60278\/revisions"}],"predecessor-version":[{"id":107161,"href":"https:\/\/www.argensend.com\/en\/wp-json\/wp\/v2\/product\/60278\/revisions\/107161"}],"wp:featuredmedia":[{"embeddable":true,"href":"https:\/\/www.argensend.com\/en\/wp-json\/wp\/v2\/media\/60281"}],"wp:attachment":[{"href":"https:\/\/www.argensend.com\/en\/wp-json\/wp\/v2\/media?parent=60278"}],"wp:term":[{"taxonomy":"brand","embeddable":true,"href":"https:\/\/www.argensend.com\/en\/wp-json\/wp\/v2\/etheme_brands?post=60278"},{"taxonomy":"product_brand","embeddable":true,"href":"https:\/\/www.argensend.com\/en\/wp-json\/wp\/v2\/product_brand?post=60278"},{"taxonomy":"product_cat","embeddable":true,"href":"https:\/\/www.argensend.com\/en\/wp-json\/wp\/v2\/product_cat?post=60278"},{"taxonomy":"product_tag","embeddable":true,"href":"https:\/\/www.argensend.com\/en\/wp-json\/wp\/v2\/product_tag?post=60278"}],"curies":[{"name":"wp","href":"https:\/\/api.w.org\/{rel}","templated":true}]}}