{"id":60643,"date":"2023-02-02T14:55:20","date_gmt":"2023-02-02T17:55:20","guid":{"rendered":"https:\/\/www.argensend.com\/?post_type=product&#038;p=60643"},"modified":"2024-12-06T16:33:57","modified_gmt":"2024-12-06T19:33:57","slug":"orsai-revista-numero-8-incluye-la-valija-de-leonel-magazine-number-8-includes-leones-suitcase","status":"publish","type":"product","link":"https:\/\/www.argensend.com\/en\/product\/orsai-revista-numero-8-incluye-la-valija-de-leonel-magazine-number-8-includes-leones-suitcase\/","title":{"rendered":"Orsai &#8211; Revista Numero 8, Incluye la Valija de Leonel"},"content":{"rendered":"","protected":false},"excerpt":{"rendered":"<h5>Autores en esta edici\u00f3n:<\/h5>\n<p><b>Hern\u00e1n Casciari<\/b>:\u00a0<i>\u00abLa valija de Lionel\u00bb<\/i>, ilustra:\u00a0<b>Mat\u00edas Tols\u00e0<\/b>.\u00a0<b>Federico Rivas<\/b>:\u00a0<i>\u00abPl\u00e1cido Domingo en la secta\u00bb<\/i>, ilustra:\u00a0<b>Fernanda Cohen<\/b>.\u00a0<b>Daniel Mella<\/b>:\u00a0<i>\u00abLa muerte del daim\u00f3n\u00bb<\/i>, ilustra:\u00a0<b>Marcos Huisman<\/b>.\u00a0<b>Mayra Arena<\/b>:\u00a0<i>\u00abLa ruta y otras historias\u00bb<\/i>, ilustra\u00a0<b>Power Paola<\/b>.\u00a0<b>Daniel Divinsky<\/b>:\u00a0<i>\u00abMi pante\u00f3n personal\u00bb<\/i>, ilustra:\u00a0<b>Pablo Temes<\/b>.\u00a0<b>Alejandro Merino<\/b>:\u00a0<i>\u00abLa casa n\u00famero seis\u00bb<\/i>, ilustra:\u00a0<b>Gerardo Ligorria<\/b>.\u00a0<b>Laura Ortiz G\u00f3mez<\/b>:\u00a0<i>\u00abArrancamuertos\u00bb<\/i>, ilustra:\u00a0<b>Mayra Wariychuk<\/b>.\u00a0<b>Pablo Jansen<\/b>:\u00a0<i>\u00abBienvenidos a Puyuelo\u00bb<\/i>, ilustra:\u00a0<b>Jeroen Janson<\/b>.\u00a0<b>Paloma Fabrykant<\/b>:\u00a0<i>\u00abZonas hostiles\u00bb<\/i>, ilustra:\u00a0<b>Juan Pablo Inzirillo<\/b>.\u00a0<b>Concursos de cuentos Orsai<\/b>:\u00a0<i>Cuatro cuentos<\/i>, ilustra:\u00a0<b>Mat\u00edas Tols\u00e1<\/b>.\u00a0<b>Guillermo Mart\u00ednez<\/b>:\u00a0<i>\u00abU\u00f1as\u00bb<\/i>, ilustra:\u00a0<b>Nico Lassalle<\/b>.\u00a0<b>Juan Sebasti\u00e1n March<\/b>:\u00a0<i>\u00abDiez afiches sobre Qatar 2022\u00bb<\/i>.\u00a0<b>Hern\u00e1n Casciari y Christian Basilis<\/b>:\u00a0<i>\u00abSobremesas\u00bb<\/i>, ilustra:\u00a0<b>Ermengol<\/b>.<\/p>\n<p>EN:<\/p>\n<p>Authors in this edition:<br \/>\nHern\u00e1n Casciari: &#8220;La valija de Lionel&#8221;, illustrated by Mat\u00edas Tols\u00e0. Federico Rivas: &#8220;Pl\u00e1cido Domingo in the sect&#8221;, illustrated by Fernanda Cohen. Daniel Mella: &#8220;The death of the daimon&#8221;, illustrated by Marcos Huisman. Mayra Arena: &#8220;La ruta y otras historias&#8221;, illustrated by Power Paola. Daniel Divinsky: &#8220;My personal pantheon&#8221;, illustrated by Pablo Temes. Alejandro Merino: &#8220;La casa n\u00famero seis&#8221;, illustrated by Gerardo Ligorria. Laura Ortiz G\u00f3mez: &#8220;Arrancamuertos&#8221;, illustrated by Mayra Wariychuk. Pablo Jansen: &#8220;Welcome to Puyuelo&#8221;, illustrated by Jeroen Janson. Paloma Fabrykant: &#8220;Zonas hostiles&#8221;, illustrated by Juan Pablo Inzirillo. Orsai short story contest: Four stories, illustrated by Mat\u00edas Tols\u00e1. Guillermo Mart\u00ednez: &#8220;Nails&#8221;, illustrated by Nico Lassalle. Juan Sebasti\u00e1n March: &#8220;Ten posters about Qatar 2022&#8221;. Hern\u00e1n Casciari and Christian Basilis: &#8220;Sobremesas&#8221;, illustrated by Ermengol.<\/p>","protected":false},"featured_media":60644,"comment_status":"closed","ping_status":"closed","template":"","meta":{"_acf_changed":false,"om_disable_all_campaigns":false,"_monsterinsights_skip_tracking":false,"_monsterinsights_sitenote_active":false,"_monsterinsights_sitenote_note":"","_monsterinsights_sitenote_category":0,"jetpack_post_was_ever_published":false},"etheme_brands":[],"product_brand":[],"product_cat":[685,3600],"product_tag":[3423,203,5931,70,1976,3370,9639,1121,9640,6577],"class_list":{"0":"post-60643","1":"product","2":"type-product","3":"status-publish","4":"has-post-thumbnail","6":"product_cat-libros","7":"product_cat-messi","8":"product_tag-3423","9":"product_tag-argentina","10":"product_tag-campeones","11":"product_tag-la","12":"product_tag-messi","13":"product_tag-mundial","14":"product_tag-orsai","15":"product_tag-qatar","16":"product_tag-relato","17":"product_tag-valija","19":"first","20":"instock","21":"taxable","22":"shipping-taxable","23":"purchasable","24":"product-type-simple"},"acf":[],"aioseo_notices":[],"jetpack_sharing_enabled":true,"_links":{"self":[{"href":"https:\/\/www.argensend.com\/en\/wp-json\/wp\/v2\/product\/60643","targetHints":{"allow":["GET"]}}],"collection":[{"href":"https:\/\/www.argensend.com\/en\/wp-json\/wp\/v2\/product"}],"about":[{"href":"https:\/\/www.argensend.com\/en\/wp-json\/wp\/v2\/types\/product"}],"replies":[{"embeddable":true,"href":"https:\/\/www.argensend.com\/en\/wp-json\/wp\/v2\/comments?post=60643"}],"version-history":[{"count":3,"href":"https:\/\/www.argensend.com\/en\/wp-json\/wp\/v2\/product\/60643\/revisions"}],"predecessor-version":[{"id":107427,"href":"https:\/\/www.argensend.com\/en\/wp-json\/wp\/v2\/product\/60643\/revisions\/107427"}],"wp:featuredmedia":[{"embeddable":true,"href":"https:\/\/www.argensend.com\/en\/wp-json\/wp\/v2\/media\/60644"}],"wp:attachment":[{"href":"https:\/\/www.argensend.com\/en\/wp-json\/wp\/v2\/media?parent=60643"}],"wp:term":[{"taxonomy":"brand","embeddable":true,"href":"https:\/\/www.argensend.com\/en\/wp-json\/wp\/v2\/etheme_brands?post=60643"},{"taxonomy":"product_brand","embeddable":true,"href":"https:\/\/www.argensend.com\/en\/wp-json\/wp\/v2\/product_brand?post=60643"},{"taxonomy":"product_cat","embeddable":true,"href":"https:\/\/www.argensend.com\/en\/wp-json\/wp\/v2\/product_cat?post=60643"},{"taxonomy":"product_tag","embeddable":true,"href":"https:\/\/www.argensend.com\/en\/wp-json\/wp\/v2\/product_tag?post=60643"}],"curies":[{"name":"wp","href":"https:\/\/api.w.org\/{rel}","templated":true}]}}