{"id":60645,"date":"2023-02-02T15:20:33","date_gmt":"2023-02-02T18:20:33","guid":{"rendered":"https:\/\/www.argensend.com\/?post_type=product&#038;p=60645"},"modified":"2024-12-06T16:33:58","modified_gmt":"2024-12-06T19:33:58","slug":"libro-messi-es-un-perro-book-messi-is-a-dog","status":"publish","type":"product","link":"https:\/\/www.argensend.com\/en\/product\/libro-messi-es-un-perro-book-messi-is-a-dog\/","title":{"rendered":"Libro &#8211; Messi Es Un Perro"},"content":{"rendered":"","protected":false},"excerpt":{"rendered":"<p>Autor: Hern\u00e1n Casciari<\/p>\n<p>Editorial: Orsai<\/p>\n<p>Un libro que parece de futbol, pero no<\/p>\n<p>Los dieciocho relatos que componen este libro fueron escritos entre los mundiales de Sud\u00e1frica 2010 y Brasil 2014. No todos tienen que ver con el f\u00fatbol, pero los atraviesa una sensaci\u00f3n alarmante: la felicidad es tan ef\u00edmera y vergonzosa como el festejo del delantero que grita el gol sin saber que, a sus espaldas, el juez de l\u00ednea ha levantado el bander\u00edn.<\/p>\n<p>EN:<\/p>\n<p>Author: Hern\u00e1n Casciari<\/p>\n<p>Publisher: Orsai<\/p>\n<p>A book that seems to be about soccer, but it is not.<\/p>\n<p>The eighteen stories that make up this book were written between the World Cups of South Africa 2010 and Brazil 2014. Not all of them have to do with soccer, but an alarming sensation runs through them: happiness is as ephemeral and shameful as the celebration of the striker who shouts the goal without knowing that, behind his back, the linesman has raised the flag.<\/p>\n<p>&nbsp;<\/p>","protected":false},"featured_media":60646,"comment_status":"closed","ping_status":"closed","template":"","meta":{"_acf_changed":false,"om_disable_all_campaigns":false,"_monsterinsights_skip_tracking":false,"_monsterinsights_sitenote_active":false,"_monsterinsights_sitenote_note":"","_monsterinsights_sitenote_category":0},"etheme_brands":[],"product_brand":[],"product_cat":[685,3600],"product_tag":[3423,203,5931,6758,9641,1976,3370,9639,3228,1121,9640,270,10631],"class_list":{"0":"post-60645","1":"product","2":"type-product","3":"status-publish","4":"has-post-thumbnail","6":"product_cat-libros","7":"product_cat-messi","8":"product_tag-3423","9":"product_tag-argentina","10":"product_tag-campeones","11":"product_tag-es","12":"product_tag-hernan","13":"product_tag-messi","14":"product_tag-mundial","15":"product_tag-orsai","16":"product_tag-perro","17":"product_tag-qatar","18":"product_tag-relato","19":"product_tag-un","20":"product_tag-xmass24","22":"first","23":"instock","24":"taxable","25":"shipping-taxable","26":"purchasable","27":"product-type-simple"},"acf":[],"aioseo_notices":[],"_links":{"self":[{"href":"https:\/\/www.argensend.com\/en\/wp-json\/wp\/v2\/product\/60645","targetHints":{"allow":["GET"]}}],"collection":[{"href":"https:\/\/www.argensend.com\/en\/wp-json\/wp\/v2\/product"}],"about":[{"href":"https:\/\/www.argensend.com\/en\/wp-json\/wp\/v2\/types\/product"}],"replies":[{"embeddable":true,"href":"https:\/\/www.argensend.com\/en\/wp-json\/wp\/v2\/comments?post=60645"}],"version-history":[{"count":1,"href":"https:\/\/www.argensend.com\/en\/wp-json\/wp\/v2\/product\/60645\/revisions"}],"predecessor-version":[{"id":70865,"href":"https:\/\/www.argensend.com\/en\/wp-json\/wp\/v2\/product\/60645\/revisions\/70865"}],"wp:featuredmedia":[{"embeddable":true,"href":"https:\/\/www.argensend.com\/en\/wp-json\/wp\/v2\/media\/60646"}],"wp:attachment":[{"href":"https:\/\/www.argensend.com\/en\/wp-json\/wp\/v2\/media?parent=60645"}],"wp:term":[{"taxonomy":"brand","embeddable":true,"href":"https:\/\/www.argensend.com\/en\/wp-json\/wp\/v2\/etheme_brands?post=60645"},{"taxonomy":"product_brand","embeddable":true,"href":"https:\/\/www.argensend.com\/en\/wp-json\/wp\/v2\/product_brand?post=60645"},{"taxonomy":"product_cat","embeddable":true,"href":"https:\/\/www.argensend.com\/en\/wp-json\/wp\/v2\/product_cat?post=60645"},{"taxonomy":"product_tag","embeddable":true,"href":"https:\/\/www.argensend.com\/en\/wp-json\/wp\/v2\/product_tag?post=60645"}],"curies":[{"name":"wp","href":"https:\/\/api.w.org\/{rel}","templated":true}]}}