{"id":60813,"date":"2023-02-08T16:33:06","date_gmt":"2023-02-08T19:33:06","guid":{"rendered":"https:\/\/www.argensend.com\/?post_type=product&#038;p=60813"},"modified":"2024-12-06T16:33:59","modified_gmt":"2024-12-06T19:33:59","slug":"natura-kaiak-clasico-masculino-100ml-mens-cologne-copia","status":"publish","type":"product","link":"https:\/\/www.argensend.com\/en\/product\/natura-kaiak-clasico-masculino-100ml-mens-cologne-copia\/","title":{"rendered":"Natura &#8211; Kaiak Urbe EDT 100ml para Hombre"},"content":{"rendered":"","protected":false},"excerpt":{"rendered":"<p>Marca: Natura<br \/>\nL\u00ednea: Kaiak<br \/>\nNombre del perfume: Urbe<br \/>\nG\u00e9nero: Hombre<br \/>\nTipo de perfume: Eau de toilette<br \/>\nVolumen de la unidad: 100 mL<\/p>\n<p>Aroma del perfume<br \/>\nTipo de aroma: Herbal<\/p>\n<p>Notas olfativas:<br \/>\nAcuoso, Albahaca, Almizcle, \u00c1mbar, Bergamota, Cardamomo, Cedro, Geranio, Haba tonka, Lavanda, Lim\u00f3n, Madera de \u00e1mbar, Mandarina, Manzana, Menta, Nuez moscada, S\u00e1ndalo<\/p>\n<p>Especificaciones:<br \/>\nPa\u00eds de origen: Brasil<br \/>\nA\u00f1o de lanzamiento: 2012<br \/>\nEs libre de crueldad: S\u00ed<br \/>\nEs vegano: S\u00ed<br \/>\nEs libre de alcohol: No<\/p>\n<p>Brand: Natura<br \/>\nLine: Kaiak<br \/>\nName of fragrance: Urbe<br \/>\nGender: Man<br \/>\nType of fragrance: Eau de toilette<br \/>\nUnit volume: 100 mL<\/p>\n<p>Scent of the perfume<br \/>\nScent Type: Herbal<\/p>\n<p>Olfactory notes:<br \/>\nWatery, Basil, Musk, Amber, Bergamot, Cardamom, Cedarwood, Geranium, Tonka Bean, Lavender, Lemon, Amber Wood, Mandarin, Apple, Mint, Nutmeg, Sandalwood.<\/p>\n<p>Specifications:<br \/>\nCountry of origin: Brazil<br \/>\nYear of launch: 2012<br \/>\nCruelty-free: Yes<br \/>\nVegan: Yes<br \/>\nAlcohol free: No<\/p>","protected":false},"featured_media":60814,"comment_status":"closed","ping_status":"closed","template":"","meta":{"_acf_changed":false,"om_disable_all_campaigns":false,"_monsterinsights_skip_tracking":false,"_monsterinsights_sitenote_active":false,"_monsterinsights_sitenote_note":"","_monsterinsights_sitenote_category":0},"etheme_brands":[],"product_brand":[],"product_cat":[8818],"product_tag":[203,234,224,1855,1612,9648,2014,9155,4007,183,3672,449,1159,652,651,8859],"class_list":{"0":"post-60813","1":"product","2":"type-product","3":"status-publish","4":"has-post-thumbnail","6":"product_cat-perfumeria","7":"product_tag-argentina","8":"product_tag-argentine","9":"product_tag-argentino","10":"product_tag-bano","11":"product_tag-belleza","12":"product_tag-caballero","13":"product_tag-colonia","14":"product_tag-ekos","15":"product_tag-hogar","16":"product_tag-hombre","17":"product_tag-men","18":"product_tag-natura","19":"product_tag-perfume","20":"product_tag-vegan","21":"product_tag-vegano","22":"product_tag-veggie","24":"first","25":"instock","26":"taxable","27":"shipping-taxable","28":"purchasable","29":"product-type-simple"},"acf":[],"aioseo_notices":[],"_links":{"self":[{"href":"https:\/\/www.argensend.com\/en\/wp-json\/wp\/v2\/product\/60813","targetHints":{"allow":["GET"]}}],"collection":[{"href":"https:\/\/www.argensend.com\/en\/wp-json\/wp\/v2\/product"}],"about":[{"href":"https:\/\/www.argensend.com\/en\/wp-json\/wp\/v2\/types\/product"}],"replies":[{"embeddable":true,"href":"https:\/\/www.argensend.com\/en\/wp-json\/wp\/v2\/comments?post=60813"}],"version-history":[{"count":3,"href":"https:\/\/www.argensend.com\/en\/wp-json\/wp\/v2\/product\/60813\/revisions"}],"predecessor-version":[{"id":107549,"href":"https:\/\/www.argensend.com\/en\/wp-json\/wp\/v2\/product\/60813\/revisions\/107549"}],"wp:featuredmedia":[{"embeddable":true,"href":"https:\/\/www.argensend.com\/en\/wp-json\/wp\/v2\/media\/60814"}],"wp:attachment":[{"href":"https:\/\/www.argensend.com\/en\/wp-json\/wp\/v2\/media?parent=60813"}],"wp:term":[{"taxonomy":"brand","embeddable":true,"href":"https:\/\/www.argensend.com\/en\/wp-json\/wp\/v2\/etheme_brands?post=60813"},{"taxonomy":"product_brand","embeddable":true,"href":"https:\/\/www.argensend.com\/en\/wp-json\/wp\/v2\/product_brand?post=60813"},{"taxonomy":"product_cat","embeddable":true,"href":"https:\/\/www.argensend.com\/en\/wp-json\/wp\/v2\/product_cat?post=60813"},{"taxonomy":"product_tag","embeddable":true,"href":"https:\/\/www.argensend.com\/en\/wp-json\/wp\/v2\/product_tag?post=60813"}],"curies":[{"name":"wp","href":"https:\/\/api.w.org\/{rel}","templated":true}]}}