{"id":60847,"date":"2023-02-09T10:01:26","date_gmt":"2023-02-09T13:01:26","guid":{"rendered":"https:\/\/www.argensend.com\/?post_type=product&#038;p=60847"},"modified":"2024-12-06T16:34:04","modified_gmt":"2024-12-06T19:34:04","slug":"lidherma-firmosomas-con-dmae-x-50-gr-firmosomes-with-dmae-x-1-76-oz","status":"publish","type":"product","link":"https:\/\/www.argensend.com\/en\/product\/lidherma-firmosomas-con-dmae-x-50-gr-firmosomes-with-dmae-x-1-76-oz\/","title":{"rendered":"Lidherma &#8211; Firmosomas con Dmae 50gr"},"content":{"rendered":"","protected":false},"excerpt":{"rendered":"<div class=\"texto\">\n<div class=\"copete\"><span>Crema con DMAE que mejora la firmeza de la piel, aten\u00faa arrugas, redefine el \u00f3valo del rostro y previene el envejecimiento cut\u00e1neo. <\/span>Redensifica la piel del rostro y el cuello, promueve la tonicidad muscular, mejora el aspecto de los surcos nasolabiales y reduce la inflamaci\u00f3n. Tiene un alto nivel de penetraci\u00f3n que permite que los activos lleguen a las capas m\u00e1s profundas de la piel.<\/div>\n<\/div>\n<div><\/div>\n<div>\n<p>EN:<\/p>\n<p>Cream with DMAE that improves skin firmness, attenuates wrinkles, redefines the oval of the face and prevents skin aging. Redensifies the skin of the face and neck, promotes muscle tone, improves the appearance of nasolabial folds and reduces inflammation. It has a high penetration level that allows the active ingredients to reach the deepest layers of the skin.<\/p>\n<\/div>\n<div><\/div>","protected":false},"featured_media":60848,"comment_status":"closed","ping_status":"closed","template":"","meta":{"_acf_changed":false,"om_disable_all_campaigns":false,"_monsterinsights_skip_tracking":false,"_monsterinsights_sitenote_active":false,"_monsterinsights_sitenote_note":"","_monsterinsights_sitenote_category":0},"etheme_brands":[],"product_brand":[],"product_cat":[8935],"product_tag":[3433,1612,4259,456,1618,9652,6564,4489,9259,9651,807,4266],"class_list":{"0":"post-60847","1":"product","2":"type-product","3":"status-publish","4":"has-post-thumbnail","6":"product_cat-belleza-y-salud","7":"product_tag-3d","8":"product_tag-belleza","9":"product_tag-care","10":"product_tag-crema","11":"product_tag-cuidado","12":"product_tag-dmae","13":"product_tag-formula","14":"product_tag-humectante","15":"product_tag-lidherma","16":"product_tag-polimerizado","17":"product_tag-salud","18":"product_tag-skin","20":"first","21":"instock","22":"taxable","23":"shipping-taxable","24":"purchasable","25":"product-type-simple"},"acf":[],"aioseo_notices":[],"_links":{"self":[{"href":"https:\/\/www.argensend.com\/en\/wp-json\/wp\/v2\/product\/60847","targetHints":{"allow":["GET"]}}],"collection":[{"href":"https:\/\/www.argensend.com\/en\/wp-json\/wp\/v2\/product"}],"about":[{"href":"https:\/\/www.argensend.com\/en\/wp-json\/wp\/v2\/types\/product"}],"replies":[{"embeddable":true,"href":"https:\/\/www.argensend.com\/en\/wp-json\/wp\/v2\/comments?post=60847"}],"version-history":[{"count":2,"href":"https:\/\/www.argensend.com\/en\/wp-json\/wp\/v2\/product\/60847\/revisions"}],"predecessor-version":[{"id":104581,"href":"https:\/\/www.argensend.com\/en\/wp-json\/wp\/v2\/product\/60847\/revisions\/104581"}],"wp:featuredmedia":[{"embeddable":true,"href":"https:\/\/www.argensend.com\/en\/wp-json\/wp\/v2\/media\/60848"}],"wp:attachment":[{"href":"https:\/\/www.argensend.com\/en\/wp-json\/wp\/v2\/media?parent=60847"}],"wp:term":[{"taxonomy":"brand","embeddable":true,"href":"https:\/\/www.argensend.com\/en\/wp-json\/wp\/v2\/etheme_brands?post=60847"},{"taxonomy":"product_brand","embeddable":true,"href":"https:\/\/www.argensend.com\/en\/wp-json\/wp\/v2\/product_brand?post=60847"},{"taxonomy":"product_cat","embeddable":true,"href":"https:\/\/www.argensend.com\/en\/wp-json\/wp\/v2\/product_cat?post=60847"},{"taxonomy":"product_tag","embeddable":true,"href":"https:\/\/www.argensend.com\/en\/wp-json\/wp\/v2\/product_tag?post=60847"}],"curies":[{"name":"wp","href":"https:\/\/api.w.org\/{rel}","templated":true}]}}