{"id":60859,"date":"2023-02-09T10:25:39","date_gmt":"2023-02-09T13:25:39","guid":{"rendered":"https:\/\/www.argensend.com\/?post_type=product&#038;p=60859"},"modified":"2024-12-06T16:34:05","modified_gmt":"2024-12-06T19:34:05","slug":"lidherma-ultra-retinol-x-30-ml","status":"publish","type":"product","link":"https:\/\/www.argensend.com\/en\/product\/lidherma-ultra-retinol-x-30-ml\/","title":{"rendered":"Lidherma &#8211; Ultra Retinol &#8211; 30ml"},"content":{"rendered":"","protected":false},"excerpt":{"rendered":"<div><\/div>\n<div>\n<div class=\"copete\">Soluci\u00f3n concentrada de potente efecto antioxidante.<\/div>\n<div class=\"texto\"><span>Induce la formaci\u00f3n de fibras de col\u00e1geno m\u00e1s compactas y resistentes. Refuerza el tejido conectivo y le otorga turgencia. Aclara manchas.\u00a0\u00a0<\/span><\/div>\n<\/div>\n<div><\/div>\n<div>EN:<\/p>\n<\/div>\n<div>Concentrated solution with powerful antioxidant effect.<br \/>\nInduces the formation of more compact and resistant collagen fibers. Strengthens connective tissue and gives it turgor. Lightens blemishes.<\/div>\n<div><\/div>\n<div><\/div>","protected":false},"featured_media":60860,"comment_status":"closed","ping_status":"closed","template":"","meta":{"_acf_changed":false,"om_disable_all_campaigns":false,"_monsterinsights_skip_tracking":false,"_monsterinsights_sitenote_active":false,"_monsterinsights_sitenote_note":"","_monsterinsights_sitenote_category":0},"etheme_brands":[],"product_brand":[],"product_cat":[8935],"product_tag":[3433,1612,4259,456,1618,6512,6564,4489,9259,9655,807,4266,1548],"class_list":{"0":"post-60859","1":"product","2":"type-product","3":"status-publish","4":"has-post-thumbnail","6":"product_cat-belleza-y-salud","7":"product_tag-3d","8":"product_tag-belleza","9":"product_tag-care","10":"product_tag-crema","11":"product_tag-cuidado","12":"product_tag-exfoliante","13":"product_tag-formula","14":"product_tag-humectante","15":"product_tag-lidherma","16":"product_tag-retinol","17":"product_tag-salud","18":"product_tag-skin","19":"product_tag-ultra","21":"first","22":"instock","23":"taxable","24":"shipping-taxable","25":"purchasable","26":"product-type-simple"},"acf":[],"aioseo_notices":[],"_links":{"self":[{"href":"https:\/\/www.argensend.com\/en\/wp-json\/wp\/v2\/product\/60859","targetHints":{"allow":["GET"]}}],"collection":[{"href":"https:\/\/www.argensend.com\/en\/wp-json\/wp\/v2\/product"}],"about":[{"href":"https:\/\/www.argensend.com\/en\/wp-json\/wp\/v2\/types\/product"}],"replies":[{"embeddable":true,"href":"https:\/\/www.argensend.com\/en\/wp-json\/wp\/v2\/comments?post=60859"}],"version-history":[{"count":3,"href":"https:\/\/www.argensend.com\/en\/wp-json\/wp\/v2\/product\/60859\/revisions"}],"predecessor-version":[{"id":104585,"href":"https:\/\/www.argensend.com\/en\/wp-json\/wp\/v2\/product\/60859\/revisions\/104585"}],"wp:featuredmedia":[{"embeddable":true,"href":"https:\/\/www.argensend.com\/en\/wp-json\/wp\/v2\/media\/60860"}],"wp:attachment":[{"href":"https:\/\/www.argensend.com\/en\/wp-json\/wp\/v2\/media?parent=60859"}],"wp:term":[{"taxonomy":"brand","embeddable":true,"href":"https:\/\/www.argensend.com\/en\/wp-json\/wp\/v2\/etheme_brands?post=60859"},{"taxonomy":"product_brand","embeddable":true,"href":"https:\/\/www.argensend.com\/en\/wp-json\/wp\/v2\/product_brand?post=60859"},{"taxonomy":"product_cat","embeddable":true,"href":"https:\/\/www.argensend.com\/en\/wp-json\/wp\/v2\/product_cat?post=60859"},{"taxonomy":"product_tag","embeddable":true,"href":"https:\/\/www.argensend.com\/en\/wp-json\/wp\/v2\/product_tag?post=60859"}],"curies":[{"name":"wp","href":"https:\/\/api.w.org\/{rel}","templated":true}]}}