{"id":60881,"date":"2023-02-09T11:33:05","date_gmt":"2023-02-09T14:33:05","guid":{"rendered":"https:\/\/www.argensend.com\/?post_type=product&#038;p=60881"},"modified":"2024-12-06T16:34:06","modified_gmt":"2024-12-06T19:34:06","slug":"lidherma-formula-tranexamico-x-30-ml","status":"publish","type":"product","link":"https:\/\/www.argensend.com\/en\/product\/lidherma-formula-tranexamico-x-30-ml\/","title":{"rendered":"Lidherma &#8211; Formula Tranex\u00e1mico &#8211; 30ml"},"content":{"rendered":"","protected":false},"excerpt":{"rendered":"<div>\n<div class=\"texto\">\n<div class=\"texto\">\n<div class=\"copete\">Soluci\u00f3n activa despigmentante para todo tipo de piel.<\/div>\n<div class=\"texto\">Formulada con \u00e1cido tranex\u00e1mico que regula la pigmentaci\u00f3n. Inhibe el aumento de la melanina estimulada por la exposici\u00f3n solar. Ayuda a que la piel tenga un color uniforme y saludable.<\/div>\n<\/div>\n<\/div>\n<\/div>\n<div>\n<p>&nbsp;<\/p>\n<p>EN:<\/p>\n<p>Active depigmenting solution for all skin types.<br \/>\nFormulated with tranexamic acid that regulates pigmentation. Inhibits the increase of melanin stimulated by sun exposure. Helps the skin to have a uniform and healthy color.<\/p>\n<p>&nbsp;<\/p>\n<p>&nbsp;<\/p>\n<p>&nbsp;<\/p>\n<p>&nbsp;<\/p>\n<\/div>","protected":false},"featured_media":60882,"comment_status":"closed","ping_status":"closed","template":"","meta":{"_acf_changed":false,"om_disable_all_campaigns":false,"_monsterinsights_skip_tracking":false,"_monsterinsights_sitenote_active":false,"_monsterinsights_sitenote_note":"","_monsterinsights_sitenote_category":0},"etheme_brands":[],"product_brand":[],"product_cat":[8935],"product_tag":[3433,1612,4259,5413,456,1618,6564,4489,9259,807,4266,9662,1548],"class_list":{"0":"post-60881","1":"product","2":"type-product","3":"status-publish","4":"has-post-thumbnail","6":"product_cat-belleza-y-salud","7":"product_tag-3d","8":"product_tag-belleza","9":"product_tag-care","10":"product_tag-corporal","11":"product_tag-crema","12":"product_tag-cuidado","13":"product_tag-formula","14":"product_tag-humectante","15":"product_tag-lidherma","16":"product_tag-salud","17":"product_tag-skin","18":"product_tag-tranexamico","19":"product_tag-ultra","21":"first","22":"instock","23":"sale","24":"taxable","25":"shipping-taxable","26":"purchasable","27":"product-type-simple"},"acf":[],"aioseo_notices":[],"_links":{"self":[{"href":"https:\/\/www.argensend.com\/en\/wp-json\/wp\/v2\/product\/60881","targetHints":{"allow":["GET"]}}],"collection":[{"href":"https:\/\/www.argensend.com\/en\/wp-json\/wp\/v2\/product"}],"about":[{"href":"https:\/\/www.argensend.com\/en\/wp-json\/wp\/v2\/types\/product"}],"replies":[{"embeddable":true,"href":"https:\/\/www.argensend.com\/en\/wp-json\/wp\/v2\/comments?post=60881"}],"version-history":[{"count":2,"href":"https:\/\/www.argensend.com\/en\/wp-json\/wp\/v2\/product\/60881\/revisions"}],"predecessor-version":[{"id":104593,"href":"https:\/\/www.argensend.com\/en\/wp-json\/wp\/v2\/product\/60881\/revisions\/104593"}],"wp:featuredmedia":[{"embeddable":true,"href":"https:\/\/www.argensend.com\/en\/wp-json\/wp\/v2\/media\/60882"}],"wp:attachment":[{"href":"https:\/\/www.argensend.com\/en\/wp-json\/wp\/v2\/media?parent=60881"}],"wp:term":[{"taxonomy":"brand","embeddable":true,"href":"https:\/\/www.argensend.com\/en\/wp-json\/wp\/v2\/etheme_brands?post=60881"},{"taxonomy":"product_brand","embeddable":true,"href":"https:\/\/www.argensend.com\/en\/wp-json\/wp\/v2\/product_brand?post=60881"},{"taxonomy":"product_cat","embeddable":true,"href":"https:\/\/www.argensend.com\/en\/wp-json\/wp\/v2\/product_cat?post=60881"},{"taxonomy":"product_tag","embeddable":true,"href":"https:\/\/www.argensend.com\/en\/wp-json\/wp\/v2\/product_tag?post=60881"}],"curies":[{"name":"wp","href":"https:\/\/api.w.org\/{rel}","templated":true}]}}