{"id":60883,"date":"2023-02-09T11:35:10","date_gmt":"2023-02-09T14:35:10","guid":{"rendered":"https:\/\/www.argensend.com\/?post_type=product&#038;p=60883"},"modified":"2024-12-06T16:34:06","modified_gmt":"2024-12-06T19:34:06","slug":"lidherma-formula-silicio-h-x-30-ml","status":"publish","type":"product","link":"https:\/\/www.argensend.com\/en\/product\/lidherma-formula-silicio-h-x-30-ml\/","title":{"rendered":"Lidherma &#8211; Formula Silicio H &#8211; 30ml"},"content":{"rendered":"","protected":false},"excerpt":{"rendered":"<div>\n<div class=\"texto\">\n<div class=\"texto\">\n<div class=\"texto\">\n<div class=\"copete\"><span>Soluci\u00f3n con alta concentraci\u00f3n formulada con un activo que une el poder tensor del silicio con la hidrataci\u00f3n vectorizada por el hialur\u00f3nico.<\/span><\/div>\n<div class=\"texto\"><span>Mejora la firmeza, evita la p\u00e9rdida transepid\u00e9rmica de agua; proporciona una potente hidrataci\u00f3n para que la piel sea m\u00e1s resistente, flexible y el\u00e1stica. .<\/span><\/div>\n<div class=\"categorias\">\n<div class=\"item\"><\/div>\n<\/div>\n<\/div>\n<\/div>\n<\/div>\n<\/div>\n<div>\n<p>&nbsp;<\/p>\n<p>EN:<\/p>\n<p>Highly concentrated solution formulated with an active ingredient that combines the tensor power of silicon with the hydration vectorized by hyaluronic acid.<br \/>\nImproves firmness, prevents transepidermal water loss; provides powerful hydration to make the skin more resistant, supple and elastic. Recommended for stressed skin.<\/p>\n<p>&nbsp;<\/p>\n<p>&nbsp;<\/p>\n<p>&nbsp;<\/p>\n<p>&nbsp;<\/p>\n<\/div>","protected":false},"featured_media":60884,"comment_status":"closed","ping_status":"closed","template":"","meta":{"_acf_changed":false,"om_disable_all_campaigns":false,"_monsterinsights_skip_tracking":false,"_monsterinsights_sitenote_active":false,"_monsterinsights_sitenote_note":"","_monsterinsights_sitenote_category":0},"etheme_brands":[],"product_brand":[],"product_cat":[8935],"product_tag":[3433,1612,4259,5413,456,1618,6564,4489,9259,807,9663,4266,9662,1548],"class_list":{"0":"post-60883","1":"product","2":"type-product","3":"status-publish","4":"has-post-thumbnail","6":"product_cat-belleza-y-salud","7":"product_tag-3d","8":"product_tag-belleza","9":"product_tag-care","10":"product_tag-corporal","11":"product_tag-crema","12":"product_tag-cuidado","13":"product_tag-formula","14":"product_tag-humectante","15":"product_tag-lidherma","16":"product_tag-salud","17":"product_tag-silicio-h","18":"product_tag-skin","19":"product_tag-tranexamico","20":"product_tag-ultra","22":"first","23":"instock","24":"taxable","25":"shipping-taxable","26":"purchasable","27":"product-type-simple"},"acf":[],"aioseo_notices":[],"_links":{"self":[{"href":"https:\/\/www.argensend.com\/en\/wp-json\/wp\/v2\/product\/60883","targetHints":{"allow":["GET"]}}],"collection":[{"href":"https:\/\/www.argensend.com\/en\/wp-json\/wp\/v2\/product"}],"about":[{"href":"https:\/\/www.argensend.com\/en\/wp-json\/wp\/v2\/types\/product"}],"replies":[{"embeddable":true,"href":"https:\/\/www.argensend.com\/en\/wp-json\/wp\/v2\/comments?post=60883"}],"version-history":[{"count":3,"href":"https:\/\/www.argensend.com\/en\/wp-json\/wp\/v2\/product\/60883\/revisions"}],"predecessor-version":[{"id":104594,"href":"https:\/\/www.argensend.com\/en\/wp-json\/wp\/v2\/product\/60883\/revisions\/104594"}],"wp:featuredmedia":[{"embeddable":true,"href":"https:\/\/www.argensend.com\/en\/wp-json\/wp\/v2\/media\/60884"}],"wp:attachment":[{"href":"https:\/\/www.argensend.com\/en\/wp-json\/wp\/v2\/media?parent=60883"}],"wp:term":[{"taxonomy":"brand","embeddable":true,"href":"https:\/\/www.argensend.com\/en\/wp-json\/wp\/v2\/etheme_brands?post=60883"},{"taxonomy":"product_brand","embeddable":true,"href":"https:\/\/www.argensend.com\/en\/wp-json\/wp\/v2\/product_brand?post=60883"},{"taxonomy":"product_cat","embeddable":true,"href":"https:\/\/www.argensend.com\/en\/wp-json\/wp\/v2\/product_cat?post=60883"},{"taxonomy":"product_tag","embeddable":true,"href":"https:\/\/www.argensend.com\/en\/wp-json\/wp\/v2\/product_tag?post=60883"}],"curies":[{"name":"wp","href":"https:\/\/api.w.org\/{rel}","templated":true}]}}