{"id":60887,"date":"2023-02-09T11:43:28","date_gmt":"2023-02-09T14:43:28","guid":{"rendered":"https:\/\/www.argensend.com\/?post_type=product&#038;p=60887"},"modified":"2024-12-06T16:34:06","modified_gmt":"2024-12-06T19:34:06","slug":"lidherma-formula-argireline-amplified-x-30-ml","status":"publish","type":"product","link":"https:\/\/www.argensend.com\/en\/product\/lidherma-formula-argireline-amplified-x-30-ml\/","title":{"rendered":"Lidherma &#8211; Formula Argireline Amplified &#8211; 30ml"},"content":{"rendered":"","protected":false},"excerpt":{"rendered":"<div>\n<div class=\"texto\">\n<div class=\"texto\">\n<div class=\"texto\">\n<div class=\"texto\">\n<div class=\"copete\">Soluci\u00f3n concentrada y potenciada de intenso efecto lifting.<\/div>\n<div class=\"texto\">Formulada con Argireline Amplificado, un hexap\u00e9ptido que suaviza las arrugas de expresi\u00f3n, mejora la relajaci\u00f3n de las expresiones faciales, evita la contracci\u00f3n muscular repetitiva que produce arrugas y proporciona un efecto lifting.<\/div>\n<\/div>\n<div class=\"categorias\">\n<div class=\"item\"><\/div>\n<\/div>\n<\/div>\n<\/div>\n<\/div>\n<\/div>\n<div>\n<p>EN:<\/p>\n<p>Concentrated and potentiated solution with intense lifting effect.<br \/>\nFormulated with Amplified Argireline, a hexapeptide that smoothes expression wrinkles, improves relaxation of facial expressions, prevents repetitive muscle contraction that produces wrinkles and provides a lifting effect.<\/p>\n<p>&nbsp;<\/p>\n<p>&nbsp;<\/p>\n<p>&nbsp;<\/p>\n<p>&nbsp;<\/p>\n<\/div>","protected":false},"featured_media":60888,"comment_status":"closed","ping_status":"closed","template":"","meta":{"_acf_changed":false,"om_disable_all_campaigns":false,"_monsterinsights_skip_tracking":false,"_monsterinsights_sitenote_active":false,"_monsterinsights_sitenote_note":"","_monsterinsights_sitenote_category":0},"etheme_brands":[],"product_brand":[],"product_cat":[8935],"product_tag":[3433,9664,1612,4259,5413,456,1618,6564,4489,9259,807,4266,1548],"class_list":{"0":"post-60887","1":"product","2":"type-product","3":"status-publish","4":"has-post-thumbnail","6":"product_cat-belleza-y-salud","7":"product_tag-3d","8":"product_tag-argireline","9":"product_tag-belleza","10":"product_tag-care","11":"product_tag-corporal","12":"product_tag-crema","13":"product_tag-cuidado","14":"product_tag-formula","15":"product_tag-humectante","16":"product_tag-lidherma","17":"product_tag-salud","18":"product_tag-skin","19":"product_tag-ultra","21":"first","22":"instock","23":"taxable","24":"shipping-taxable","25":"purchasable","26":"product-type-simple"},"acf":[],"aioseo_notices":[],"_links":{"self":[{"href":"https:\/\/www.argensend.com\/en\/wp-json\/wp\/v2\/product\/60887","targetHints":{"allow":["GET"]}}],"collection":[{"href":"https:\/\/www.argensend.com\/en\/wp-json\/wp\/v2\/product"}],"about":[{"href":"https:\/\/www.argensend.com\/en\/wp-json\/wp\/v2\/types\/product"}],"replies":[{"embeddable":true,"href":"https:\/\/www.argensend.com\/en\/wp-json\/wp\/v2\/comments?post=60887"}],"version-history":[{"count":2,"href":"https:\/\/www.argensend.com\/en\/wp-json\/wp\/v2\/product\/60887\/revisions"}],"predecessor-version":[{"id":104595,"href":"https:\/\/www.argensend.com\/en\/wp-json\/wp\/v2\/product\/60887\/revisions\/104595"}],"wp:featuredmedia":[{"embeddable":true,"href":"https:\/\/www.argensend.com\/en\/wp-json\/wp\/v2\/media\/60888"}],"wp:attachment":[{"href":"https:\/\/www.argensend.com\/en\/wp-json\/wp\/v2\/media?parent=60887"}],"wp:term":[{"taxonomy":"brand","embeddable":true,"href":"https:\/\/www.argensend.com\/en\/wp-json\/wp\/v2\/etheme_brands?post=60887"},{"taxonomy":"product_brand","embeddable":true,"href":"https:\/\/www.argensend.com\/en\/wp-json\/wp\/v2\/product_brand?post=60887"},{"taxonomy":"product_cat","embeddable":true,"href":"https:\/\/www.argensend.com\/en\/wp-json\/wp\/v2\/product_cat?post=60887"},{"taxonomy":"product_tag","embeddable":true,"href":"https:\/\/www.argensend.com\/en\/wp-json\/wp\/v2\/product_tag?post=60887"}],"curies":[{"name":"wp","href":"https:\/\/api.w.org\/{rel}","templated":true}]}}