{"id":60931,"date":"2023-02-10T09:36:12","date_gmt":"2023-02-10T12:36:12","guid":{"rendered":"https:\/\/www.argensend.com\/?post_type=product&#038;p=60931"},"modified":"2024-12-06T16:34:07","modified_gmt":"2024-12-06T19:34:07","slug":"rayito-de-sol-protector-solar-kids-fps50-x-30-g-kids-sunscreen-spf50-x-30-gr","status":"publish","type":"product","link":"https:\/\/www.argensend.com\/en\/product\/rayito-de-sol-protector-solar-kids-fps50-x-30-g-kids-sunscreen-spf50-x-30-gr\/","title":{"rendered":"Rayito de sol &#8211; Protector Solar Kids FPS 50 &#8211; 30gr"},"content":{"rendered":"","protected":false},"excerpt":{"rendered":"<p>Protecci\u00f3n Alta para pieles sensibles al sol. Un solo toque es suficiente para aplicar el spray solar en forma r\u00e1pida y pareja. Su textura no oleosa seca r\u00e1pidamente y no deja sensaci\u00f3n grasosa protege la piel de los nocivos efectos de la radiaci\u00f3n solar.<br \/>\nBeneficios:<br \/>\nSu pr\u00e1ctica presentaci\u00f3n multiposici\u00f3n permite una aplicaci\u00f3n pareja y r\u00e1pida, facilitando la auto aplicaci\u00f3n en zonas de dif\u00edcil acceso como la espalda. Protecci\u00f3n Solar amplio espectro UVA + UVB. Resistente al agua.<\/p>\n<p>EN.<\/p>\n<p>High protection for sun sensitive skin. A single touch is enough to apply the sun spray quickly and evenly. Its non-oily texture dries quickly and leaves no greasy sensation protects the skin from the harmful effects of solar radiation.<br \/>\nBenefits:<br \/>\nIts practical multi-position presentation allows an even and fast application, facilitating self-application in hard-to-reach areas such as the back. Broad spectrum UVA + UVB sun protection. Water resistant.<\/p>\n<p>&nbsp;<\/p>","protected":false},"featured_media":60933,"comment_status":"closed","ping_status":"closed","template":"","meta":{"_acf_changed":false,"om_disable_all_campaigns":false,"_monsterinsights_skip_tracking":false,"_monsterinsights_sitenote_active":false,"_monsterinsights_sitenote_note":"","_monsterinsights_sitenote_category":0},"etheme_brands":[],"product_brand":[],"product_cat":[8935],"product_tag":[9260,1863,2980,211,4663,6513,9420,807,4266,3472,608,4664],"class_list":{"0":"post-60931","1":"product","2":"type-product","3":"status-publish","4":"has-post-thumbnail","6":"product_cat-belleza-y-salud","7":"product_tag-age","8":"product_tag-anti","9":"product_tag-del","10":"product_tag-piel","11":"product_tag-protector","12":"product_tag-protector-solar","13":"product_tag-rayito","14":"product_tag-salud","15":"product_tag-skin","16":"product_tag-sol","17":"product_tag-solar","18":"product_tag-sunscreen","20":"first","21":"instock","22":"taxable","23":"shipping-taxable","24":"purchasable","25":"product-type-simple"},"acf":[],"aioseo_notices":[],"_links":{"self":[{"href":"https:\/\/www.argensend.com\/en\/wp-json\/wp\/v2\/product\/60931","targetHints":{"allow":["GET"]}}],"collection":[{"href":"https:\/\/www.argensend.com\/en\/wp-json\/wp\/v2\/product"}],"about":[{"href":"https:\/\/www.argensend.com\/en\/wp-json\/wp\/v2\/types\/product"}],"replies":[{"embeddable":true,"href":"https:\/\/www.argensend.com\/en\/wp-json\/wp\/v2\/comments?post=60931"}],"version-history":[{"count":4,"href":"https:\/\/www.argensend.com\/en\/wp-json\/wp\/v2\/product\/60931\/revisions"}],"predecessor-version":[{"id":104602,"href":"https:\/\/www.argensend.com\/en\/wp-json\/wp\/v2\/product\/60931\/revisions\/104602"}],"wp:featuredmedia":[{"embeddable":true,"href":"https:\/\/www.argensend.com\/en\/wp-json\/wp\/v2\/media\/60933"}],"wp:attachment":[{"href":"https:\/\/www.argensend.com\/en\/wp-json\/wp\/v2\/media?parent=60931"}],"wp:term":[{"taxonomy":"brand","embeddable":true,"href":"https:\/\/www.argensend.com\/en\/wp-json\/wp\/v2\/etheme_brands?post=60931"},{"taxonomy":"product_brand","embeddable":true,"href":"https:\/\/www.argensend.com\/en\/wp-json\/wp\/v2\/product_brand?post=60931"},{"taxonomy":"product_cat","embeddable":true,"href":"https:\/\/www.argensend.com\/en\/wp-json\/wp\/v2\/product_cat?post=60931"},{"taxonomy":"product_tag","embeddable":true,"href":"https:\/\/www.argensend.com\/en\/wp-json\/wp\/v2\/product_tag?post=60931"}],"curies":[{"name":"wp","href":"https:\/\/api.w.org\/{rel}","templated":true}]}}