{"id":60937,"date":"2023-02-10T10:14:09","date_gmt":"2023-02-10T13:14:09","guid":{"rendered":"https:\/\/www.argensend.com\/?post_type=product&#038;p=60937"},"modified":"2024-12-06T16:34:10","modified_gmt":"2024-12-06T19:34:10","slug":"rayito-de-sol-protector-solar-fps-70-x-195ml-sunscreen-fps-70-x-195ml","status":"publish","type":"product","link":"https:\/\/www.argensend.com\/en\/product\/rayito-de-sol-protector-solar-fps-70-x-195ml-sunscreen-fps-70-x-195ml\/","title":{"rendered":"Rayito de Sol &#8211; Protector Solar Fps 70 170ml"},"content":{"rendered":"","protected":false},"excerpt":{"rendered":"<p>Un solo toque es suficiente para aplicar el nuevo Protector Solar Rayito de Sol en forma r\u00e1pida y pareja. Su textura no oleosa seca r\u00e1pidamente y no deja sensaci\u00f3n grasosa protege la piel de los nocivos efectos de la radiaci\u00f3n solar. Protege la piel de los perjudiciales efectos de la radiaci\u00f3n solar. Su pr\u00e1ctica presentaci\u00f3n permite una aplicaci\u00f3n pareja y r\u00e1pida, facilitando la auto aplicaci\u00f3n en zonas de dif\u00edcil acceso como la espalda. No mancha, absorbe r\u00e1pidamente. Apto para todo tipo de piel, especialmente las m\u00e1s sensibles. Hipo alerg\u00e9nico, Dermatol\u00f3gicamente Testeado, O\u00edl Free, Sin Parabenos, Proteccion de amplio espectro, resistentes al agua, textura ultra liviana, Aprobado por la Asociaci\u00f3n Argentina de Dermatolog\u00eda Pedi\u00e1trica.<\/p>","protected":false},"featured_media":79952,"comment_status":"closed","ping_status":"closed","template":"","meta":{"_acf_changed":false,"om_disable_all_campaigns":false,"_monsterinsights_skip_tracking":false,"_monsterinsights_sitenote_active":false,"_monsterinsights_sitenote_note":"","_monsterinsights_sitenote_category":0},"etheme_brands":[],"product_brand":[],"product_cat":[8935,4453],"product_tag":[9260,1863,2980,211,4663,6513,9420,807,4266,3472,608,4664],"class_list":{"0":"post-60937","1":"product","2":"type-product","3":"status-publish","4":"has-post-thumbnail","6":"product_cat-belleza-y-salud","7":"product_cat-salud-y-belleza-vegana","8":"product_tag-age","9":"product_tag-anti","10":"product_tag-del","11":"product_tag-piel","12":"product_tag-protector","13":"product_tag-protector-solar","14":"product_tag-rayito","15":"product_tag-salud","16":"product_tag-skin","17":"product_tag-sol","18":"product_tag-solar","19":"product_tag-sunscreen","21":"first","22":"instock","23":"taxable","24":"shipping-taxable","25":"purchasable","26":"product-type-simple"},"acf":[],"aioseo_notices":[],"_links":{"self":[{"href":"https:\/\/www.argensend.com\/en\/wp-json\/wp\/v2\/product\/60937","targetHints":{"allow":["GET"]}}],"collection":[{"href":"https:\/\/www.argensend.com\/en\/wp-json\/wp\/v2\/product"}],"about":[{"href":"https:\/\/www.argensend.com\/en\/wp-json\/wp\/v2\/types\/product"}],"replies":[{"embeddable":true,"href":"https:\/\/www.argensend.com\/en\/wp-json\/wp\/v2\/comments?post=60937"}],"version-history":[{"count":4,"href":"https:\/\/www.argensend.com\/en\/wp-json\/wp\/v2\/product\/60937\/revisions"}],"predecessor-version":[{"id":104604,"href":"https:\/\/www.argensend.com\/en\/wp-json\/wp\/v2\/product\/60937\/revisions\/104604"}],"wp:featuredmedia":[{"embeddable":true,"href":"https:\/\/www.argensend.com\/en\/wp-json\/wp\/v2\/media\/79952"}],"wp:attachment":[{"href":"https:\/\/www.argensend.com\/en\/wp-json\/wp\/v2\/media?parent=60937"}],"wp:term":[{"taxonomy":"brand","embeddable":true,"href":"https:\/\/www.argensend.com\/en\/wp-json\/wp\/v2\/etheme_brands?post=60937"},{"taxonomy":"product_brand","embeddable":true,"href":"https:\/\/www.argensend.com\/en\/wp-json\/wp\/v2\/product_brand?post=60937"},{"taxonomy":"product_cat","embeddable":true,"href":"https:\/\/www.argensend.com\/en\/wp-json\/wp\/v2\/product_cat?post=60937"},{"taxonomy":"product_tag","embeddable":true,"href":"https:\/\/www.argensend.com\/en\/wp-json\/wp\/v2\/product_tag?post=60937"}],"curies":[{"name":"wp","href":"https:\/\/api.w.org\/{rel}","templated":true}]}}