{"id":60948,"date":"2023-02-10T10:37:47","date_gmt":"2023-02-10T13:37:47","guid":{"rendered":"https:\/\/www.argensend.com\/?post_type=product&#038;p=60948"},"modified":"2025-04-21T13:55:26","modified_gmt":"2025-04-21T16:55:26","slug":"cachamate-yerba-mate-hierbas-cuyanas-con-palo-paq-500-grm-yerba-mate-cuyanas-herbs-17-63-oz-copia-copia","status":"publish","type":"product","link":"https:\/\/www.argensend.com\/en\/product\/cachamate-yerba-mate-hierbas-cuyanas-con-palo-paq-500-grm-yerba-mate-cuyanas-herbs-17-63-oz-copia-copia\/","title":{"rendered":"Cachamate- Yerba Mate Hierbas cuyanas con Palo 500gr"},"content":{"rendered":"<p>Yerba Mate Hierbas Serranas con Cedr\u00f3n x 500 Grs &#8211; Cachamate<\/p>\n<p>Con cedr\u00f3n, menta, tomillo y poleo<\/p>\n<p>100% Natural<\/p>\n<p>Una cuidada combinaci\u00f3n de yerba mate y hierbas de las sierras. Su sabor fresco y mentolado en equilibrio con su aroma suave y c\u00edtrico ofrecen una experiencia \u00fanica. El tomillo le brinda un sabor distintivo y colabora a una mejor digesti\u00f3n<\/p>\n<p>Ingredientes: Yerba mate, poleo, cedr\u00f3n, menta, tomillo. Puede contener soja y leche.<\/p>","protected":false},"excerpt":{"rendered":"<p>Yerba Mate Hierbas Serranas<\/p>","protected":false},"featured_media":60950,"comment_status":"closed","ping_status":"closed","template":"","meta":{"_acf_changed":false,"om_disable_all_campaigns":false,"_monsterinsights_skip_tracking":false,"_monsterinsights_sitenote_active":false,"_monsterinsights_sitenote_note":"","_monsterinsights_sitenote_category":0},"etheme_brands":[],"product_brand":[],"product_cat":[2124],"product_tag":[203,234,224,6975,3965,884,225,165,6974,228,163],"class_list":{"0":"post-60948","1":"product","2":"type-product","3":"status-publish","4":"has-post-thumbnail","6":"product_cat-yerbas","7":"product_tag-argentina","8":"product_tag-argentine","9":"product_tag-argentino","10":"product_tag-cachamate","11":"product_tag-herbs","12":"product_tag-hierbas","13":"product_tag-infusion","14":"product_tag-mate","15":"product_tag-pampeanas","16":"product_tag-tradicional","17":"product_tag-yerba","19":"first","20":"instock","21":"sale","22":"taxable","23":"shipping-taxable","24":"purchasable","25":"product-type-simple"},"acf":[],"aioseo_notices":[],"_links":{"self":[{"href":"https:\/\/www.argensend.com\/en\/wp-json\/wp\/v2\/product\/60948","targetHints":{"allow":["GET"]}}],"collection":[{"href":"https:\/\/www.argensend.com\/en\/wp-json\/wp\/v2\/product"}],"about":[{"href":"https:\/\/www.argensend.com\/en\/wp-json\/wp\/v2\/types\/product"}],"replies":[{"embeddable":true,"href":"https:\/\/www.argensend.com\/en\/wp-json\/wp\/v2\/comments?post=60948"}],"version-history":[{"count":4,"href":"https:\/\/www.argensend.com\/en\/wp-json\/wp\/v2\/product\/60948\/revisions"}],"predecessor-version":[{"id":116348,"href":"https:\/\/www.argensend.com\/en\/wp-json\/wp\/v2\/product\/60948\/revisions\/116348"}],"wp:featuredmedia":[{"embeddable":true,"href":"https:\/\/www.argensend.com\/en\/wp-json\/wp\/v2\/media\/60950"}],"wp:attachment":[{"href":"https:\/\/www.argensend.com\/en\/wp-json\/wp\/v2\/media?parent=60948"}],"wp:term":[{"taxonomy":"brand","embeddable":true,"href":"https:\/\/www.argensend.com\/en\/wp-json\/wp\/v2\/etheme_brands?post=60948"},{"taxonomy":"product_brand","embeddable":true,"href":"https:\/\/www.argensend.com\/en\/wp-json\/wp\/v2\/product_brand?post=60948"},{"taxonomy":"product_cat","embeddable":true,"href":"https:\/\/www.argensend.com\/en\/wp-json\/wp\/v2\/product_cat?post=60948"},{"taxonomy":"product_tag","embeddable":true,"href":"https:\/\/www.argensend.com\/en\/wp-json\/wp\/v2\/product_tag?post=60948"}],"curies":[{"name":"wp","href":"https:\/\/api.w.org\/{rel}","templated":true}]}}