{"id":61025,"date":"2023-02-10T14:51:50","date_gmt":"2023-02-10T17:51:50","guid":{"rendered":"https:\/\/www.argensend.com\/?post_type=product&#038;p=61025"},"modified":"2024-12-06T16:34:11","modified_gmt":"2024-12-06T19:34:11","slug":"que-mira-bobo-vaso-de-cafe-termico-thermal-coffee-tumbler","status":"publish","type":"product","link":"https:\/\/www.argensend.com\/en\/product\/que-mira-bobo-vaso-de-cafe-termico-thermal-coffee-tumbler\/","title":{"rendered":"Vaso de Caf\u00e9 T\u00e9rmico &#8211; \u00bfQu\u00e9 mira&#8217; bobo?"},"content":{"rendered":"","protected":false},"excerpt":{"rendered":"<p>Vaso Termico And\u00e1 P\u00e1 all\u00e1, \u00bfQu\u00e9 mira&#8217; Bobo?<br \/>\n200ml<\/p>","protected":false},"featured_media":61026,"comment_status":"closed","ping_status":"closed","template":"","meta":{"_acf_changed":false,"om_disable_all_campaigns":false,"_monsterinsights_skip_tracking":false,"_monsterinsights_sitenote_active":false,"_monsterinsights_sitenote_note":"","_monsterinsights_sitenote_category":0},"etheme_brands":[],"product_brand":[],"product_cat":[1025,606],"product_tag":[1236,203,224,714,935,1140,1275,3009,2102,1050,1252,6659,3704,3352,3252,4690,3150,3156,4033,995],"class_list":{"0":"post-61025","1":"product","2":"type-product","3":"status-publish","4":"has-post-thumbnail","6":"product_cat-boca-juniors","7":"product_cat-cocina-deco-bazar","8":"product_tag-amarillo","9":"product_tag-argentina","10":"product_tag-argentino","11":"product_tag-azul","12":"product_tag-blue","13":"product_tag-boca-juniors","14":"product_tag-cafe","15":"product_tag-coffee","16":"product_tag-equipo","17":"product_tag-futbol","18":"product_tag-golden","19":"product_tag-la-mitad-mas-1","20":"product_tag-oro","21":"product_tag-soccer","22":"product_tag-team","23":"product_tag-termico","24":"product_tag-thermal","25":"product_tag-tumbler","26":"product_tag-units","27":"product_tag-vaso","29":"first","30":"instock","31":"taxable","32":"shipping-taxable","33":"purchasable","34":"product-type-simple"},"acf":[],"aioseo_notices":[],"_links":{"self":[{"href":"https:\/\/www.argensend.com\/en\/wp-json\/wp\/v2\/product\/61025","targetHints":{"allow":["GET"]}}],"collection":[{"href":"https:\/\/www.argensend.com\/en\/wp-json\/wp\/v2\/product"}],"about":[{"href":"https:\/\/www.argensend.com\/en\/wp-json\/wp\/v2\/types\/product"}],"replies":[{"embeddable":true,"href":"https:\/\/www.argensend.com\/en\/wp-json\/wp\/v2\/comments?post=61025"}],"version-history":[{"count":2,"href":"https:\/\/www.argensend.com\/en\/wp-json\/wp\/v2\/product\/61025\/revisions"}],"predecessor-version":[{"id":97873,"href":"https:\/\/www.argensend.com\/en\/wp-json\/wp\/v2\/product\/61025\/revisions\/97873"}],"wp:featuredmedia":[{"embeddable":true,"href":"https:\/\/www.argensend.com\/en\/wp-json\/wp\/v2\/media\/61026"}],"wp:attachment":[{"href":"https:\/\/www.argensend.com\/en\/wp-json\/wp\/v2\/media?parent=61025"}],"wp:term":[{"taxonomy":"brand","embeddable":true,"href":"https:\/\/www.argensend.com\/en\/wp-json\/wp\/v2\/etheme_brands?post=61025"},{"taxonomy":"product_brand","embeddable":true,"href":"https:\/\/www.argensend.com\/en\/wp-json\/wp\/v2\/product_brand?post=61025"},{"taxonomy":"product_cat","embeddable":true,"href":"https:\/\/www.argensend.com\/en\/wp-json\/wp\/v2\/product_cat?post=61025"},{"taxonomy":"product_tag","embeddable":true,"href":"https:\/\/www.argensend.com\/en\/wp-json\/wp\/v2\/product_tag?post=61025"}],"curies":[{"name":"wp","href":"https:\/\/api.w.org\/{rel}","templated":true}]}}