{"id":61202,"date":"2023-02-15T10:33:17","date_gmt":"2023-02-15T13:33:17","guid":{"rendered":"https:\/\/www.argensend.com\/?post_type=product&#038;p=61202"},"modified":"2024-12-06T16:34:13","modified_gmt":"2024-12-06T19:34:13","slug":"plancheta-enlozada-cerrada-lomitera-enlozada-246-x-272-con-tapa-plancheta-enlozada-cerrada-lomitera-enlozada-246-x-272-with-lid","status":"publish","type":"product","link":"https:\/\/www.argensend.com\/en\/product\/plancheta-enlozada-cerrada-lomitera-enlozada-246-x-272-con-tapa-plancheta-enlozada-cerrada-lomitera-enlozada-246-x-272-with-lid\/","title":{"rendered":"Plancheta Enlozada Cerrada Lomitera Enlozada 24,6 &#8211; 27,2 con Tapa"},"content":{"rendered":"","protected":false},"excerpt":{"rendered":"<p>Cocina todo lo que m\u00e1s te guste de la forma m\u00e1s simple y r\u00e1pida!<br \/>\nEsta plancha bifera cerrada ENLOZADA de 1 hornalla es un equipamiento de cocina. Para uso profesional como hogare\u00f1o.<br \/>\nConstruida de hierro laminado fundido, sus dimensiones son de 27,2 x 24,6 cm. Ocupa una hornalla.<br \/>\nEs f\u00e1cil de lavar, y guardar Para horno, cocinas a gas, el\u00e9ctricas, parrilla o directamente a las brasas y al fuego!<\/p>\n<p>EN.<br \/>\nCook everything you like in the simplest and fastest way!<br \/>\nThis ENLOZADA enclosed two-burner griddle with 1 burner is a kitchen equipment. For professional and home use.<br \/>\nMade of laminated cast iron, its dimensions are 27,2 x 24,6 cm. It occupies one burner.<br \/>\nIt is easy to wash and store. For oven, gas stoves, electric stoves, grill or directly to the embers and fire!<\/p>","protected":false},"featured_media":61206,"comment_status":"closed","ping_status":"closed","template":"","meta":{"_acf_changed":false,"om_disable_all_campaigns":false,"_monsterinsights_skip_tracking":false,"_monsterinsights_sitenote_active":false,"_monsterinsights_sitenote_note":"","_monsterinsights_sitenote_category":0},"etheme_brands":[],"product_brand":[],"product_cat":[606],"product_tag":[312,352,1391,313,8673,353,351,315],"class_list":{"0":"post-61202","1":"product","2":"type-product","3":"status-publish","4":"has-post-thumbnail","6":"product_cat-cocina-deco-bazar","7":"product_tag-asado","8":"product_tag-barbecue","9":"product_tag-enlozada","10":"product_tag-madera","11":"product_tag-plancheta","12":"product_tag-plate","13":"product_tag-plato","14":"product_tag-wood","16":"first","17":"instock","18":"taxable","19":"shipping-taxable","20":"purchasable","21":"product-type-simple"},"acf":[],"aioseo_notices":[],"_links":{"self":[{"href":"https:\/\/www.argensend.com\/en\/wp-json\/wp\/v2\/product\/61202","targetHints":{"allow":["GET"]}}],"collection":[{"href":"https:\/\/www.argensend.com\/en\/wp-json\/wp\/v2\/product"}],"about":[{"href":"https:\/\/www.argensend.com\/en\/wp-json\/wp\/v2\/types\/product"}],"replies":[{"embeddable":true,"href":"https:\/\/www.argensend.com\/en\/wp-json\/wp\/v2\/comments?post=61202"}],"version-history":[{"count":3,"href":"https:\/\/www.argensend.com\/en\/wp-json\/wp\/v2\/product\/61202\/revisions"}],"predecessor-version":[{"id":104449,"href":"https:\/\/www.argensend.com\/en\/wp-json\/wp\/v2\/product\/61202\/revisions\/104449"}],"wp:featuredmedia":[{"embeddable":true,"href":"https:\/\/www.argensend.com\/en\/wp-json\/wp\/v2\/media\/61206"}],"wp:attachment":[{"href":"https:\/\/www.argensend.com\/en\/wp-json\/wp\/v2\/media?parent=61202"}],"wp:term":[{"taxonomy":"brand","embeddable":true,"href":"https:\/\/www.argensend.com\/en\/wp-json\/wp\/v2\/etheme_brands?post=61202"},{"taxonomy":"product_brand","embeddable":true,"href":"https:\/\/www.argensend.com\/en\/wp-json\/wp\/v2\/product_brand?post=61202"},{"taxonomy":"product_cat","embeddable":true,"href":"https:\/\/www.argensend.com\/en\/wp-json\/wp\/v2\/product_cat?post=61202"},{"taxonomy":"product_tag","embeddable":true,"href":"https:\/\/www.argensend.com\/en\/wp-json\/wp\/v2\/product_tag?post=61202"}],"curies":[{"name":"wp","href":"https:\/\/api.w.org\/{rel}","templated":true}]}}