{"id":61480,"date":"2023-02-22T13:03:24","date_gmt":"2023-02-22T16:03:24","guid":{"rendered":"https:\/\/www.argensend.com\/?post_type=product&#038;p=61480"},"modified":"2024-12-06T16:34:20","modified_gmt":"2024-12-06T19:34:20","slug":"lidherma-detoxify-charcoal-mask","status":"publish","type":"product","link":"https:\/\/www.argensend.com\/en\/product\/lidherma-detoxify-charcoal-mask\/","title":{"rendered":"Lidherma &#8211; Mascara Detoxify Charcoal"},"content":{"rendered":"","protected":false},"excerpt":{"rendered":"<div class=\"copete\"><span>Crema gel con propiedades desintoxicantes, capaz de adsorber toxinas.\u00a0<\/span><\/div>\n<div class=\"texto\">Tiene acci\u00f3n purificante y antioxidante. Extrae las impurezas de la barrera epicut\u00e1nea y ayuda a la reparaci\u00f3n de la piel. Hidrata, revitaliza y aumenta la luminosidad. Para hombres y mujeres de toda edad y tipo de piel.<\/div>\n<div><\/div>\n<div>EN:<\/div>\n<div><\/div>\n<div>Gel cream with detoxifying properties, capable of adsorbing toxins.<br \/>\nIt has purifying and antioxidant action. Removes impurities from the epicutaneous barrier and helps skin repair. Moisturizes, revitalizes and enhances radiance. For men and women of all ages and skin types.<\/div>","protected":false},"featured_media":61481,"comment_status":"closed","ping_status":"closed","template":"","meta":{"_acf_changed":false,"om_disable_all_campaigns":false,"_monsterinsights_skip_tracking":false,"_monsterinsights_sitenote_active":false,"_monsterinsights_sitenote_note":"","_monsterinsights_sitenote_category":0},"etheme_brands":[],"product_brand":[],"product_cat":[8935],"product_tag":[1612,4249,9259,3356,3358,807,4266,9206],"class_list":{"0":"post-61480","1":"product","2":"type-product","3":"status-publish","4":"has-post-thumbnail","6":"product_cat-belleza-y-salud","7":"product_tag-belleza","8":"product_tag-gel","9":"product_tag-lidherma","10":"product_tag-mascara","11":"product_tag-mask","12":"product_tag-salud","13":"product_tag-skin","14":"product_tag-skincare","16":"first","17":"instock","18":"taxable","19":"shipping-taxable","20":"purchasable","21":"product-type-simple"},"acf":[],"aioseo_notices":[],"_links":{"self":[{"href":"https:\/\/www.argensend.com\/en\/wp-json\/wp\/v2\/product\/61480","targetHints":{"allow":["GET"]}}],"collection":[{"href":"https:\/\/www.argensend.com\/en\/wp-json\/wp\/v2\/product"}],"about":[{"href":"https:\/\/www.argensend.com\/en\/wp-json\/wp\/v2\/types\/product"}],"replies":[{"embeddable":true,"href":"https:\/\/www.argensend.com\/en\/wp-json\/wp\/v2\/comments?post=61480"}],"version-history":[{"count":2,"href":"https:\/\/www.argensend.com\/en\/wp-json\/wp\/v2\/product\/61480\/revisions"}],"predecessor-version":[{"id":81111,"href":"https:\/\/www.argensend.com\/en\/wp-json\/wp\/v2\/product\/61480\/revisions\/81111"}],"wp:featuredmedia":[{"embeddable":true,"href":"https:\/\/www.argensend.com\/en\/wp-json\/wp\/v2\/media\/61481"}],"wp:attachment":[{"href":"https:\/\/www.argensend.com\/en\/wp-json\/wp\/v2\/media?parent=61480"}],"wp:term":[{"taxonomy":"brand","embeddable":true,"href":"https:\/\/www.argensend.com\/en\/wp-json\/wp\/v2\/etheme_brands?post=61480"},{"taxonomy":"product_brand","embeddable":true,"href":"https:\/\/www.argensend.com\/en\/wp-json\/wp\/v2\/product_brand?post=61480"},{"taxonomy":"product_cat","embeddable":true,"href":"https:\/\/www.argensend.com\/en\/wp-json\/wp\/v2\/product_cat?post=61480"},{"taxonomy":"product_tag","embeddable":true,"href":"https:\/\/www.argensend.com\/en\/wp-json\/wp\/v2\/product_tag?post=61480"}],"curies":[{"name":"wp","href":"https:\/\/api.w.org\/{rel}","templated":true}]}}