{"id":61482,"date":"2023-02-22T13:04:01","date_gmt":"2023-02-22T16:04:01","guid":{"rendered":"https:\/\/www.argensend.com\/?post_type=product&#038;p=61482"},"modified":"2024-12-06T16:34:20","modified_gmt":"2024-12-06T19:34:20","slug":"lidherma-mascara-equilibrante-balancing-mask","status":"publish","type":"product","link":"https:\/\/www.argensend.com\/en\/product\/lidherma-mascara-equilibrante-balancing-mask\/","title":{"rendered":"Lidherma &#8211; M\u00e1scara Equilibrante"},"content":{"rendered":"","protected":false},"excerpt":{"rendered":"<div>\n<div class=\"copete\">M\u00e1scara de textura cremosa con tierras naturales y minerales que ayudan a controlar el exceso de sebo y remineralizan la piel.<\/div>\n<div class=\"texto\">Remueve las c\u00e9lulas muertas, tiene acci\u00f3n bactericida y un suave efecto exfoliante. Sus activos equilibran el pH y apaciguan los signos inflamatorios posteriores a tratamientos como peeling, dermoabrasi\u00f3n o extracciones. Est\u00e1 indicada para todo tipo de piel, aun sensibles y con acn\u00e9.<\/div>\n<\/div>\n<div><\/div>\n<div>EN:<\/div>\n<div><\/div>\n<div>Creamy-textured mask with natural earth and minerals that help control excess sebum and remineralize the skin.<br \/>\nIt removes dead cells, has a bactericidal action and a gentle exfoliating effect. Its active ingredients balance the pH and soothe inflammatory signs following treatments such as peeling, dermabrasion or extractions. It is suitable for all skin types, even sensitive and acne-prone skin.<\/div>","protected":false},"featured_media":61483,"comment_status":"closed","ping_status":"closed","template":"","meta":{"_acf_changed":false,"om_disable_all_campaigns":false,"_monsterinsights_skip_tracking":false,"_monsterinsights_sitenote_active":false,"_monsterinsights_sitenote_note":"","_monsterinsights_sitenote_category":0},"etheme_brands":[],"product_brand":[],"product_cat":[8935],"product_tag":[1612,4249,9259,3356,3358,807,4266,9206],"class_list":{"0":"post-61482","1":"product","2":"type-product","3":"status-publish","4":"has-post-thumbnail","6":"product_cat-belleza-y-salud","7":"product_tag-belleza","8":"product_tag-gel","9":"product_tag-lidherma","10":"product_tag-mascara","11":"product_tag-mask","12":"product_tag-salud","13":"product_tag-skin","14":"product_tag-skincare","16":"first","17":"instock","18":"taxable","19":"shipping-taxable","20":"purchasable","21":"product-type-simple"},"acf":[],"aioseo_notices":[],"_links":{"self":[{"href":"https:\/\/www.argensend.com\/en\/wp-json\/wp\/v2\/product\/61482","targetHints":{"allow":["GET"]}}],"collection":[{"href":"https:\/\/www.argensend.com\/en\/wp-json\/wp\/v2\/product"}],"about":[{"href":"https:\/\/www.argensend.com\/en\/wp-json\/wp\/v2\/types\/product"}],"replies":[{"embeddable":true,"href":"https:\/\/www.argensend.com\/en\/wp-json\/wp\/v2\/comments?post=61482"}],"version-history":[{"count":1,"href":"https:\/\/www.argensend.com\/en\/wp-json\/wp\/v2\/product\/61482\/revisions"}],"predecessor-version":[{"id":72125,"href":"https:\/\/www.argensend.com\/en\/wp-json\/wp\/v2\/product\/61482\/revisions\/72125"}],"wp:featuredmedia":[{"embeddable":true,"href":"https:\/\/www.argensend.com\/en\/wp-json\/wp\/v2\/media\/61483"}],"wp:attachment":[{"href":"https:\/\/www.argensend.com\/en\/wp-json\/wp\/v2\/media?parent=61482"}],"wp:term":[{"taxonomy":"brand","embeddable":true,"href":"https:\/\/www.argensend.com\/en\/wp-json\/wp\/v2\/etheme_brands?post=61482"},{"taxonomy":"product_brand","embeddable":true,"href":"https:\/\/www.argensend.com\/en\/wp-json\/wp\/v2\/product_brand?post=61482"},{"taxonomy":"product_cat","embeddable":true,"href":"https:\/\/www.argensend.com\/en\/wp-json\/wp\/v2\/product_cat?post=61482"},{"taxonomy":"product_tag","embeddable":true,"href":"https:\/\/www.argensend.com\/en\/wp-json\/wp\/v2\/product_tag?post=61482"}],"curies":[{"name":"wp","href":"https:\/\/api.w.org\/{rel}","templated":true}]}}