{"id":61871,"date":"2023-03-01T15:03:45","date_gmt":"2023-03-01T18:03:45","guid":{"rendered":"https:\/\/www.argensend.com\/?post_type=product&#038;p=61871"},"modified":"2024-12-06T16:34:36","modified_gmt":"2024-12-06T19:34:36","slug":"aveno-gel-de-limpieza-extrasuave-x-250-ml-extrasoft-cleansing-gel-x-250-ml","status":"publish","type":"product","link":"https:\/\/www.argensend.com\/en\/product\/aveno-gel-de-limpieza-extrasuave-x-250-ml-extrasoft-cleansing-gel-x-250-ml\/","title":{"rendered":"Aveno &#8211; Gel de Limpieza Extrasuave &#8211; 250ml"},"content":{"rendered":"","protected":false},"excerpt":{"rendered":"<p><span style=\"color: #000000\">El gel de limpieza Aveno Extrasuave es un humectante y protector recomendado para la higiene de todos los tipos de pieles. Combina una limpieza profunda, una correcta humectaci\u00f3n y una adecuada protecci\u00f3n microbiana y antis\u00e9ptica, adem\u00e1s de absorber el exceso de grasitud y eliminar impurezas. Puede ser usado en forma \u00fanica o asociado en tratamientos dermatol\u00f3gicos y cosm\u00e9ticos. No agrede el manto lip\u00eddico. Posee una agradable textura sin dejar brillo oleoso ya que se encuentra libre de jabones, grasas y sustancias irritantes.<\/span><br \/>\n<span style=\"color: #000000\">Modo de Uso: Aplicar sobre el rostro y\/o cuerpo previamente humedecido y masajear hasta formar una espuma. Luego enjuagar con abundante agua. Es recomendable su utilizaci\u00f3n diaria para la limpieza facial y\/o corporal.<\/span><\/p>\n<p>ENGLISH<\/p>\n<p>Aveno Extrasoft cleansing gel is a moisturizing and protective gel recommended for the hygiene of all skin types. It combines deep cleaning, proper moisturizing and adequate microbial and antiseptic protection, in addition to absorbing excess oiliness and eliminating impurities. It can be used alone or associated with dermatological and cosmetic treatments. It has a pleasant texture without leaving an oily shine because it is free of soaps, fats and irritating substances.<br \/>\nHow to use: Apply on the face and\/or body previously moistened and massage until a foam is formed. Then rinse with plenty of water. It is recommended for daily use for facial and\/or body cleansing.<\/p>\n<p>&nbsp;<\/p>","protected":false},"featured_media":61872,"comment_status":"closed","ping_status":"closed","template":"","meta":{"_acf_changed":false,"om_disable_all_campaigns":false,"_monsterinsights_skip_tracking":false,"_monsterinsights_sitenote_active":false,"_monsterinsights_sitenote_note":"","_monsterinsights_sitenote_category":0},"etheme_brands":[],"product_brand":[],"product_cat":[8819,8820],"product_tag":[9679,9700,3246,9702,6564,9701,4266,9206],"class_list":{"0":"post-61871","1":"product","2":"type-product","3":"status-publish","4":"has-post-thumbnail","6":"product_cat-farmacia","7":"product_cat-jabones-y-shampoo","8":"product_tag-abrasiva","9":"product_tag-aveno","10":"product_tag-beauty","11":"product_tag-cleaning-gel","12":"product_tag-formula","13":"product_tag-gel-de-limpieza","14":"product_tag-skin","15":"product_tag-skincare","17":"first","18":"instock","19":"taxable","20":"shipping-taxable","21":"purchasable","22":"product-type-simple"},"acf":[],"aioseo_notices":[],"_links":{"self":[{"href":"https:\/\/www.argensend.com\/en\/wp-json\/wp\/v2\/product\/61871","targetHints":{"allow":["GET"]}}],"collection":[{"href":"https:\/\/www.argensend.com\/en\/wp-json\/wp\/v2\/product"}],"about":[{"href":"https:\/\/www.argensend.com\/en\/wp-json\/wp\/v2\/types\/product"}],"replies":[{"embeddable":true,"href":"https:\/\/www.argensend.com\/en\/wp-json\/wp\/v2\/comments?post=61871"}],"version-history":[{"count":2,"href":"https:\/\/www.argensend.com\/en\/wp-json\/wp\/v2\/product\/61871\/revisions"}],"predecessor-version":[{"id":104675,"href":"https:\/\/www.argensend.com\/en\/wp-json\/wp\/v2\/product\/61871\/revisions\/104675"}],"wp:featuredmedia":[{"embeddable":true,"href":"https:\/\/www.argensend.com\/en\/wp-json\/wp\/v2\/media\/61872"}],"wp:attachment":[{"href":"https:\/\/www.argensend.com\/en\/wp-json\/wp\/v2\/media?parent=61871"}],"wp:term":[{"taxonomy":"brand","embeddable":true,"href":"https:\/\/www.argensend.com\/en\/wp-json\/wp\/v2\/etheme_brands?post=61871"},{"taxonomy":"product_brand","embeddable":true,"href":"https:\/\/www.argensend.com\/en\/wp-json\/wp\/v2\/product_brand?post=61871"},{"taxonomy":"product_cat","embeddable":true,"href":"https:\/\/www.argensend.com\/en\/wp-json\/wp\/v2\/product_cat?post=61871"},{"taxonomy":"product_tag","embeddable":true,"href":"https:\/\/www.argensend.com\/en\/wp-json\/wp\/v2\/product_tag?post=61871"}],"curies":[{"name":"wp","href":"https:\/\/api.w.org\/{rel}","templated":true}]}}