{"id":61893,"date":"2023-03-01T15:45:47","date_gmt":"2023-03-01T18:45:47","guid":{"rendered":"https:\/\/www.argensend.com\/?post_type=product&#038;p=61893"},"modified":"2024-12-06T16:34:37","modified_gmt":"2024-12-06T19:34:37","slug":"aveno-acondicionador-restaurador-capilar-x-250-ml-hair-restorative-conditioner-x-250-ml","status":"publish","type":"product","link":"https:\/\/www.argensend.com\/en\/product\/aveno-acondicionador-restaurador-capilar-x-250-ml-hair-restorative-conditioner-x-250-ml\/","title":{"rendered":"Aveno &#8211; Acondicionador Restaurador Capilar &#8211; 250ml"},"content":{"rendered":"","protected":false},"excerpt":{"rendered":"<p>El Acondicionador Aveno Restaurador Capilar x 250 ml, es un protector, emoliente y restaurador capilar recomendado para cabellos finos, da\u00f1ados, quebradizos, faltos de brillo o maltratados con cuero cabelludo sensible o reactivo. Facilita el peinado, otorgando suavidad, docilidad y brillo natural. Repara las puntas da\u00f1adas.<\/p>\n<p>Modo de Uso:<\/p>\n<p>Aplicar sobre el cabello h\u00famedo con fricciones suaves durante 3 o 4 minutos para facilitar la dispersi\u00f3n pareja del producto. Enjuagar con abundante agua tibia. Utilizar despu\u00e9s de cada lavado.<\/p>\n<p>EN: Aveno Hair Restorer Conditioner x 250 ml is a hair protector, emollient and restorer recommended for fine, damaged, brittle, dull or damaged hair with sensitive or reactive scalp. Facilitates combing, providing softness, manageability and natural shine. Repairs damaged ends.<\/p>\n<p>How to use:<\/p>\n<p>Apply to wet hair with gentle friction for 3 to 4 minutes to facilitate even dispersion of the product. Rinse with plenty of lukewarm water. Use after every wash.<\/p>","protected":false},"featured_media":61895,"comment_status":"closed","ping_status":"closed","template":"","meta":{"_acf_changed":false,"om_disable_all_campaigns":false,"_monsterinsights_skip_tracking":false,"_monsterinsights_sitenote_active":false,"_monsterinsights_sitenote_note":"","_monsterinsights_sitenote_category":0},"etheme_brands":[],"product_brand":[],"product_cat":[8819,8820],"product_tag":[9679,5427,9700,4246,3246,9702,6504,6564,9701,4266],"class_list":{"0":"post-61893","1":"product","2":"type-product","3":"status-publish","4":"has-post-thumbnail","6":"product_cat-farmacia","7":"product_cat-jabones-y-shampoo","8":"product_tag-abrasiva","9":"product_tag-acondicionador","10":"product_tag-aveno","11":"product_tag-bath","12":"product_tag-beauty","13":"product_tag-cleaning-gel","14":"product_tag-conditioner","15":"product_tag-formula","16":"product_tag-gel-de-limpieza","17":"product_tag-skin","19":"first","20":"instock","21":"taxable","22":"shipping-taxable","23":"purchasable","24":"product-type-simple"},"acf":[],"aioseo_notices":[],"_links":{"self":[{"href":"https:\/\/www.argensend.com\/en\/wp-json\/wp\/v2\/product\/61893","targetHints":{"allow":["GET"]}}],"collection":[{"href":"https:\/\/www.argensend.com\/en\/wp-json\/wp\/v2\/product"}],"about":[{"href":"https:\/\/www.argensend.com\/en\/wp-json\/wp\/v2\/types\/product"}],"replies":[{"embeddable":true,"href":"https:\/\/www.argensend.com\/en\/wp-json\/wp\/v2\/comments?post=61893"}],"version-history":[{"count":2,"href":"https:\/\/www.argensend.com\/en\/wp-json\/wp\/v2\/product\/61893\/revisions"}],"predecessor-version":[{"id":104680,"href":"https:\/\/www.argensend.com\/en\/wp-json\/wp\/v2\/product\/61893\/revisions\/104680"}],"wp:featuredmedia":[{"embeddable":true,"href":"https:\/\/www.argensend.com\/en\/wp-json\/wp\/v2\/media\/61895"}],"wp:attachment":[{"href":"https:\/\/www.argensend.com\/en\/wp-json\/wp\/v2\/media?parent=61893"}],"wp:term":[{"taxonomy":"brand","embeddable":true,"href":"https:\/\/www.argensend.com\/en\/wp-json\/wp\/v2\/etheme_brands?post=61893"},{"taxonomy":"product_brand","embeddable":true,"href":"https:\/\/www.argensend.com\/en\/wp-json\/wp\/v2\/product_brand?post=61893"},{"taxonomy":"product_cat","embeddable":true,"href":"https:\/\/www.argensend.com\/en\/wp-json\/wp\/v2\/product_cat?post=61893"},{"taxonomy":"product_tag","embeddable":true,"href":"https:\/\/www.argensend.com\/en\/wp-json\/wp\/v2\/product_tag?post=61893"}],"curies":[{"name":"wp","href":"https:\/\/api.w.org\/{rel}","templated":true}]}}