{"id":61900,"date":"2023-03-01T15:51:27","date_gmt":"2023-03-01T18:51:27","guid":{"rendered":"https:\/\/www.argensend.com\/?post_type=product&#038;p=61900"},"modified":"2024-12-06T16:34:40","modified_gmt":"2024-12-06T19:34:40","slug":"aveno-kit-capilar-infantil-shampoo-x-250-ml-acondicionador-x-250-ml-childrens-hair-kit-shampoo-x-250-ml-conditioner-x-250-ml","status":"publish","type":"product","link":"https:\/\/www.argensend.com\/en\/product\/aveno-kit-capilar-infantil-shampoo-x-250-ml-acondicionador-x-250-ml-childrens-hair-kit-shampoo-x-250-ml-conditioner-x-250-ml\/","title":{"rendered":"Aveno &#8211; Kit Capilar Infantil Shampoo &#8211; 250ml + Acondicionador &#8211; 250ml"},"content":{"rendered":"","protected":false},"excerpt":{"rendered":"<p>Shampoo Infantil Aveno x 250 ml<\/p>\n<p>Aveno Infantil Shampoo limpia, humecta y protege el cuero cabelludo sensible y reactivo del ni\u00f1o. Su acci\u00f3n terap\u00e9utica convierte al producto en hidratante, protector y emoliente, adem\u00e1s de antis\u00e9ptico del cuero cabelludo. Otorga docilidad, brillo y suavidad al cabello. Reduce la seborrea del lactante y ayuda a mejorar los cabellos secos y deshidratados. No tiene conservantes y no irrita los ojos.<\/p>\n<p>Acondicionador Infantil Aveno x 250 ml<\/p>\n<p>Restaura y protege profundamente la fibra capilar infantil respetando su fragilidad por su alto contenido de avena natural. Facilita el peinado, otorgando suavidad, docilidad y brillo natural, permitiendo desenredar sin dar tirones. No tiene conservantes y no irrita los ojos. Apto para pieles at\u00f3picas.<\/p>\n<p>ENGLISH<\/p>\n<p>Aveno Infant Shampoo x 250 ml<\/p>\n<p>Aveno Infant Shampoo cleans, moisturizes and protects children&#8217;s sensitive and reactive scalp. Its therapeutic action makes the product moisturizing, protective and emollient, as well as antiseptic for the scalp. Gives docility, shine and softness to the hair. Reduces infant seborrhea and helps to improve dry and dehydrated hair. It has no preservatives and does not irritate the eyes.<\/p>\n<p>Aveno Infant Conditioner x 250 ml<\/p>\n<p>Deeply restores and protects children&#8217;s hair fiber while respecting its fragility due to its high content of natural oatmeal. Facilitates combing, providing softness, docility and natural shine, allowing untangling without tugging. It has no preservatives and does not irritate the eyes. Suitable for atopic skins.<\/p>","protected":false},"featured_media":61902,"comment_status":"closed","ping_status":"closed","template":"","meta":{"_acf_changed":false,"om_disable_all_campaigns":false,"_monsterinsights_skip_tracking":false,"_monsterinsights_sitenote_active":false,"_monsterinsights_sitenote_note":"","_monsterinsights_sitenote_category":0},"etheme_brands":[],"product_brand":[],"product_cat":[8819,8820],"product_tag":[9679,5427,9700,3295,4246,3246,9702,6504,6564,9701,4266],"class_list":{"0":"post-61900","1":"product","2":"type-product","3":"status-publish","4":"has-post-thumbnail","6":"product_cat-farmacia","7":"product_cat-jabones-y-shampoo","8":"product_tag-abrasiva","9":"product_tag-acondicionador","10":"product_tag-aveno","11":"product_tag-baby","12":"product_tag-bath","13":"product_tag-beauty","14":"product_tag-cleaning-gel","15":"product_tag-conditioner","16":"product_tag-formula","17":"product_tag-gel-de-limpieza","18":"product_tag-skin","20":"first","21":"instock","22":"taxable","23":"shipping-taxable","24":"purchasable","25":"product-type-simple"},"acf":[],"aioseo_notices":[],"_links":{"self":[{"href":"https:\/\/www.argensend.com\/en\/wp-json\/wp\/v2\/product\/61900","targetHints":{"allow":["GET"]}}],"collection":[{"href":"https:\/\/www.argensend.com\/en\/wp-json\/wp\/v2\/product"}],"about":[{"href":"https:\/\/www.argensend.com\/en\/wp-json\/wp\/v2\/types\/product"}],"replies":[{"embeddable":true,"href":"https:\/\/www.argensend.com\/en\/wp-json\/wp\/v2\/comments?post=61900"}],"version-history":[{"count":2,"href":"https:\/\/www.argensend.com\/en\/wp-json\/wp\/v2\/product\/61900\/revisions"}],"predecessor-version":[{"id":104683,"href":"https:\/\/www.argensend.com\/en\/wp-json\/wp\/v2\/product\/61900\/revisions\/104683"}],"wp:featuredmedia":[{"embeddable":true,"href":"https:\/\/www.argensend.com\/en\/wp-json\/wp\/v2\/media\/61902"}],"wp:attachment":[{"href":"https:\/\/www.argensend.com\/en\/wp-json\/wp\/v2\/media?parent=61900"}],"wp:term":[{"taxonomy":"brand","embeddable":true,"href":"https:\/\/www.argensend.com\/en\/wp-json\/wp\/v2\/etheme_brands?post=61900"},{"taxonomy":"product_brand","embeddable":true,"href":"https:\/\/www.argensend.com\/en\/wp-json\/wp\/v2\/product_brand?post=61900"},{"taxonomy":"product_cat","embeddable":true,"href":"https:\/\/www.argensend.com\/en\/wp-json\/wp\/v2\/product_cat?post=61900"},{"taxonomy":"product_tag","embeddable":true,"href":"https:\/\/www.argensend.com\/en\/wp-json\/wp\/v2\/product_tag?post=61900"}],"curies":[{"name":"wp","href":"https:\/\/api.w.org\/{rel}","templated":true}]}}