{"id":61903,"date":"2023-03-01T15:52:36","date_gmt":"2023-03-01T18:52:36","guid":{"rendered":"https:\/\/www.argensend.com\/?post_type=product&#038;p=61903"},"modified":"2024-12-06T16:34:40","modified_gmt":"2024-12-06T19:34:40","slug":"johnsons-jabon-liquido-para-bebe-recien-nacido-x-200-ml-newborn-baby-soap-liquid-x-200-m","status":"publish","type":"product","link":"https:\/\/www.argensend.com\/en\/product\/johnsons-jabon-liquido-para-bebe-recien-nacido-x-200-ml-newborn-baby-soap-liquid-x-200-m\/","title":{"rendered":"Johnson&#8217;s &#8211; Jab\u00f3n Liquido para Beb\u00e9 Reci\u00e9n Nacido 200ml"},"content":{"rendered":"","protected":false},"excerpt":{"rendered":"","protected":false},"featured_media":61905,"comment_status":"closed","ping_status":"closed","template":"","meta":{"_acf_changed":false,"om_disable_all_campaigns":false,"_monsterinsights_skip_tracking":false,"_monsterinsights_sitenote_active":false,"_monsterinsights_sitenote_note":"","_monsterinsights_sitenote_category":0},"etheme_brands":[],"product_brand":[],"product_cat":[8820,8818],"product_tag":[456,464,467,466,465],"class_list":{"0":"post-61903","1":"product","2":"type-product","3":"status-publish","4":"has-post-thumbnail","6":"product_cat-jabones-y-shampoo","7":"product_cat-perfumeria","8":"product_tag-crema","9":"product_tag-crema-dermaglos","10":"product_tag-crema-en-pote","11":"product_tag-crema-facial","12":"product_tag-dermaglos","14":"first","15":"instock","16":"taxable","17":"shipping-taxable","18":"purchasable","19":"product-type-simple"},"acf":[],"aioseo_notices":[],"_links":{"self":[{"href":"https:\/\/www.argensend.com\/en\/wp-json\/wp\/v2\/product\/61903","targetHints":{"allow":["GET"]}}],"collection":[{"href":"https:\/\/www.argensend.com\/en\/wp-json\/wp\/v2\/product"}],"about":[{"href":"https:\/\/www.argensend.com\/en\/wp-json\/wp\/v2\/types\/product"}],"replies":[{"embeddable":true,"href":"https:\/\/www.argensend.com\/en\/wp-json\/wp\/v2\/comments?post=61903"}],"version-history":[{"count":4,"href":"https:\/\/www.argensend.com\/en\/wp-json\/wp\/v2\/product\/61903\/revisions"}],"predecessor-version":[{"id":107565,"href":"https:\/\/www.argensend.com\/en\/wp-json\/wp\/v2\/product\/61903\/revisions\/107565"}],"wp:featuredmedia":[{"embeddable":true,"href":"https:\/\/www.argensend.com\/en\/wp-json\/wp\/v2\/media\/61905"}],"wp:attachment":[{"href":"https:\/\/www.argensend.com\/en\/wp-json\/wp\/v2\/media?parent=61903"}],"wp:term":[{"taxonomy":"brand","embeddable":true,"href":"https:\/\/www.argensend.com\/en\/wp-json\/wp\/v2\/etheme_brands?post=61903"},{"taxonomy":"product_brand","embeddable":true,"href":"https:\/\/www.argensend.com\/en\/wp-json\/wp\/v2\/product_brand?post=61903"},{"taxonomy":"product_cat","embeddable":true,"href":"https:\/\/www.argensend.com\/en\/wp-json\/wp\/v2\/product_cat?post=61903"},{"taxonomy":"product_tag","embeddable":true,"href":"https:\/\/www.argensend.com\/en\/wp-json\/wp\/v2\/product_tag?post=61903"}],"curies":[{"name":"wp","href":"https:\/\/api.w.org\/{rel}","templated":true}]}}