{"id":61937,"date":"2023-03-02T08:47:03","date_gmt":"2023-03-02T11:47:03","guid":{"rendered":"https:\/\/www.argensend.com\/?post_type=product&#038;p=61937"},"modified":"2024-12-06T16:34:41","modified_gmt":"2024-12-06T19:34:41","slug":"aveno-shampoo-infantil-x-250-ml-childrens-shampoo-x-250-ml","status":"publish","type":"product","link":"https:\/\/www.argensend.com\/en\/product\/aveno-shampoo-infantil-x-250-ml-childrens-shampoo-x-250-ml\/","title":{"rendered":"Aveno &#8211; Shampoo Infantil &#8211; 250ml"},"content":{"rendered":"","protected":false},"excerpt":{"rendered":"<p>Aveno Infantil Shampoo limpia, humecta y protege el cuero cabelludo sensible y reactivo del ni\u00f1o. Su acci\u00f3n terap\u00e9utica convierte al producto en hidratante, protector y emoliente, adem\u00e1s de antis\u00e9ptico del cuero cabelludo. Otorga docilidad, brillo y suavidad al cabello. Reduce la seborrea del lactante y ayuda a mejorar los cabellos secos y deshidratados. No tiene conservantes y no irrita los ojos.<br \/>\nModo de uso :<br \/>\nHumedecer el cabello y masajear activamente con una cantidad apropiada de shampoo. Enjuagar y aplicar el acondicionador masajeando durante uno o dos minutos, finalizar el lavado enjuagando con abundante agua tibia. Es recomendable su uso diario.<\/p>\n<p>ENGLISH:\u00a0 Aveno Infantil Shampoo cleans, moisturizes and protects children&#8217;s sensitive and reactive scalp. Its therapeutic action makes the product moisturizing, protective and emollient, as well as antiseptic for the scalp. Gives docility, shine and softness to the hair. Reduces infant seborrhea and helps to improve dry and dehydrated hair. Does not contain preservatives and does not irritate the eyes.<br \/>\nHow to use :<br \/>\nWet hair and actively massage with an appropriate amount of shampoo. Rinse and apply the conditioner massaging for one or two minutes, finish washing by rinsing with plenty of lukewarm water. Daily use is recommended.<\/p>","protected":false},"featured_media":61946,"comment_status":"closed","ping_status":"closed","template":"","meta":{"_acf_changed":false,"om_disable_all_campaigns":false,"_monsterinsights_skip_tracking":false,"_monsterinsights_sitenote_active":false,"_monsterinsights_sitenote_note":"","_monsterinsights_sitenote_category":0},"etheme_brands":[],"product_brand":[],"product_cat":[8935,8819,8820],"product_tag":[9700,3295,4246,3246,9702,6504,6564,9701,3925,4266],"class_list":{"0":"post-61937","1":"product","2":"type-product","3":"status-publish","4":"has-post-thumbnail","6":"product_cat-belleza-y-salud","7":"product_cat-farmacia","8":"product_cat-jabones-y-shampoo","9":"product_tag-aveno","10":"product_tag-baby","11":"product_tag-bath","12":"product_tag-beauty","13":"product_tag-cleaning-gel","14":"product_tag-conditioner","15":"product_tag-formula","16":"product_tag-gel-de-limpieza","17":"product_tag-shampoo","18":"product_tag-skin","20":"first","21":"instock","22":"taxable","23":"shipping-taxable","24":"purchasable","25":"product-type-simple"},"acf":[],"aioseo_notices":[],"_links":{"self":[{"href":"https:\/\/www.argensend.com\/en\/wp-json\/wp\/v2\/product\/61937","targetHints":{"allow":["GET"]}}],"collection":[{"href":"https:\/\/www.argensend.com\/en\/wp-json\/wp\/v2\/product"}],"about":[{"href":"https:\/\/www.argensend.com\/en\/wp-json\/wp\/v2\/types\/product"}],"replies":[{"embeddable":true,"href":"https:\/\/www.argensend.com\/en\/wp-json\/wp\/v2\/comments?post=61937"}],"version-history":[{"count":3,"href":"https:\/\/www.argensend.com\/en\/wp-json\/wp\/v2\/product\/61937\/revisions"}],"predecessor-version":[{"id":104688,"href":"https:\/\/www.argensend.com\/en\/wp-json\/wp\/v2\/product\/61937\/revisions\/104688"}],"wp:featuredmedia":[{"embeddable":true,"href":"https:\/\/www.argensend.com\/en\/wp-json\/wp\/v2\/media\/61946"}],"wp:attachment":[{"href":"https:\/\/www.argensend.com\/en\/wp-json\/wp\/v2\/media?parent=61937"}],"wp:term":[{"taxonomy":"brand","embeddable":true,"href":"https:\/\/www.argensend.com\/en\/wp-json\/wp\/v2\/etheme_brands?post=61937"},{"taxonomy":"product_brand","embeddable":true,"href":"https:\/\/www.argensend.com\/en\/wp-json\/wp\/v2\/product_brand?post=61937"},{"taxonomy":"product_cat","embeddable":true,"href":"https:\/\/www.argensend.com\/en\/wp-json\/wp\/v2\/product_cat?post=61937"},{"taxonomy":"product_tag","embeddable":true,"href":"https:\/\/www.argensend.com\/en\/wp-json\/wp\/v2\/product_tag?post=61937"}],"curies":[{"name":"wp","href":"https:\/\/api.w.org\/{rel}","templated":true}]}}