{"id":61945,"date":"2023-03-02T08:58:16","date_gmt":"2023-03-02T11:58:16","guid":{"rendered":"https:\/\/www.argensend.com\/?post_type=product&#038;p=61945"},"modified":"2024-12-06T16:34:41","modified_gmt":"2024-12-06T19:34:41","slug":"aveno-emulsion-emoliente-y-suavizante-para-pieles-sensibles-x-250-ml-emollient-and-smoothing-emulsion-for-sensitive-skin-x-250-ml","status":"publish","type":"product","link":"https:\/\/www.argensend.com\/en\/product\/aveno-emulsion-emoliente-y-suavizante-para-pieles-sensibles-x-250-ml-emollient-and-smoothing-emulsion-for-sensitive-skin-x-250-ml\/","title":{"rendered":"Aveno &#8211; Emulsi\u00f3n Emoliente y Suavizante para Pieles Sensibles &#8211; 250ml"},"content":{"rendered":"","protected":false},"excerpt":{"rendered":"<p>La emulsi\u00f3n Aveno Emoliente y Suavizante, es hidratante, protectora, humectante, emoliente, refrescante y antis\u00e9ptica. Es recomendada para pieles sensibles, favoreciendo la hidrataci\u00f3n diaria de cara y cuerpo. Restaura el pH normal de la piel manteni\u00e9ndolo en 5.5. Debido a su composici\u00f3n a base de avena, ayuda a retener el agua evitando la deshidrataci\u00f3n de la piel y manteni\u00e9ndola protegida de las posibles agresiones externas. Reconstituye la funci\u00f3n barrera de la piel. Es \u00fatil en casos leves de urticaria; quemaduras solares leves; prurito desencadenado por calor y por rash cut\u00e1neo; en caso de picaduras de insectos, enfermedades eruptivas comunes de la infancia; dermatitis at\u00f3pica; dermatitis de contacto irritativas y al\u00e9rgicas. Sin perfume e hipoalerg\u00e9nica.<\/p>\n<p>Modo de Uso:<br \/>\nAplicar sobre la piel una cantidad apropiada con suaves masajes. Es recomendable su utilizaci\u00f3n tres o m\u00e1s veces por d\u00eda de acuerdo al tipo de piel.<\/p>\n<p>ENGLISH:\u00a0 \u00a0 Aveno Emollient and Soothing Emulsion is moisturizing, protective, moisturizing, emollient, refreshing and antiseptic. It is recommended for sensitive skin, promoting daily hydration of face and body. It restores the normal pH of the skin maintaining it at 5.5. Due to its oat-based composition, it helps to retain water avoiding skin dehydration and keeping it protected from possible external aggressions. It reconstitutes the skin barrier function. It is useful in mild cases of urticaria; mild sunburn; pruritus triggered by heat and skin rash; in case of insect bites, common eruptive diseases of childhood; atopic dermatitis; irritative and allergic contact dermatitis. Fragrance-free and hypoallergenic.<\/p>\n<p>Mode of Use:<br \/>\nApply on the skin an appropriate amount with gentle massages. It is recommended to use three or more times per day according to skin type.<\/p>","protected":false},"featured_media":61947,"comment_status":"closed","ping_status":"closed","template":"","meta":{"_acf_changed":false,"om_disable_all_campaigns":false,"_monsterinsights_skip_tracking":false,"_monsterinsights_sitenote_active":false,"_monsterinsights_sitenote_note":"","_monsterinsights_sitenote_category":0},"etheme_brands":[],"product_brand":[],"product_cat":[8935,8819,8820],"product_tag":[9700,3295,4246,3246,9702,6504,607,6564,9701,9704,4266],"class_list":{"0":"post-61945","1":"product","2":"type-product","3":"status-publish","4":"has-post-thumbnail","6":"product_cat-belleza-y-salud","7":"product_cat-farmacia","8":"product_cat-jabones-y-shampoo","9":"product_tag-aveno","10":"product_tag-baby","11":"product_tag-bath","12":"product_tag-beauty","13":"product_tag-cleaning-gel","14":"product_tag-conditioner","15":"product_tag-emulsion","16":"product_tag-formula","17":"product_tag-gel-de-limpieza","18":"product_tag-pieles-sensibles","19":"product_tag-skin","21":"first","22":"instock","23":"taxable","24":"shipping-taxable","25":"purchasable","26":"product-type-simple"},"acf":[],"aioseo_notices":[],"_links":{"self":[{"href":"https:\/\/www.argensend.com\/en\/wp-json\/wp\/v2\/product\/61945","targetHints":{"allow":["GET"]}}],"collection":[{"href":"https:\/\/www.argensend.com\/en\/wp-json\/wp\/v2\/product"}],"about":[{"href":"https:\/\/www.argensend.com\/en\/wp-json\/wp\/v2\/types\/product"}],"replies":[{"embeddable":true,"href":"https:\/\/www.argensend.com\/en\/wp-json\/wp\/v2\/comments?post=61945"}],"version-history":[{"count":2,"href":"https:\/\/www.argensend.com\/en\/wp-json\/wp\/v2\/product\/61945\/revisions"}],"predecessor-version":[{"id":104689,"href":"https:\/\/www.argensend.com\/en\/wp-json\/wp\/v2\/product\/61945\/revisions\/104689"}],"wp:featuredmedia":[{"embeddable":true,"href":"https:\/\/www.argensend.com\/en\/wp-json\/wp\/v2\/media\/61947"}],"wp:attachment":[{"href":"https:\/\/www.argensend.com\/en\/wp-json\/wp\/v2\/media?parent=61945"}],"wp:term":[{"taxonomy":"brand","embeddable":true,"href":"https:\/\/www.argensend.com\/en\/wp-json\/wp\/v2\/etheme_brands?post=61945"},{"taxonomy":"product_brand","embeddable":true,"href":"https:\/\/www.argensend.com\/en\/wp-json\/wp\/v2\/product_brand?post=61945"},{"taxonomy":"product_cat","embeddable":true,"href":"https:\/\/www.argensend.com\/en\/wp-json\/wp\/v2\/product_cat?post=61945"},{"taxonomy":"product_tag","embeddable":true,"href":"https:\/\/www.argensend.com\/en\/wp-json\/wp\/v2\/product_tag?post=61945"}],"curies":[{"name":"wp","href":"https:\/\/api.w.org\/{rel}","templated":true}]}}