{"id":61965,"date":"2023-03-02T10:18:27","date_gmt":"2023-03-02T13:18:27","guid":{"rendered":"https:\/\/www.argensend.com\/?post_type=product&#038;p=61965"},"modified":"2024-12-06T16:34:42","modified_gmt":"2024-12-06T19:34:42","slug":"aveno-jabon-compuesto-emoliente-en-barra-x-120-g-emollient-compound-soap-bar-x-120-g-2","status":"publish","type":"product","link":"https:\/\/www.argensend.com\/en\/product\/aveno-jabon-compuesto-emoliente-en-barra-x-120-g-emollient-compound-soap-bar-x-120-g-2\/","title":{"rendered":"Aveno &#8211; Jab\u00f3n Compuesto Emoliente en barra 120gr"},"content":{"rendered":"","protected":false},"excerpt":{"rendered":"<p>El Jab\u00f3n Compuesto Aveno Emoliente en barra x 120 g, tiene componentes a base de avena con propiedades antis\u00e9pticas, antiseborreicas, antipruriginosas y emolientes para pieles sensibles, reactivas, deshidratadas, inflamadas o pruriginosas. Colabora en la limpieza y humectaci\u00f3n de la piel evitando la irritaci\u00f3n de la misma brindando as\u00ed un efecto calmante. Recomendado para su utilizaci\u00f3n en la higiene diaria corporal y facial. Apto para higiene \u00edntima. Funciona como complemento en acn\u00e9, eccemas, foliculitis, psoriasis e imp\u00e9tigo.<\/p>\n<p>Modo de Uso:<br \/>\nAplicar jab\u00f3n Aveno sobre el rostro y\/o cuerpo previamente humedecido y masajear hasta formar una espuma. Luego enjuagar con abundante agua. Es recomendable su utilizaci\u00f3n de forma diaria para la limpieza facial y\/o corporal.<\/p>\n<p>ENGLISH:\u00a0 \u00a0 Aveno Emollient Compound Soap bar x 120 g has oat-based components with antiseptic, antiseborrheic, antipruritic and emollient properties for sensitive, reactive, dehydrated, inflamed or itchy skin. It collaborates in the cleansing and moisturizing of the skin avoiding skin irritation and providing a soothing effect. Recommended for use in daily body and facial hygiene. Suitable for intimate hygiene. Works as a complement in acne, eczema, folliculitis, psoriasis and impetigo.<\/p>\n<p>Directions for use:<br \/>\nApply Aveno soap on the face and\/or body previously moistened and massage until a lather is formed. Then rinse with plenty of water. It is recommended to use it daily for facial and\/or body cleansing.<\/p>","protected":false},"featured_media":61966,"comment_status":"closed","ping_status":"closed","template":"","meta":{"_acf_changed":false,"om_disable_all_campaigns":false,"_monsterinsights_skip_tracking":false,"_monsterinsights_sitenote_active":false,"_monsterinsights_sitenote_note":"","_monsterinsights_sitenote_category":0},"etheme_brands":[],"product_brand":[],"product_cat":[8935,8819,8820],"product_tag":[9679,5427,9700,4246,3246,9702,6504,6564,9701,4266],"class_list":{"0":"post-61965","1":"product","2":"type-product","3":"status-publish","4":"has-post-thumbnail","6":"product_cat-belleza-y-salud","7":"product_cat-farmacia","8":"product_cat-jabones-y-shampoo","9":"product_tag-abrasiva","10":"product_tag-acondicionador","11":"product_tag-aveno","12":"product_tag-bath","13":"product_tag-beauty","14":"product_tag-cleaning-gel","15":"product_tag-conditioner","16":"product_tag-formula","17":"product_tag-gel-de-limpieza","18":"product_tag-skin","20":"first","21":"instock","22":"taxable","23":"shipping-taxable","24":"purchasable","25":"product-type-simple"},"acf":[],"aioseo_notices":[],"_links":{"self":[{"href":"https:\/\/www.argensend.com\/en\/wp-json\/wp\/v2\/product\/61965","targetHints":{"allow":["GET"]}}],"collection":[{"href":"https:\/\/www.argensend.com\/en\/wp-json\/wp\/v2\/product"}],"about":[{"href":"https:\/\/www.argensend.com\/en\/wp-json\/wp\/v2\/types\/product"}],"replies":[{"embeddable":true,"href":"https:\/\/www.argensend.com\/en\/wp-json\/wp\/v2\/comments?post=61965"}],"version-history":[{"count":2,"href":"https:\/\/www.argensend.com\/en\/wp-json\/wp\/v2\/product\/61965\/revisions"}],"predecessor-version":[{"id":104692,"href":"https:\/\/www.argensend.com\/en\/wp-json\/wp\/v2\/product\/61965\/revisions\/104692"}],"wp:featuredmedia":[{"embeddable":true,"href":"https:\/\/www.argensend.com\/en\/wp-json\/wp\/v2\/media\/61966"}],"wp:attachment":[{"href":"https:\/\/www.argensend.com\/en\/wp-json\/wp\/v2\/media?parent=61965"}],"wp:term":[{"taxonomy":"brand","embeddable":true,"href":"https:\/\/www.argensend.com\/en\/wp-json\/wp\/v2\/etheme_brands?post=61965"},{"taxonomy":"product_brand","embeddable":true,"href":"https:\/\/www.argensend.com\/en\/wp-json\/wp\/v2\/product_brand?post=61965"},{"taxonomy":"product_cat","embeddable":true,"href":"https:\/\/www.argensend.com\/en\/wp-json\/wp\/v2\/product_cat?post=61965"},{"taxonomy":"product_tag","embeddable":true,"href":"https:\/\/www.argensend.com\/en\/wp-json\/wp\/v2\/product_tag?post=61965"}],"curies":[{"name":"wp","href":"https:\/\/api.w.org\/{rel}","templated":true}]}}