{"id":61971,"date":"2023-03-02T10:26:01","date_gmt":"2023-03-02T13:26:01","guid":{"rendered":"https:\/\/www.argensend.com\/?post_type=product&#038;p=61971"},"modified":"2024-12-06T16:34:42","modified_gmt":"2024-12-06T19:34:42","slug":"aveno-acondicionador-infantil-x-250-ml-childrens-conditioner-x-250-ml","status":"publish","type":"product","link":"https:\/\/www.argensend.com\/en\/product\/aveno-acondicionador-infantil-x-250-ml-childrens-conditioner-x-250-ml\/","title":{"rendered":"Aveno &#8211; Acondicionador Infantil &#8211; 250ml"},"content":{"rendered":"","protected":false},"excerpt":{"rendered":"<p>Restaura y protege profundamente la fibra capilar infantil respetando su fragilidad por su alto contenido de avena natural. Facilita el peinado, otorgando suavidad, docilidad y brillo natural, permitiendo desenredar sin dar tirones. No tiene conservantes y no irrita los ojos. Apto para pieles at\u00f3picas.<br \/>\nModo de uso :<br \/>\nAplicar sobre el cabello h\u00famedo con fricciones suaves durante 3 o 4 minutos para facilitar la dispersi\u00f3n pareja del producto. Enjuagar con abundante agua tibia. Utilizar despu\u00e9s de cada lavado.<\/p>\n<p>EN: Deeply restores and protects children&#8217;s hair fiber while respecting its fragility due to its high content of natural oatmeal. Facilitates combing, providing softness, docility and natural shine, allowing untangling without tugging. It has no preservatives and does not irritate the eyes. Suitable for atopic skins.<br \/>\nHow to use :<br \/>\nApply to wet hair with gentle friction for 3 to 4 minutes to facilitate even dispersion of the product. Rinse with plenty of lukewarm water. Use after each wash.<\/p>","protected":false},"featured_media":61972,"comment_status":"closed","ping_status":"closed","template":"","meta":{"_acf_changed":false,"om_disable_all_campaigns":false,"_monsterinsights_skip_tracking":false,"_monsterinsights_sitenote_active":false,"_monsterinsights_sitenote_note":"","_monsterinsights_sitenote_category":0},"etheme_brands":[],"product_brand":[],"product_cat":[8935,8819,8820],"product_tag":[9700,3295,4246,3246,9702,6504,6564,9701,3925,4266],"class_list":{"0":"post-61971","1":"product","2":"type-product","3":"status-publish","4":"has-post-thumbnail","6":"product_cat-belleza-y-salud","7":"product_cat-farmacia","8":"product_cat-jabones-y-shampoo","9":"product_tag-aveno","10":"product_tag-baby","11":"product_tag-bath","12":"product_tag-beauty","13":"product_tag-cleaning-gel","14":"product_tag-conditioner","15":"product_tag-formula","16":"product_tag-gel-de-limpieza","17":"product_tag-shampoo","18":"product_tag-skin","20":"first","21":"instock","22":"taxable","23":"shipping-taxable","24":"purchasable","25":"product-type-simple"},"acf":[],"aioseo_notices":[],"_links":{"self":[{"href":"https:\/\/www.argensend.com\/en\/wp-json\/wp\/v2\/product\/61971","targetHints":{"allow":["GET"]}}],"collection":[{"href":"https:\/\/www.argensend.com\/en\/wp-json\/wp\/v2\/product"}],"about":[{"href":"https:\/\/www.argensend.com\/en\/wp-json\/wp\/v2\/types\/product"}],"replies":[{"embeddable":true,"href":"https:\/\/www.argensend.com\/en\/wp-json\/wp\/v2\/comments?post=61971"}],"version-history":[{"count":2,"href":"https:\/\/www.argensend.com\/en\/wp-json\/wp\/v2\/product\/61971\/revisions"}],"predecessor-version":[{"id":104693,"href":"https:\/\/www.argensend.com\/en\/wp-json\/wp\/v2\/product\/61971\/revisions\/104693"}],"wp:featuredmedia":[{"embeddable":true,"href":"https:\/\/www.argensend.com\/en\/wp-json\/wp\/v2\/media\/61972"}],"wp:attachment":[{"href":"https:\/\/www.argensend.com\/en\/wp-json\/wp\/v2\/media?parent=61971"}],"wp:term":[{"taxonomy":"brand","embeddable":true,"href":"https:\/\/www.argensend.com\/en\/wp-json\/wp\/v2\/etheme_brands?post=61971"},{"taxonomy":"product_brand","embeddable":true,"href":"https:\/\/www.argensend.com\/en\/wp-json\/wp\/v2\/product_brand?post=61971"},{"taxonomy":"product_cat","embeddable":true,"href":"https:\/\/www.argensend.com\/en\/wp-json\/wp\/v2\/product_cat?post=61971"},{"taxonomy":"product_tag","embeddable":true,"href":"https:\/\/www.argensend.com\/en\/wp-json\/wp\/v2\/product_tag?post=61971"}],"curies":[{"name":"wp","href":"https:\/\/api.w.org\/{rel}","templated":true}]}}