{"id":61989,"date":"2023-03-02T11:34:26","date_gmt":"2023-03-02T14:34:26","guid":{"rendered":"https:\/\/www.argensend.com\/?post_type=product&#038;p=61989"},"modified":"2025-04-21T13:55:21","modified_gmt":"2025-04-21T16:55:21","slug":"amanda-yerba-mate-paquete-1-kg-yerba-mate-35-27-oz","status":"publish","type":"product","link":"https:\/\/www.argensend.com\/en\/product\/amanda-yerba-mate-paquete-1-kg-yerba-mate-35-27-oz\/","title":{"rendered":"Amanda &#8211; Yerba Mate 1kg"},"content":{"rendered":"<div class=\"ui-pdp-container__row\">\n<div class=\"ui-pdp-container__col col-1\">\n<div class=\"ui-pdp-collapsable ui-pdp-description-collapse\">\n<div class=\"ui-pdp-collapsable__container\">\n<div class=\"ui-pdp-description pl-45 pr-45 ui-pdp-collapsable--is-collapsed\">\n<p class=\"ui-pdp-description__content\">Yerba Amanda Tradicional 1 Kilo es una selecci\u00f3n especial de yerba mate con un sabor aut\u00e9ntico y una tradici\u00f3n que se remonta a sus or\u00edgenes en Argentina. Este producto es ideal para quienes disfrutan de la experiencia cl\u00e1sica del mate, proporcionando un equilibrio perfecto entre intensidad y suavidad. Su molienda es homog\u00e9nea, asegurando una infusi\u00f3n consistente y un mate que se mantiene por m\u00e1s tiempo. Disfruta de la calidad y la tradici\u00f3n de Yerba Amanda en cada sorbo.<\/p>\n<\/div>\n<\/div>\n<\/div>\n<\/div>\n<\/div>\n<div class=\"ui-pdp-container__row\">\n<div class=\"ui-pdp-container__col col-1\"><\/div>\n<\/div>\n<div class=\"ui-pdp-container__row ui-pdp-recommendations-row\">\n<div class=\"ui-pdp-container__col col-1\">\n<div class=\"ui-pdp-spot-middle\">\n<section class=\"ui-recommendations-carousel-wrapper-ref\">\n<div class=\"ui-recommendations-carousel-snapped mt-40 mb-40 ui-pdp-spot-middle__separator recos-override__card-vertical\">\n<div class=\"ui-recommendations-carousel-snapped__header\">\n<div class=\"ui-recommendations-carousel-snapped__header-titles\"><\/div>\n<\/div>\n<\/div>\n<\/section>\n<\/div>\n<\/div>\n<\/div>","protected":false},"excerpt":{"rendered":"<p>Yerba Amanda Tradicional<\/p>","protected":false},"featured_media":61990,"comment_status":"closed","ping_status":"closed","template":"","meta":{"_acf_changed":false,"om_disable_all_campaigns":false,"_monsterinsights_skip_tracking":false,"_monsterinsights_sitenote_active":false,"_monsterinsights_sitenote_note":"","_monsterinsights_sitenote_category":0},"etheme_brands":[],"product_brand":[],"product_cat":[2124],"product_tag":[5582,203,234,224,165,724,713,163],"class_list":{"0":"post-61989","1":"product","2":"type-product","3":"status-publish","4":"has-post-thumbnail","6":"product_cat-yerbas","7":"product_tag-amanda","8":"product_tag-argentina","9":"product_tag-argentine","10":"product_tag-argentino","11":"product_tag-mate","12":"product_tag-red","13":"product_tag-rojo","14":"product_tag-yerba","16":"first","17":"instock","18":"taxable","19":"shipping-taxable","20":"purchasable","21":"product-type-simple"},"acf":[],"aioseo_notices":[],"_links":{"self":[{"href":"https:\/\/www.argensend.com\/en\/wp-json\/wp\/v2\/product\/61989","targetHints":{"allow":["GET"]}}],"collection":[{"href":"https:\/\/www.argensend.com\/en\/wp-json\/wp\/v2\/product"}],"about":[{"href":"https:\/\/www.argensend.com\/en\/wp-json\/wp\/v2\/types\/product"}],"replies":[{"embeddable":true,"href":"https:\/\/www.argensend.com\/en\/wp-json\/wp\/v2\/comments?post=61989"}],"version-history":[{"count":4,"href":"https:\/\/www.argensend.com\/en\/wp-json\/wp\/v2\/product\/61989\/revisions"}],"predecessor-version":[{"id":116334,"href":"https:\/\/www.argensend.com\/en\/wp-json\/wp\/v2\/product\/61989\/revisions\/116334"}],"wp:featuredmedia":[{"embeddable":true,"href":"https:\/\/www.argensend.com\/en\/wp-json\/wp\/v2\/media\/61990"}],"wp:attachment":[{"href":"https:\/\/www.argensend.com\/en\/wp-json\/wp\/v2\/media?parent=61989"}],"wp:term":[{"taxonomy":"brand","embeddable":true,"href":"https:\/\/www.argensend.com\/en\/wp-json\/wp\/v2\/etheme_brands?post=61989"},{"taxonomy":"product_brand","embeddable":true,"href":"https:\/\/www.argensend.com\/en\/wp-json\/wp\/v2\/product_brand?post=61989"},{"taxonomy":"product_cat","embeddable":true,"href":"https:\/\/www.argensend.com\/en\/wp-json\/wp\/v2\/product_cat?post=61989"},{"taxonomy":"product_tag","embeddable":true,"href":"https:\/\/www.argensend.com\/en\/wp-json\/wp\/v2\/product_tag?post=61989"}],"curies":[{"name":"wp","href":"https:\/\/api.w.org\/{rel}","templated":true}]}}