{"id":62093,"date":"2023-03-02T16:16:51","date_gmt":"2023-03-02T19:16:51","guid":{"rendered":"https:\/\/www.argensend.com\/?post_type=product&#038;p=62093"},"modified":"2025-04-21T13:55:19","modified_gmt":"2025-04-21T16:55:19","slug":"la-oberena-yerba-mate-rare-organic-500-g-1-1-lb","status":"publish","type":"product","link":"https:\/\/www.argensend.com\/en\/product\/la-oberena-yerba-mate-rare-organic-500-g-1-1-lb\/","title":{"rendered":"La Obere\u00f1a &#8211; Yerba Mate Rare Organic 500gr"},"content":{"rendered":"<p>\u2022 YERBA MATE ORG\u00c1NICA LA OBERE\u00d1A, Elaborada en Ober\u00e1, Provincia de Misiones. Calidad Premium<\/p>\n<p>PRESENTACI\u00d3N: 1 yerba mate en paquete de papel kraft de medio kg<\/p>\n<p>\u2022 Sin TACC<br \/>\nLibre de Gluten certificada.<\/p>\n<p>\u2022 CALIDAD PREMIUM:<br \/>\nRealizada con materia prima de excelente calidad, lo vas a notar desde el primer d\u00eda.<\/p>\n<p>\u2022 SECADO NATURAL A LE\u00d1A:<br \/>\nCon sistema barbacu\u00e1 y bien estacionada durante m\u00e1s de una a\u00f1o y medio.<\/p>\n<p>\u2022 100% LIBRE DE AGROT\u00d3XICOS:<br \/>\nPor lo que no genera acidez estomacal.<\/p>\n<p>\u2022 ENVASADA EN ORIGEN EN PAPEL KRAFT:<br \/>\nPara conservar sus propiedades originarias.<\/p>\n<p>\u2022 MUY RENDIDORA:<br \/>\nNo se lava con facilidad y mantiene su sabor hasta el \u00faltimo mate.<\/p>","protected":false},"excerpt":{"rendered":"<p>YERBA MATE ORG\u00c1NICA LA OBERE\u00d1A<\/p>","protected":false},"featured_media":62094,"comment_status":"closed","ping_status":"closed","template":"","meta":{"_acf_changed":false,"om_disable_all_campaigns":false,"_monsterinsights_skip_tracking":false,"_monsterinsights_sitenote_active":false,"_monsterinsights_sitenote_note":"","_monsterinsights_sitenote_category":0},"etheme_brands":[],"product_brand":[],"product_cat":[2124],"product_tag":[203,234,6954,6920,6955,225,6956,165,166,228,163],"class_list":{"0":"post-62093","1":"product","2":"type-product","3":"status-publish","4":"has-post-thumbnail","6":"product_cat-yerbas","7":"product_tag-argentina","8":"product_tag-argentine","9":"product_tag-arpillera","10":"product_tag-certificada","11":"product_tag-certified","12":"product_tag-infusion","13":"product_tag-la-oberena","14":"product_tag-mate","15":"product_tag-organica","16":"product_tag-tradicional","17":"product_tag-yerba","19":"first","20":"instock","21":"taxable","22":"shipping-taxable","23":"purchasable","24":"product-type-simple"},"acf":[],"aioseo_notices":[],"_links":{"self":[{"href":"https:\/\/www.argensend.com\/en\/wp-json\/wp\/v2\/product\/62093","targetHints":{"allow":["GET"]}}],"collection":[{"href":"https:\/\/www.argensend.com\/en\/wp-json\/wp\/v2\/product"}],"about":[{"href":"https:\/\/www.argensend.com\/en\/wp-json\/wp\/v2\/types\/product"}],"replies":[{"embeddable":true,"href":"https:\/\/www.argensend.com\/en\/wp-json\/wp\/v2\/comments?post=62093"}],"version-history":[{"count":7,"href":"https:\/\/www.argensend.com\/en\/wp-json\/wp\/v2\/product\/62093\/revisions"}],"predecessor-version":[{"id":116332,"href":"https:\/\/www.argensend.com\/en\/wp-json\/wp\/v2\/product\/62093\/revisions\/116332"}],"wp:featuredmedia":[{"embeddable":true,"href":"https:\/\/www.argensend.com\/en\/wp-json\/wp\/v2\/media\/62094"}],"wp:attachment":[{"href":"https:\/\/www.argensend.com\/en\/wp-json\/wp\/v2\/media?parent=62093"}],"wp:term":[{"taxonomy":"brand","embeddable":true,"href":"https:\/\/www.argensend.com\/en\/wp-json\/wp\/v2\/etheme_brands?post=62093"},{"taxonomy":"product_brand","embeddable":true,"href":"https:\/\/www.argensend.com\/en\/wp-json\/wp\/v2\/product_brand?post=62093"},{"taxonomy":"product_cat","embeddable":true,"href":"https:\/\/www.argensend.com\/en\/wp-json\/wp\/v2\/product_cat?post=62093"},{"taxonomy":"product_tag","embeddable":true,"href":"https:\/\/www.argensend.com\/en\/wp-json\/wp\/v2\/product_tag?post=62093"}],"curies":[{"name":"wp","href":"https:\/\/api.w.org\/{rel}","templated":true}]}}