{"id":62933,"date":"2023-03-15T08:38:51","date_gmt":"2023-03-15T11:38:51","guid":{"rendered":"https:\/\/www.argensend.com\/?post_type=product&#038;p=62933"},"modified":"2024-12-06T16:34:53","modified_gmt":"2024-12-06T19:34:53","slug":"sedal-shampoo-acondicionador-carbon-y-peonias-190-ml-shampoo-conditioner-charcoal-peonies-190-ml","status":"publish","type":"product","link":"https:\/\/www.argensend.com\/en\/product\/sedal-shampoo-acondicionador-carbon-y-peonias-190-ml-shampoo-conditioner-charcoal-peonies-190-ml\/","title":{"rendered":"Sedal &#8211; Shampoo + Acondicionador Carb\u00f3n y Peonias 190ml"},"content":{"rendered":"","protected":false},"excerpt":{"rendered":"<p>Nueva Formula con Infusi\u00f3n Activa: combinaci\u00f3n exclusiva de un \u00f3leo, una proteina y una vitamina<br \/>\nLa combinaci\u00f3n del carb\u00f3n activado y fragancia de peonias remueve la impureza y elimina las toxinas del cabello, dej\u00e1ndolo naturalmente suave e hidratado durante todo el d\u00eda. Adem\u00e1s, contiene ingredientes de 92% origen natural y botella 100% reciclable, para que puedas disfrutar del cuidado de tu pelo como tambien el medioambiente.<\/p>\n<p>EN.<br \/>\nNew Active Infusion Formula: exclusive combination of an oil, a protein and a vitamin.<br \/>\nThe combination of activated charcoal and peony fragrance removes impurities and eliminates toxins from the hair, leaving it naturally soft and moisturised all day long. Plus, it contains 92% natural ingredients and comes in a 100% recyclable bottle, so you can enjoy caring for your hair as well as the environment.<\/p>","protected":false},"featured_media":62936,"comment_status":"closed","ping_status":"closed","template":"","meta":{"_acf_changed":false,"om_disable_all_campaigns":false,"_monsterinsights_skip_tracking":false,"_monsterinsights_sitenote_active":false,"_monsterinsights_sitenote_note":"","_monsterinsights_sitenote_category":0},"etheme_brands":[],"product_brand":[],"product_cat":[8820],"product_tag":[8774,5427,203,234,224,4457,4454,6504,8782,8783,8751],"class_list":{"0":"post-62933","1":"product","2":"type-product","3":"status-publish","4":"has-post-thumbnail","6":"product_cat-jabones-y-shampoo","7":"product_tag-190-ml","8":"product_tag-acondicionador","9":"product_tag-argentina","10":"product_tag-argentine","11":"product_tag-argentino","12":"product_tag-carbon","13":"product_tag-charcoal","14":"product_tag-conditioner","15":"product_tag-peonias","16":"product_tag-peony","17":"product_tag-sedal","19":"first","20":"instock","21":"taxable","22":"shipping-taxable","23":"purchasable","24":"product-type-simple"},"acf":[],"aioseo_notices":[],"_links":{"self":[{"href":"https:\/\/www.argensend.com\/en\/wp-json\/wp\/v2\/product\/62933","targetHints":{"allow":["GET"]}}],"collection":[{"href":"https:\/\/www.argensend.com\/en\/wp-json\/wp\/v2\/product"}],"about":[{"href":"https:\/\/www.argensend.com\/en\/wp-json\/wp\/v2\/types\/product"}],"replies":[{"embeddable":true,"href":"https:\/\/www.argensend.com\/en\/wp-json\/wp\/v2\/comments?post=62933"}],"version-history":[{"count":2,"href":"https:\/\/www.argensend.com\/en\/wp-json\/wp\/v2\/product\/62933\/revisions"}],"predecessor-version":[{"id":104704,"href":"https:\/\/www.argensend.com\/en\/wp-json\/wp\/v2\/product\/62933\/revisions\/104704"}],"wp:featuredmedia":[{"embeddable":true,"href":"https:\/\/www.argensend.com\/en\/wp-json\/wp\/v2\/media\/62936"}],"wp:attachment":[{"href":"https:\/\/www.argensend.com\/en\/wp-json\/wp\/v2\/media?parent=62933"}],"wp:term":[{"taxonomy":"brand","embeddable":true,"href":"https:\/\/www.argensend.com\/en\/wp-json\/wp\/v2\/etheme_brands?post=62933"},{"taxonomy":"product_brand","embeddable":true,"href":"https:\/\/www.argensend.com\/en\/wp-json\/wp\/v2\/product_brand?post=62933"},{"taxonomy":"product_cat","embeddable":true,"href":"https:\/\/www.argensend.com\/en\/wp-json\/wp\/v2\/product_cat?post=62933"},{"taxonomy":"product_tag","embeddable":true,"href":"https:\/\/www.argensend.com\/en\/wp-json\/wp\/v2\/product_tag?post=62933"}],"curies":[{"name":"wp","href":"https:\/\/api.w.org\/{rel}","templated":true}]}}