{"id":62954,"date":"2023-03-15T10:25:17","date_gmt":"2023-03-15T13:25:17","guid":{"rendered":"https:\/\/www.argensend.com\/?post_type=product&#038;p=62954"},"modified":"2024-12-06T16:34:56","modified_gmt":"2024-12-06T19:34:56","slug":"skala-babosa-shampoo-acondicionador-mascara-hidratante-babosa-shampoo-conditioner-moisturizing-mask","status":"publish","type":"product","link":"https:\/\/www.argensend.com\/en\/product\/skala-babosa-shampoo-acondicionador-mascara-hidratante-babosa-shampoo-conditioner-moisturizing-mask\/","title":{"rendered":"Skala &#8211; Babosa Shampoo + Acondicionador + Mascara Hidratante"},"content":{"rendered":"<p>SKALA BABOSA SHAMPOO + ACONDICIONADOR + MASCARA HIDRATANTE<\/p>\n<p>1) SHAMPOO + ACONDICIONADOR SKALA BABOSA VEGANO X 325 ML<br \/>\nSkala Expert Babosa Shampoo Y Acondicionador es una l\u00ednea de productos con Aloe Vera creada especialmente para atender a las necesidades del cabello rizado. Con Aloe Vera que hidrata el cabello. Adem\u00e1s, posee Manteca de Karit\u00e9 y D-Pantenol &#8211; un tr\u00edo perfecto. Sus rizos se quedar\u00e1n ultra hidratados y con un brillo incre\u00edble.<br \/>\nAloe Vera: Rica en vitaminas, minerales y amino\u00e1cidos, trata el cabello profundamente.<br \/>\nManteca de Karit\u00e9: Ayuda a mantener el cabello saludable.<\/p>\n<p>2) SKALA MASCARA BA\u00d1O DE CREMA BABOSA CO WASH VEGANO X 1 KG<br \/>\nCrema de tratamiento acondicionadora especialmente desarrollada para satisfacer las necesidades del cabello rizado u ondulado. Con Aloe vera: rico en vitaminas, minerales y amino\u00e1cidos, trata profundamente el cabello. Con Manteca de Karite: ayuda a mantener hebras saludables. D-Panthenol: fuerza e hidrataci\u00f3n. Sin sulfatos, parabenos, petrolatos, siliconas y oleo mineral. Apto co-wash.<\/p>\n<p>SKALA BABOSA SHAMPOO + CONDITIONER + MOISTURIZING MASK<\/p>\n<p>1) SHAMPOO + CONDITIONER SKALA BABOSA VEGAN X 325 ML<\/p>\n<p>Skala Expert Babosa Shampoo and Conditioner is a line of products with Aloe Vera created especially to meet the needs of curly hair. With Aloe Vera that moisturizes the hair. It also has Shea Butter and D-Panthenol &#8211; a perfect trio. Your curls will be left ultra-moisturized and with incredible shine.<\/p>\n<p>Aloe Vera: Rich in vitamins, minerals and amino acids, it treats hair deeply.<br \/>\nShea Butter: Helps keep hair healthy.<\/p>\n<p>2) SKALA MASK CREAM BATH MASK BABOSA CO WASH VEGAN X 1 KG<\/p>\n<p>Conditioning treatment cream specially developed to meet the needs of curly or wavy hair. With Aloe vera: rich in vitamins, minerals and amino acids, it deeply treats the hair. With Shea Butter: helps maintain healthy hair strands. D-Panthenol: strength and hydration. Free of sulfates, parabens, petrolatum, silicones and mineral oil. Suitable for co-wash.<\/p>","protected":false},"excerpt":{"rendered":"<p>SKALA BABOSA SHAMPOO + ACONDICIONADOR + MASCARA HIDRATANTE 1) SHAMPOO + ACONDICIONADOR SKALA BABOSA VEGANO X 325 ML Skala Expert Babosa Shampoo Y Acondicionador es&#8230;<\/p>","protected":false},"featured_media":62955,"comment_status":"closed","ping_status":"closed","template":"","meta":{"_acf_changed":false,"om_disable_all_campaigns":false,"_monsterinsights_skip_tracking":false,"_monsterinsights_sitenote_active":false,"_monsterinsights_sitenote_note":"","_monsterinsights_sitenote_category":0},"etheme_brands":[],"product_brand":[],"product_cat":[8935],"product_tag":[5427,3246,1022,8950,6504,2970,456,8958,8982,3931,4247,4257,5415,8980,273,914,9201,8849,3928,8847,3925,9200],"class_list":{"0":"post-62954","1":"product","2":"type-product","3":"status-publish","4":"has-post-thumbnail","6":"product_cat-belleza-y-salud","7":"product_tag-acondicionador","8":"product_tag-beauty","9":"product_tag-cabello","10":"product_tag-capilatis","11":"product_tag-conditioner","12":"product_tag-control","13":"product_tag-crema","14":"product_tag-graso","15":"product_tag-grease","16":"product_tag-hair","17":"product_tag-health","18":"product_tag-healthy","19":"product_tag-intensive","20":"product_tag-intensivo","21":"product_tag-mililitros","22":"product_tag-ml","23":"product_tag-ondas","24":"product_tag-peinar","25":"product_tag-pelo","26":"product_tag-rulos","27":"product_tag-shampoo","28":"product_tag-waves","30":"first","31":"instock","32":"taxable","33":"shipping-taxable","34":"purchasable","35":"product-type-simple"},"acf":[],"aioseo_notices":[],"_links":{"self":[{"href":"https:\/\/www.argensend.com\/en\/wp-json\/wp\/v2\/product\/62954","targetHints":{"allow":["GET"]}}],"collection":[{"href":"https:\/\/www.argensend.com\/en\/wp-json\/wp\/v2\/product"}],"about":[{"href":"https:\/\/www.argensend.com\/en\/wp-json\/wp\/v2\/types\/product"}],"replies":[{"embeddable":true,"href":"https:\/\/www.argensend.com\/en\/wp-json\/wp\/v2\/comments?post=62954"}],"version-history":[{"count":1,"href":"https:\/\/www.argensend.com\/en\/wp-json\/wp\/v2\/product\/62954\/revisions"}],"predecessor-version":[{"id":71947,"href":"https:\/\/www.argensend.com\/en\/wp-json\/wp\/v2\/product\/62954\/revisions\/71947"}],"wp:featuredmedia":[{"embeddable":true,"href":"https:\/\/www.argensend.com\/en\/wp-json\/wp\/v2\/media\/62955"}],"wp:attachment":[{"href":"https:\/\/www.argensend.com\/en\/wp-json\/wp\/v2\/media?parent=62954"}],"wp:term":[{"taxonomy":"brand","embeddable":true,"href":"https:\/\/www.argensend.com\/en\/wp-json\/wp\/v2\/etheme_brands?post=62954"},{"taxonomy":"product_brand","embeddable":true,"href":"https:\/\/www.argensend.com\/en\/wp-json\/wp\/v2\/product_brand?post=62954"},{"taxonomy":"product_cat","embeddable":true,"href":"https:\/\/www.argensend.com\/en\/wp-json\/wp\/v2\/product_cat?post=62954"},{"taxonomy":"product_tag","embeddable":true,"href":"https:\/\/www.argensend.com\/en\/wp-json\/wp\/v2\/product_tag?post=62954"}],"curies":[{"name":"wp","href":"https:\/\/api.w.org\/{rel}","templated":true}]}}