{"id":62961,"date":"2023-03-15T10:38:16","date_gmt":"2023-03-15T13:38:16","guid":{"rendered":"https:\/\/www.argensend.com\/?post_type=product&#038;p=62961"},"modified":"2024-12-06T16:34:56","modified_gmt":"2024-12-06T19:34:56","slug":"skala-mais-lisos-mascara-vegana-shampoo-acondicionador-lacio-mais-smooth-vegan-mask-shampoo-and-conditioner-smooth-mask","status":"publish","type":"product","link":"https:\/\/www.argensend.com\/en\/product\/skala-mais-lisos-mascara-vegana-shampoo-acondicionador-lacio-mais-smooth-vegan-mask-shampoo-and-conditioner-smooth-mask\/","title":{"rendered":"Skala &#8211; Mais Lisos M\u00e1scara Vegana Shampoo Acondicionador Lacio"},"content":{"rendered":"<p>SKALA EXPERT KIT MAIS LISOS<br \/>\n1) SKALA EXPERT MAIS LISOS 2 EN 1 X 1000GR<br \/>\nM\u00e1scara Hidratante Para Cabellos Lacios Anti Frizz<br \/>\nSkala Expert Mais Lisos ideal para cabellos lacios naturales o con alisados. Enriquecida con Vitamina E y D-Pantenol, posee Prote\u00ednas de Arroz, Almid\u00f3n de Ma\u00edz y Amino\u00e1cidos que forman un filme protector alrededor de cada uno del cabello, dej\u00e1ndolo con menos volumen y extremamente alineado.<br \/>\nProte\u00ednas del Arroz: Brillo natural para el cabello opaco y sin brillo.<br \/>\nAlmid\u00f3n de Ma\u00edz: Fuerza y reconstrucci\u00f3n de la fibra capilar.<br \/>\nAmino\u00e1cidos: Fuerza, resistencia y rescate de la flexibilidad natural del cabello, favoreciendo la reparaci\u00f3n de la fibra capilar diariamente.<\/p>\n<p>2) SKALA EXPERT MAIS LISOS SHAMPOO Y ACONDICIONADOR X 325ML<br \/>\nShampoo Y Acondicionador Para Cabellos Lacios<br \/>\nSkala Expert Mais Lisos Shampoo Y Acondicionador Enriquecido con Vitamina E y D-Pantenol, posee Prote\u00ednas de Arroz, Almid\u00f3n de Ma\u00edz y Amino\u00e1cidos que forman un filme protector alrededor del cabello, dej\u00e1ndolo con menos volumen y extremamente alineado.<br \/>\n\u203a100% Vegano<br \/>\n\u203aSin Sulfatos<br \/>\n\u203aSin Parabenos<br \/>\n\u203aSin Petrolatos<br \/>\n\u203aSin Siliconas<br \/>\n\u203aApto Co-Wash<br \/>\n\u203aNo Testeado En Animales<\/p>\n<p>SKALA EXPERT MAIS SMOOTH KIT<br \/>\n1) SKALA EXPERT MAIS LISOS 2 IN 1 X 1000GR<br \/>\nMoisturizing Mask For Straight Anti Frizz Hair<br \/>\nSkala Expert Mais Lisos is ideal for natural or straightened straight hair. Enriched with Vitamin E and D-Panthenol, it contains Rice Proteins, Corn Starch and Amino Acids that form a protective film around each hair, leaving it with less volume and extremely straight.<br \/>\nRice Proteins: Natural shine for dull and lackluster hair.<br \/>\nCorn Starch: Strength and reconstruction of the hair fiber.<br \/>\nAmino Acids: Strength, resistance and rescue of the hair&#8217;s natural flexibility, favoring hair fiber repair on a daily basis.<\/p>\n<p>2) SKALA EXPERT MAIS LISOS SHAMPOO AND CONDITIONER X 325ML<br \/>\nShampoo and Conditioner For Straight Hair<br \/>\nSkala Expert Mais Lisos Shampoo &amp; Conditioner Enriched with Vitamin E and D-Panthenol, it contains Rice Proteins, Corn Starch and Amino Acids that form a protective film around the hair, leaving it with less volume and extremely straight.<br \/>\n100% Vegan<br \/>\nSulfate Free<br \/>\nParaben Free<br \/>\n&#8216;Petrolatum Free<br \/>\n&#8216;Silicone Free<br \/>\n&#8216;Co-Wash Suitable<br \/>\n&#8216;Not Tested On Animals<\/p>","protected":false},"excerpt":{"rendered":"<p>Incluye:<br \/>\nSkala M\u00e1scara Mais Lisos X 1000 Gr + Skala Mais Lisos Shampoo Y Acondicionador X 325 Ml<\/p>\n<p>Includes:<br \/>\nSkala Mais Lisos Mask X 1000 Gr + Skala Mais Lisos Shampoo And Conditioner X 325 Ml<\/p>","protected":false},"featured_media":62963,"comment_status":"closed","ping_status":"closed","template":"","meta":{"_acf_changed":false,"om_disable_all_campaigns":false,"_monsterinsights_skip_tracking":false,"_monsterinsights_sitenote_active":false,"_monsterinsights_sitenote_note":"","_monsterinsights_sitenote_category":0},"etheme_brands":[],"product_brand":[],"product_cat":[8935],"product_tag":[5427,3246,1022,8950,6504,2970,456,8958,8982,3931,4247,4257,5415,8980,273,914,9201,8849,3928,8847,3925,9200],"class_list":{"0":"post-62961","1":"product","2":"type-product","3":"status-publish","4":"has-post-thumbnail","6":"product_cat-belleza-y-salud","7":"product_tag-acondicionador","8":"product_tag-beauty","9":"product_tag-cabello","10":"product_tag-capilatis","11":"product_tag-conditioner","12":"product_tag-control","13":"product_tag-crema","14":"product_tag-graso","15":"product_tag-grease","16":"product_tag-hair","17":"product_tag-health","18":"product_tag-healthy","19":"product_tag-intensive","20":"product_tag-intensivo","21":"product_tag-mililitros","22":"product_tag-ml","23":"product_tag-ondas","24":"product_tag-peinar","25":"product_tag-pelo","26":"product_tag-rulos","27":"product_tag-shampoo","28":"product_tag-waves","30":"first","31":"instock","32":"taxable","33":"shipping-taxable","34":"purchasable","35":"product-type-simple"},"acf":[],"aioseo_notices":[],"_links":{"self":[{"href":"https:\/\/www.argensend.com\/en\/wp-json\/wp\/v2\/product\/62961","targetHints":{"allow":["GET"]}}],"collection":[{"href":"https:\/\/www.argensend.com\/en\/wp-json\/wp\/v2\/product"}],"about":[{"href":"https:\/\/www.argensend.com\/en\/wp-json\/wp\/v2\/types\/product"}],"replies":[{"embeddable":true,"href":"https:\/\/www.argensend.com\/en\/wp-json\/wp\/v2\/comments?post=62961"}],"version-history":[{"count":1,"href":"https:\/\/www.argensend.com\/en\/wp-json\/wp\/v2\/product\/62961\/revisions"}],"predecessor-version":[{"id":71944,"href":"https:\/\/www.argensend.com\/en\/wp-json\/wp\/v2\/product\/62961\/revisions\/71944"}],"wp:featuredmedia":[{"embeddable":true,"href":"https:\/\/www.argensend.com\/en\/wp-json\/wp\/v2\/media\/62963"}],"wp:attachment":[{"href":"https:\/\/www.argensend.com\/en\/wp-json\/wp\/v2\/media?parent=62961"}],"wp:term":[{"taxonomy":"brand","embeddable":true,"href":"https:\/\/www.argensend.com\/en\/wp-json\/wp\/v2\/etheme_brands?post=62961"},{"taxonomy":"product_brand","embeddable":true,"href":"https:\/\/www.argensend.com\/en\/wp-json\/wp\/v2\/product_brand?post=62961"},{"taxonomy":"product_cat","embeddable":true,"href":"https:\/\/www.argensend.com\/en\/wp-json\/wp\/v2\/product_cat?post=62961"},{"taxonomy":"product_tag","embeddable":true,"href":"https:\/\/www.argensend.com\/en\/wp-json\/wp\/v2\/product_tag?post=62961"}],"curies":[{"name":"wp","href":"https:\/\/api.w.org\/{rel}","templated":true}]}}