{"id":62964,"date":"2023-03-15T10:45:57","date_gmt":"2023-03-15T13:45:57","guid":{"rendered":"https:\/\/www.argensend.com\/?post_type=product&#038;p=62964"},"modified":"2024-12-06T16:34:56","modified_gmt":"2024-12-06T19:34:56","slug":"skala-brasil-maracuya-shampoo-acondicionador-mascara-brazil-maracuya-shampoo-conditioner-mask","status":"publish","type":"product","link":"https:\/\/www.argensend.com\/en\/product\/skala-brasil-maracuya-shampoo-acondicionador-mascara-brazil-maracuya-shampoo-conditioner-mask\/","title":{"rendered":"Skala &#8211; Brasil Maracuya Shampoo + Acondicionador + Mascara"},"content":{"rendered":"<p>1) SKALA SHAMPOO + ACONDICIONADOR BRASIL MARACUYA NUTRICION<br \/>\nLa L\u00ednea de Aceite de Maracuy\u00e1 y Fruta de la Patau\u00e1 de Skala Brasil acelera el crecimiento de los hilos dando fuerza y resistencia. El aceite de Patau\u00e1 conocido como aceite de oliva amaz\u00f3nico es una fruta que contribuye al crecimiento acelerado del cabello. 100% Vegano.<\/p>\n<p>2) SKALA MASCARA BA\u00d1O DE CREMA BRASIL MARACUYA VEGANO X 1 KG<br \/>\nCrema de tratamiento acondicionadora que acelera el crecimiento de los cabellos, dando fuerza y resistencia. El oleo de pataua, conocido como el aceite amaz\u00f3nico, es un fruto que contribuye para el crecimiento de los cabellos. Reconstruye y nutre el cabello. Sin sulfatos, parabenos, petrolatos, siliconas y oleo mineral.<\/p>\n<p>English<\/p>\n<p>1) SKALA SHAMPOO + CONDITIONER BRASIL PASSION FRUIT NUTRITION<br \/>\nSkala Brasil&#8217;s Passion Fruit and Patau\u00e1 Fruit Oil Line accelerates hair growth, giving strength and resistance. Patau\u00e1 oil known as Amazonian olive oil is a fruit that contributes to accelerated hair growth. 100% Vegan.<\/p>\n<p>2) SKALA MASK CREAM BATH MASK BRASIL MARACUYA VEGAN X 1 KG<br \/>\nConditioning treatment cream that accelerates hair growth, giving strength and resistance. The pataua oil, known as Amazonian oil, is a fruit that contributes to hair growth. It reconstructs and nourishes the hair. Free of sulfates, parabens, petrolatum, silicones and mineral oil.<\/p>","protected":false},"excerpt":{"rendered":"<p>SKALA SHAMPOO + ACONDICIONADOR + MASCARA BRASIL MARACUYA<\/p>","protected":false},"featured_media":62966,"comment_status":"closed","ping_status":"closed","template":"","meta":{"_acf_changed":false,"om_disable_all_campaigns":false,"_monsterinsights_skip_tracking":false,"_monsterinsights_sitenote_active":false,"_monsterinsights_sitenote_note":"","_monsterinsights_sitenote_category":0},"etheme_brands":[],"product_brand":[],"product_cat":[8935],"product_tag":[5427,3246,1022,8950,6504,2970,456,8958,8982,3931,4247,4257,5415,8980,273,914,9201,8849,3928,8847,3925,9200],"class_list":{"0":"post-62964","1":"product","2":"type-product","3":"status-publish","4":"has-post-thumbnail","6":"product_cat-belleza-y-salud","7":"product_tag-acondicionador","8":"product_tag-beauty","9":"product_tag-cabello","10":"product_tag-capilatis","11":"product_tag-conditioner","12":"product_tag-control","13":"product_tag-crema","14":"product_tag-graso","15":"product_tag-grease","16":"product_tag-hair","17":"product_tag-health","18":"product_tag-healthy","19":"product_tag-intensive","20":"product_tag-intensivo","21":"product_tag-mililitros","22":"product_tag-ml","23":"product_tag-ondas","24":"product_tag-peinar","25":"product_tag-pelo","26":"product_tag-rulos","27":"product_tag-shampoo","28":"product_tag-waves","30":"first","31":"instock","32":"taxable","33":"shipping-taxable","34":"purchasable","35":"product-type-simple"},"acf":[],"aioseo_notices":[],"_links":{"self":[{"href":"https:\/\/www.argensend.com\/en\/wp-json\/wp\/v2\/product\/62964","targetHints":{"allow":["GET"]}}],"collection":[{"href":"https:\/\/www.argensend.com\/en\/wp-json\/wp\/v2\/product"}],"about":[{"href":"https:\/\/www.argensend.com\/en\/wp-json\/wp\/v2\/types\/product"}],"replies":[{"embeddable":true,"href":"https:\/\/www.argensend.com\/en\/wp-json\/wp\/v2\/comments?post=62964"}],"version-history":[{"count":1,"href":"https:\/\/www.argensend.com\/en\/wp-json\/wp\/v2\/product\/62964\/revisions"}],"predecessor-version":[{"id":71942,"href":"https:\/\/www.argensend.com\/en\/wp-json\/wp\/v2\/product\/62964\/revisions\/71942"}],"wp:featuredmedia":[{"embeddable":true,"href":"https:\/\/www.argensend.com\/en\/wp-json\/wp\/v2\/media\/62966"}],"wp:attachment":[{"href":"https:\/\/www.argensend.com\/en\/wp-json\/wp\/v2\/media?parent=62964"}],"wp:term":[{"taxonomy":"brand","embeddable":true,"href":"https:\/\/www.argensend.com\/en\/wp-json\/wp\/v2\/etheme_brands?post=62964"},{"taxonomy":"product_brand","embeddable":true,"href":"https:\/\/www.argensend.com\/en\/wp-json\/wp\/v2\/product_brand?post=62964"},{"taxonomy":"product_cat","embeddable":true,"href":"https:\/\/www.argensend.com\/en\/wp-json\/wp\/v2\/product_cat?post=62964"},{"taxonomy":"product_tag","embeddable":true,"href":"https:\/\/www.argensend.com\/en\/wp-json\/wp\/v2\/product_tag?post=62964"}],"curies":[{"name":"wp","href":"https:\/\/api.w.org\/{rel}","templated":true}]}}