{"id":62987,"date":"2023-03-15T11:53:27","date_gmt":"2023-03-15T14:53:27","guid":{"rendered":"https:\/\/www.argensend.com\/?post_type=product&#038;p=62987"},"modified":"2024-12-06T16:34:57","modified_gmt":"2024-12-06T19:34:57","slug":"skala-manteca-karite-mascara-vegana-shampoo-acondicionador-shea-butter-vegan-mask-vegan-mask-shampoo-conditioner","status":"publish","type":"product","link":"https:\/\/www.argensend.com\/en\/product\/skala-manteca-karite-mascara-vegana-shampoo-acondicionador-shea-butter-vegan-mask-vegan-mask-shampoo-conditioner\/","title":{"rendered":"Skala &#8211; Manteca Karit\u00e9 M\u00e1scara Vegana Shampoo Acondicionador"},"content":{"rendered":"<p>1) SKALA EXPERT MANTECA DE KARIT\u00c9 X 1000GR<br \/>\nM\u00e1scara Nutritiva Para Cabello Seco, D\u00e9bil Y Quebradizo<br \/>\nSkala M\u00e1scara Manteca de Karit\u00e9 hidrata el cabello reseco, d\u00e9bil y da\u00f1ado por tratamientos qu\u00edmicos. Enriquecida con Vitamina E y D-Pantenol, hace una nutrici\u00f3n poderosa que trata el cabello a trav\u00e9s de sus propiedades emolientes, nutri\u00e9ndolas, restaur\u00e1ndolas. Otorga brillo y suavidad al cabello.<\/p>\n<p>2) SKALA EXPERT MANTECA DE KARIT\u00c9 SHAMPOO Y ACONDICIONADOR X 325ML<br \/>\nShampoo Y Acondicionador Nutritivos Para Cabello Seco, D\u00e9bil Y Quebradizo<br \/>\nSkala Expert Manteca De Karite Shampoo Y Acondicionador hidrata el cabello reseco, d\u00e9bil y da\u00f1ado por tratamientos qu\u00edmicos. Enriquecida con Vitamina E y D-Pantenol, hace una nutrici\u00f3n poderosa que trata el cabello a trav\u00e9s de sus propiedades emolientes, nutri\u00e9ndolas, restaur\u00e1ndolas. Otorga brillo y suavidad al cabello.<\/p>\n<p>English<\/p>\n<p>1) SKALA EXPERT SHEA BUTTER X 1000GR<br \/>\nNourishing Mask For Dry, Weak And Brittle Hair<br \/>\nSkala Shea Butter Mask moisturizes hair that is dry, weak and damaged by chemical treatments. Enriched with Vitamin E and D-Panthenol, it provides powerful nourishment that treats hair through its emollient properties, nourishing and restoring them. Gives shine and softness to the hair.<\/p>\n<p>2) SKALA EXPERT SHEA BUTTER SHAMPOO AND CONDITIONER X 325ML<br \/>\nNourishing Shampoo &amp; Conditioner For Dry, Weak &amp; Brittle Hair<br \/>\nSkala Expert Shea Butter Shampoo &amp; Conditioner moisturizes dry, weak and chemically damaged hair. Enriched with Vitamin E and D-Panthenol, it provides powerful nourishment that treats hair through its emollient properties, nourishing and restoring them. Gives shine and softness to the hair.<\/p>","protected":false},"excerpt":{"rendered":"<p>Incluye:\u00a0 \u00a0Skala M\u00e1scara Manteca De Karit\u00e9 X 1000 Gr + Skala Manteca De Karit\u00e9 Shampoo Y Acondicionador X 325 Ml<\/p>\n<p>Includes: Skala Shea Butter Mask X 1000 Gr + Skala Shea Butter Shampoo &amp; Conditioner X 325 Ml<\/p>","protected":false},"featured_media":62989,"comment_status":"closed","ping_status":"closed","template":"","meta":{"_acf_changed":false,"om_disable_all_campaigns":false,"_monsterinsights_skip_tracking":false,"_monsterinsights_sitenote_active":false,"_monsterinsights_sitenote_note":"","_monsterinsights_sitenote_category":0},"etheme_brands":[],"product_brand":[],"product_cat":[8935],"product_tag":[5427,3246,1022,8950,6504,2970,456,8958,8982,3931,4247,4257,5415,8980,273,914,9201,8849,3928,8847,3925,9200],"class_list":{"0":"post-62987","1":"product","2":"type-product","3":"status-publish","4":"has-post-thumbnail","6":"product_cat-belleza-y-salud","7":"product_tag-acondicionador","8":"product_tag-beauty","9":"product_tag-cabello","10":"product_tag-capilatis","11":"product_tag-conditioner","12":"product_tag-control","13":"product_tag-crema","14":"product_tag-graso","15":"product_tag-grease","16":"product_tag-hair","17":"product_tag-health","18":"product_tag-healthy","19":"product_tag-intensive","20":"product_tag-intensivo","21":"product_tag-mililitros","22":"product_tag-ml","23":"product_tag-ondas","24":"product_tag-peinar","25":"product_tag-pelo","26":"product_tag-rulos","27":"product_tag-shampoo","28":"product_tag-waves","30":"first","31":"instock","32":"taxable","33":"shipping-taxable","34":"purchasable","35":"product-type-simple"},"acf":[],"aioseo_notices":[],"_links":{"self":[{"href":"https:\/\/www.argensend.com\/en\/wp-json\/wp\/v2\/product\/62987","targetHints":{"allow":["GET"]}}],"collection":[{"href":"https:\/\/www.argensend.com\/en\/wp-json\/wp\/v2\/product"}],"about":[{"href":"https:\/\/www.argensend.com\/en\/wp-json\/wp\/v2\/types\/product"}],"replies":[{"embeddable":true,"href":"https:\/\/www.argensend.com\/en\/wp-json\/wp\/v2\/comments?post=62987"}],"version-history":[{"count":1,"href":"https:\/\/www.argensend.com\/en\/wp-json\/wp\/v2\/product\/62987\/revisions"}],"predecessor-version":[{"id":71941,"href":"https:\/\/www.argensend.com\/en\/wp-json\/wp\/v2\/product\/62987\/revisions\/71941"}],"wp:featuredmedia":[{"embeddable":true,"href":"https:\/\/www.argensend.com\/en\/wp-json\/wp\/v2\/media\/62989"}],"wp:attachment":[{"href":"https:\/\/www.argensend.com\/en\/wp-json\/wp\/v2\/media?parent=62987"}],"wp:term":[{"taxonomy":"brand","embeddable":true,"href":"https:\/\/www.argensend.com\/en\/wp-json\/wp\/v2\/etheme_brands?post=62987"},{"taxonomy":"product_brand","embeddable":true,"href":"https:\/\/www.argensend.com\/en\/wp-json\/wp\/v2\/product_brand?post=62987"},{"taxonomy":"product_cat","embeddable":true,"href":"https:\/\/www.argensend.com\/en\/wp-json\/wp\/v2\/product_cat?post=62987"},{"taxonomy":"product_tag","embeddable":true,"href":"https:\/\/www.argensend.com\/en\/wp-json\/wp\/v2\/product_tag?post=62987"}],"curies":[{"name":"wp","href":"https:\/\/api.w.org\/{rel}","templated":true}]}}