{"id":63004,"date":"2023-03-15T12:31:39","date_gmt":"2023-03-15T15:31:39","guid":{"rendered":"https:\/\/www.argensend.com\/?post_type=product&#038;p=63004"},"modified":"2024-12-06T16:34:57","modified_gmt":"2024-12-06T19:34:57","slug":"skala-kit-bano-de-crema-crema-de-peinar-dona-kit-cream-bath-styling-cream-dona","status":"publish","type":"product","link":"https:\/\/www.argensend.com\/en\/product\/skala-kit-bano-de-crema-crema-de-peinar-dona-kit-cream-bath-styling-cream-dona\/","title":{"rendered":"Skala &#8211; Kit Ba\u00f1o de Crema + Crema de Peinar Dona"},"content":{"rendered":"<p>El Super Pot\u00e3o Dona Skala fue formulado especialmente para cabello rizado. Es la nutrici\u00f3n en forma de Pot\u00e3o, con su poderoso complejo de aceites vegetales, ayuda a fortalecer y dar brillo a el cabello. Puede ser utilizado como Crema de Tratamiento o Crema para Peinar. Su f\u00f3rmula no contiene Sulfatos, Parabenos, Petrolato, Siliconas ni Aceite Mineral.<\/p>\n<p>English<\/p>\n<p>The Super Pot\u00e3o Dona Skala was specially formulated for curly hair. It is nutrition in the form of Pot\u00e3o, with its powerful complex of vegetable oils, helps to strengthen and give shine to the hair. It can be used as a Treatment Cream or Styling Cream. Its formula does not contain Sulfates, Parabens, Petrolatum, Silicones or Mineral Oil.<\/p>","protected":false},"excerpt":{"rendered":"<p>Incluye:\u00a0 \u00a0SKALA DONA SKALA BA\u00d1O DE CREMA + CREMA DE PEINAR 3 EN 1<\/p>\n<p>Includes: SKALA DONA SKALA CREAM BATH + 3 IN 1 STYLING CREAM<\/p>","protected":false},"featured_media":63005,"comment_status":"closed","ping_status":"closed","template":"","meta":{"_acf_changed":false,"om_disable_all_campaigns":false,"_monsterinsights_skip_tracking":false,"_monsterinsights_sitenote_active":false,"_monsterinsights_sitenote_note":"","_monsterinsights_sitenote_category":0},"etheme_brands":[],"product_brand":[],"product_cat":[8935],"product_tag":[5427,3246,1022,8950,6504,2970,456,8958,8982,3931,4247,4257,5415,8980,273,914,9201,8849,3928,8847,3925,9200],"class_list":{"0":"post-63004","1":"product","2":"type-product","3":"status-publish","4":"has-post-thumbnail","6":"product_cat-belleza-y-salud","7":"product_tag-acondicionador","8":"product_tag-beauty","9":"product_tag-cabello","10":"product_tag-capilatis","11":"product_tag-conditioner","12":"product_tag-control","13":"product_tag-crema","14":"product_tag-graso","15":"product_tag-grease","16":"product_tag-hair","17":"product_tag-health","18":"product_tag-healthy","19":"product_tag-intensive","20":"product_tag-intensivo","21":"product_tag-mililitros","22":"product_tag-ml","23":"product_tag-ondas","24":"product_tag-peinar","25":"product_tag-pelo","26":"product_tag-rulos","27":"product_tag-shampoo","28":"product_tag-waves","30":"first","31":"instock","32":"taxable","33":"shipping-taxable","34":"purchasable","35":"product-type-simple"},"acf":[],"aioseo_notices":[],"_links":{"self":[{"href":"https:\/\/www.argensend.com\/en\/wp-json\/wp\/v2\/product\/63004","targetHints":{"allow":["GET"]}}],"collection":[{"href":"https:\/\/www.argensend.com\/en\/wp-json\/wp\/v2\/product"}],"about":[{"href":"https:\/\/www.argensend.com\/en\/wp-json\/wp\/v2\/types\/product"}],"replies":[{"embeddable":true,"href":"https:\/\/www.argensend.com\/en\/wp-json\/wp\/v2\/comments?post=63004"}],"version-history":[{"count":2,"href":"https:\/\/www.argensend.com\/en\/wp-json\/wp\/v2\/product\/63004\/revisions"}],"predecessor-version":[{"id":104709,"href":"https:\/\/www.argensend.com\/en\/wp-json\/wp\/v2\/product\/63004\/revisions\/104709"}],"wp:featuredmedia":[{"embeddable":true,"href":"https:\/\/www.argensend.com\/en\/wp-json\/wp\/v2\/media\/63005"}],"wp:attachment":[{"href":"https:\/\/www.argensend.com\/en\/wp-json\/wp\/v2\/media?parent=63004"}],"wp:term":[{"taxonomy":"brand","embeddable":true,"href":"https:\/\/www.argensend.com\/en\/wp-json\/wp\/v2\/etheme_brands?post=63004"},{"taxonomy":"product_brand","embeddable":true,"href":"https:\/\/www.argensend.com\/en\/wp-json\/wp\/v2\/product_brand?post=63004"},{"taxonomy":"product_cat","embeddable":true,"href":"https:\/\/www.argensend.com\/en\/wp-json\/wp\/v2\/product_cat?post=63004"},{"taxonomy":"product_tag","embeddable":true,"href":"https:\/\/www.argensend.com\/en\/wp-json\/wp\/v2\/product_tag?post=63004"}],"curies":[{"name":"wp","href":"https:\/\/api.w.org\/{rel}","templated":true}]}}