{"id":63016,"date":"2023-03-15T12:54:13","date_gmt":"2023-03-15T15:54:13","guid":{"rendered":"https:\/\/www.argensend.com\/?post_type=product&#038;p=63016"},"modified":"2024-12-06T16:34:57","modified_gmt":"2024-12-06T19:34:57","slug":"skala-brasil-caju-shampoo-acondicionador-mascara-brasil-caju-shampoo-conditioner-mascara","status":"publish","type":"product","link":"https:\/\/www.argensend.com\/en\/product\/skala-brasil-caju-shampoo-acondicionador-mascara-brasil-caju-shampoo-conditioner-mascara\/","title":{"rendered":"Skala &#8211; Brasil Caju Shampoo + Acondicionador + Mascara"},"content":{"rendered":"<p>1) SKALA BRASIL CAJU SHAMPOO + ACONDICIONADOR REPARADOR X 325 ML<br \/>\nEl skala kit caju y murumuru es ideal para cabellos maltratados, ya sea por procesos qu\u00edmicos o por excesivo calor. Es nutrici\u00f3n pura para los fr\u00e1giles, acelera la reconstrucci\u00f3n en la fibra capilar, disminuyendo la porosidad de los hilos. El murumuru es 100% brasile\u00f1o, extra\u00eddo del aceite de las semillas de una palmera espinosa, la riqueza amaz\u00f3nica en tu cabello. F\u00f3rmula libre de sulfatos, parabenos, siliconas, petrolato y \u00f3leo mineral.<br \/>\n2) SKALA MASCARA BA\u00d1O DE CREMA BRASIL CAJU CO WASH X 1 KG<br \/>\nCrema de tratamiento acondicionadora que acelera la reparaci\u00f3n, dando un alto poder de penetraci\u00f3n en la fibra capilar reduciendo la porosidad de los cabellos. Sin parabenos, petrolatos, siliconas y oleo mineral. Apto co-wash.<\/p>\n<p>English:<\/p>\n<p>1) SKALA BRASIL CAJU SHAMPOO + REPAIRING CONDITIONER X 325 ML<br \/>\nThe skala kit caju and murumuru is ideal for damaged hair, either by chemical processes or excessive heat. It is pure nutrition for fragile hair, accelerates the reconstruction of the hair fiber, reducing the porosity of the strands. Murumuru is 100% Brazilian, extracted from the oil of the seeds of a thorny palm tree, the Amazonian richness in your hair. Formula free of sulfates, parabens, silicones, petrolatum and mineral oil.<br \/>\n2) SKALA CREAM BATH MASK BRAZIL CAJU CO WASH X 1 KG<br \/>\nConditioning treatment cream that accelerates repair, providing high penetration power in the hair fiber, reducing hair porosity. Free of parabens, petrolatum, silicones and mineral oil. Suitable for co-wash.<\/p>","protected":false},"excerpt":{"rendered":"<p>INCLUYE:\u00a0 SKALA BRASIL CAJU SHAMPOO + ACONDICIONADOR + MASCARA<\/p>\n<p>Includes: Brasil Caju Shampoo + Conditioner + Mascara<\/p>","protected":false},"featured_media":63017,"comment_status":"closed","ping_status":"closed","template":"","meta":{"_acf_changed":false,"om_disable_all_campaigns":false,"_monsterinsights_skip_tracking":false,"_monsterinsights_sitenote_active":false,"_monsterinsights_sitenote_note":"","_monsterinsights_sitenote_category":0},"etheme_brands":[],"product_brand":[],"product_cat":[8935,8820],"product_tag":[5427,3246,1022,8950,6504,2970,456,8958,8982,3931,4247,4257,5415,8980,273,914,9201,8849,3928,8847,3925,9200],"class_list":{"0":"post-63016","1":"product","2":"type-product","3":"status-publish","4":"has-post-thumbnail","6":"product_cat-belleza-y-salud","7":"product_cat-jabones-y-shampoo","8":"product_tag-acondicionador","9":"product_tag-beauty","10":"product_tag-cabello","11":"product_tag-capilatis","12":"product_tag-conditioner","13":"product_tag-control","14":"product_tag-crema","15":"product_tag-graso","16":"product_tag-grease","17":"product_tag-hair","18":"product_tag-health","19":"product_tag-healthy","20":"product_tag-intensive","21":"product_tag-intensivo","22":"product_tag-mililitros","23":"product_tag-ml","24":"product_tag-ondas","25":"product_tag-peinar","26":"product_tag-pelo","27":"product_tag-rulos","28":"product_tag-shampoo","29":"product_tag-waves","31":"first","32":"outofstock","33":"taxable","34":"shipping-taxable","35":"purchasable","36":"product-type-simple"},"acf":[],"aioseo_notices":[],"_links":{"self":[{"href":"https:\/\/www.argensend.com\/en\/wp-json\/wp\/v2\/product\/63016","targetHints":{"allow":["GET"]}}],"collection":[{"href":"https:\/\/www.argensend.com\/en\/wp-json\/wp\/v2\/product"}],"about":[{"href":"https:\/\/www.argensend.com\/en\/wp-json\/wp\/v2\/types\/product"}],"replies":[{"embeddable":true,"href":"https:\/\/www.argensend.com\/en\/wp-json\/wp\/v2\/comments?post=63016"}],"version-history":[{"count":1,"href":"https:\/\/www.argensend.com\/en\/wp-json\/wp\/v2\/product\/63016\/revisions"}],"predecessor-version":[{"id":71928,"href":"https:\/\/www.argensend.com\/en\/wp-json\/wp\/v2\/product\/63016\/revisions\/71928"}],"wp:featuredmedia":[{"embeddable":true,"href":"https:\/\/www.argensend.com\/en\/wp-json\/wp\/v2\/media\/63017"}],"wp:attachment":[{"href":"https:\/\/www.argensend.com\/en\/wp-json\/wp\/v2\/media?parent=63016"}],"wp:term":[{"taxonomy":"brand","embeddable":true,"href":"https:\/\/www.argensend.com\/en\/wp-json\/wp\/v2\/etheme_brands?post=63016"},{"taxonomy":"product_brand","embeddable":true,"href":"https:\/\/www.argensend.com\/en\/wp-json\/wp\/v2\/product_brand?post=63016"},{"taxonomy":"product_cat","embeddable":true,"href":"https:\/\/www.argensend.com\/en\/wp-json\/wp\/v2\/product_cat?post=63016"},{"taxonomy":"product_tag","embeddable":true,"href":"https:\/\/www.argensend.com\/en\/wp-json\/wp\/v2\/product_tag?post=63016"}],"curies":[{"name":"wp","href":"https:\/\/api.w.org\/{rel}","templated":true}]}}