{"id":63020,"date":"2023-03-15T13:30:44","date_gmt":"2023-03-15T16:30:44","guid":{"rendered":"https:\/\/www.argensend.com\/?post_type=product&#038;p=63020"},"modified":"2024-12-06T16:34:57","modified_gmt":"2024-12-06T19:34:57","slug":"libro-uno-siempre-cambia-al-amor-de-su-vida-amalia-andrade-one-always-changes-the-love-of-ones-life-book","status":"publish","type":"product","link":"https:\/\/www.argensend.com\/en\/product\/libro-uno-siempre-cambia-al-amor-de-su-vida-amalia-andrade-one-always-changes-the-love-of-ones-life-book\/","title":{"rendered":"Libro &#8220;Uno siempre cambia al amor de su vida&#8221; &#8211; Amalia Andrade"},"content":{"rendered":"","protected":false},"excerpt":{"rendered":"<p>Amalia se enfrenta a un coraz\u00f3n roto \u00bfel suyo? Con una mirada positiva; en\u00e9rgica y con toques de humor; construye un kit de primeros auxilios absolutamente interactivo: muy \u00fatil para combatir el desamor a trav\u00e9s de reflexiones; consejos; recetas y montones de listas e ideas ingeniosas capaces de transformar una experiencia negativa en una fuerza liberadora.<br \/>\nCambiar no es una renuncia sino una promesa; nos dice la autora. Porque si algo no funciona; SIEMPRE habr\u00e1 un nuevo amor o una nueva vida. Porque en el amor y en el desamor nunca estamos solos.<br \/>\nManual para sobrevivir a un coraz\u00f3n roto y; sobre todo; para asumir que est\u00e1 bien estar mal.<\/p>\n<p>EN: Amalia faces a broken heart &#8211; hers? With a positive outlook; energetic and with touches of humor; she builds an absolutely interactive first aid kit: very useful to combat heartbreak through reflections; tips; recipes and lots of ingenious lists and ideas capable of transforming a negative experience into a liberating force.<br \/>\nChange is not a renunciation but a promise; the author tells us. Because if something doesn&#8217;t work; there will ALWAYS be a new love or a new life. Because in love and heartbreak we are never alone.<br \/>\nManual to survive a broken heart and; above all; to assume that it is okay to be wrong.<\/p>","protected":false},"featured_media":63023,"comment_status":"closed","ping_status":"closed","template":"","meta":{"_acf_changed":false,"om_disable_all_campaigns":false,"_monsterinsights_skip_tracking":false,"_monsterinsights_sitenote_active":false,"_monsterinsights_sitenote_note":"","_monsterinsights_sitenote_category":0},"etheme_brands":[],"product_brand":[],"product_cat":[8791,8832,685],"product_tag":[9715,755,752,9714],"class_list":{"0":"post-63020","1":"product","2":"type-product","3":"status-publish","4":"has-post-thumbnail","6":"product_cat-libreria","7":"product_cat-libreria-arte-y-cotillon","8":"product_cat-libros","9":"product_tag-amalia-andrade","10":"product_tag-book","11":"product_tag-libro","12":"product_tag-uno-siempre-cambia-al-amor-de-su-vida","14":"first","15":"instock","16":"taxable","17":"shipping-taxable","18":"purchasable","19":"product-type-simple"},"acf":[],"aioseo_notices":[],"_links":{"self":[{"href":"https:\/\/www.argensend.com\/en\/wp-json\/wp\/v2\/product\/63020","targetHints":{"allow":["GET"]}}],"collection":[{"href":"https:\/\/www.argensend.com\/en\/wp-json\/wp\/v2\/product"}],"about":[{"href":"https:\/\/www.argensend.com\/en\/wp-json\/wp\/v2\/types\/product"}],"replies":[{"embeddable":true,"href":"https:\/\/www.argensend.com\/en\/wp-json\/wp\/v2\/comments?post=63020"}],"version-history":[{"count":1,"href":"https:\/\/www.argensend.com\/en\/wp-json\/wp\/v2\/product\/63020\/revisions"}],"predecessor-version":[{"id":69896,"href":"https:\/\/www.argensend.com\/en\/wp-json\/wp\/v2\/product\/63020\/revisions\/69896"}],"wp:featuredmedia":[{"embeddable":true,"href":"https:\/\/www.argensend.com\/en\/wp-json\/wp\/v2\/media\/63023"}],"wp:attachment":[{"href":"https:\/\/www.argensend.com\/en\/wp-json\/wp\/v2\/media?parent=63020"}],"wp:term":[{"taxonomy":"brand","embeddable":true,"href":"https:\/\/www.argensend.com\/en\/wp-json\/wp\/v2\/etheme_brands?post=63020"},{"taxonomy":"product_brand","embeddable":true,"href":"https:\/\/www.argensend.com\/en\/wp-json\/wp\/v2\/product_brand?post=63020"},{"taxonomy":"product_cat","embeddable":true,"href":"https:\/\/www.argensend.com\/en\/wp-json\/wp\/v2\/product_cat?post=63020"},{"taxonomy":"product_tag","embeddable":true,"href":"https:\/\/www.argensend.com\/en\/wp-json\/wp\/v2\/product_tag?post=63020"}],"curies":[{"name":"wp","href":"https:\/\/api.w.org\/{rel}","templated":true}]}}