{"id":63024,"date":"2023-03-15T13:24:16","date_gmt":"2023-03-15T16:24:16","guid":{"rendered":"https:\/\/www.argensend.com\/?post_type=product&#038;p=63024"},"modified":"2025-04-21T17:03:48","modified_gmt":"2025-04-21T20:03:48","slug":"pastalinda-clasica-tango-200-pastalinda-classic-tango-200","status":"publish","type":"product","link":"https:\/\/www.argensend.com\/en\/product\/pastalinda-clasica-tango-200-pastalinda-classic-tango-200\/","title":{"rendered":"Pastalinda &#8211; Cl\u00e1sica Tango 200"},"content":{"rendered":"","protected":false},"excerpt":{"rendered":"<p>PASTALINDA \u00ae CL\u00c1SICA 200 TANGO<\/p>\n<p>M\u00e1quina elaboradora de Pasta Casera. F\u00e1cil de usar, de elegante dise\u00f1o y mayor tama\u00f1o. Permite preparar mayor cantidad de pasta en menor tiempo.<br \/>\nAmasa y estira todo tipo de pasta. Pod\u00e9s preparar tallarines, espaguetis y hojas de masa para lasa\u00f1as,canelones, ravioles, sorrentinos, cappelettis, pappardelle y toda la variedad de pastas laminadas que puedas imaginar.<\/p>\n<p>\u00a1Disfrut\u00e1 del verdadero sabor de pastas caseras hechas en casa!<br \/>\nCaracter\u00edsticas:<br \/>\n\u2022 Nuevos engranajes de metal (estirado)<br \/>\n\u2022 Ancho de rodillo\/hoja de masa 20 cm<br \/>\n\u2022 9 posiciones para sobado, estirado y 2 posiciones de corte<br \/>\n\u2022 Estructura de acero inoxidable<br \/>\n\u2022 Manija reforzada sin estr\u00eda<br \/>\n\u2022 Base con apoyo antideslizante<br \/>\n\u2022 Rodillos* de sobado y estirado de la masa<br \/>\n\u2022 Rodillos* de corte para tallarines (2,5 mm) y cintas (7 mm)<br \/>\n*Los rodillos son macizos de acero, recubiertos con pol\u00edmero alimenticio, asegurando resistencia y durabilidad.<\/p>\n<p>Incluye:<br \/>\n\u2022 1 Manija<br \/>\n\u2022 2 grampas para sujeci\u00f3n<br \/>\n\u2022 Instrucciones de uso<\/p>\n<p>EN. PASTALINDA \u00ae CLASSIC 200 TANGO<br \/>\nHomemade pasta machine. Easy to use, elegant design and bigger size. It allows to prepare a larger quantity of pasta in less time.<br \/>\nKneads and stretches all types of pasta. You can prepare tagliatelle, spaghetti and dough sheets for lasagne, cannelloni, ravioli, sorrentine, cappelettis, pappardelle and all the variety of rolled pasta you can imagine.<br \/>\nEnjoy the real taste of homemade homemade pasta!<br \/>\nFeatures:<br \/>\n&#8211; New metal gears (stretched).<br \/>\n&#8211; Dough roller\/sheet width 20 cm<br \/>\n&#8211; 9 positions for kneading, stretching and 2 cutting positions<br \/>\n&#8211; Stainless steel construction<br \/>\n&#8211; Reinforced handle without grooves<br \/>\n&#8211; Base with anti-slip support<br \/>\n&#8211; Dough rollers* for kneading and stretching the dough<br \/>\n&#8211; Cutting rollers* for noodles (2.5 mm) and ribbons (7 mm)<br \/>\n*The rollers are solid steel, coated with food-grade polymer, ensuring strength and durability.<br \/>\nIncludes:<br \/>\n&#8211; 1 Handle<br \/>\n&#8211; 2 clamps for fastening<br \/>\n&#8211; Instructions for use<\/p>","protected":false},"featured_media":63039,"comment_status":"closed","ping_status":"closed","template":"","meta":{"_acf_changed":false,"om_disable_all_campaigns":false,"_monsterinsights_skip_tracking":false,"_monsterinsights_sitenote_active":false,"_monsterinsights_sitenote_note":"","_monsterinsights_sitenote_category":0},"etheme_brands":[],"product_brand":[],"product_cat":[3868,2999,2111],"product_tag":[788,756,3343,3342,1475],"class_list":{"0":"post-63024","1":"product","2":"type-product","3":"status-publish","4":"has-post-thumbnail","6":"product_cat-exclusivos","7":"product_cat-pasta-y-arroz","8":"product_cat-proveeduria","9":"product_tag-cocina","10":"product_tag-cook","11":"product_tag-machine","12":"product_tag-maquina","13":"product_tag-pasta","15":"first","16":"instock","17":"taxable","18":"shipping-taxable","19":"purchasable","20":"product-type-variable"},"acf":[],"aioseo_notices":[],"_links":{"self":[{"href":"https:\/\/www.argensend.com\/en\/wp-json\/wp\/v2\/product\/63024","targetHints":{"allow":["GET"]}}],"collection":[{"href":"https:\/\/www.argensend.com\/en\/wp-json\/wp\/v2\/product"}],"about":[{"href":"https:\/\/www.argensend.com\/en\/wp-json\/wp\/v2\/types\/product"}],"replies":[{"embeddable":true,"href":"https:\/\/www.argensend.com\/en\/wp-json\/wp\/v2\/comments?post=63024"}],"version-history":[{"count":1,"href":"https:\/\/www.argensend.com\/en\/wp-json\/wp\/v2\/product\/63024\/revisions"}],"predecessor-version":[{"id":71927,"href":"https:\/\/www.argensend.com\/en\/wp-json\/wp\/v2\/product\/63024\/revisions\/71927"}],"wp:featuredmedia":[{"embeddable":true,"href":"https:\/\/www.argensend.com\/en\/wp-json\/wp\/v2\/media\/63039"}],"wp:attachment":[{"href":"https:\/\/www.argensend.com\/en\/wp-json\/wp\/v2\/media?parent=63024"}],"wp:term":[{"taxonomy":"brand","embeddable":true,"href":"https:\/\/www.argensend.com\/en\/wp-json\/wp\/v2\/etheme_brands?post=63024"},{"taxonomy":"product_brand","embeddable":true,"href":"https:\/\/www.argensend.com\/en\/wp-json\/wp\/v2\/product_brand?post=63024"},{"taxonomy":"product_cat","embeddable":true,"href":"https:\/\/www.argensend.com\/en\/wp-json\/wp\/v2\/product_cat?post=63024"},{"taxonomy":"product_tag","embeddable":true,"href":"https:\/\/www.argensend.com\/en\/wp-json\/wp\/v2\/product_tag?post=63024"}],"curies":[{"name":"wp","href":"https:\/\/api.w.org\/{rel}","templated":true}]}}