{"id":63042,"date":"2023-03-15T13:42:21","date_gmt":"2023-03-15T16:42:21","guid":{"rendered":"https:\/\/www.argensend.com\/?post_type=product&#038;p=63042"},"modified":"2024-12-06T16:34:58","modified_gmt":"2024-12-06T19:34:58","slug":"libro-como-hacer-que-te-pasen-cosas-buenas-marian-rojas-how-to-make-good-things-happen-to-you-book","status":"publish","type":"product","link":"https:\/\/www.argensend.com\/en\/product\/libro-como-hacer-que-te-pasen-cosas-buenas-marian-rojas-how-to-make-good-things-happen-to-you-book\/","title":{"rendered":"Libro &#8220;Como hacer que te pasen cosas buenas&#8221; &#8211; Mari\u00e1n Rojas"},"content":{"rendered":"","protected":false},"excerpt":{"rendered":"<p>Uniendo el punto de vista cient\u00edfico, psicol\u00f3gico y humano, la autora nos ofrece una reflexi\u00f3n profunda, salpicada de \u00fatiles consejos y con vocaci\u00f3n eminentemente did\u00e1ctica, acerca de la aplicaci\u00f3n de nuestras propias capacidades al empe\u00f1o de procurarnos una existencia plena y feliz: conocer y optimizar determinadas zonas del cerebro, fijar metas y objetivos en la vida, ejercitar la voluntad, poner en marcha la inteligencia emocional, desarrollar la asertividad, evitar el exceso de autocr\u00edtica y autoexigencia, reivindicar el papel del optimismo\u2026<\/p>\n<p>EN: Uniting the scientific, psychological and human point of view, the author offers us a deep reflection, sprinkled with useful advice and with an eminently didactic vocation, about the application of our own capacities to the effort of procuring a full and happy existence: knowing and optimizing certain areas of the brain, setting goals and objectives in life, exercising the will, implementing emotional intelligence, developing assertiveness, avoiding the excess of self-criticism and self-demand, claiming the role of optimism&#8230;<\/p>","protected":false},"featured_media":63043,"comment_status":"closed","ping_status":"closed","template":"","meta":{"_acf_changed":false,"om_disable_all_campaigns":false,"_monsterinsights_skip_tracking":false,"_monsterinsights_sitenote_active":false,"_monsterinsights_sitenote_note":"","_monsterinsights_sitenote_category":0},"etheme_brands":[],"product_brand":[],"product_cat":[8791,8832,685],"product_tag":[755,9716,752],"class_list":{"0":"post-63042","1":"product","2":"type-product","3":"status-publish","4":"has-post-thumbnail","6":"product_cat-libreria","7":"product_cat-libreria-arte-y-cotillon","8":"product_cat-libros","9":"product_tag-book","10":"product_tag-como-hacer-que-te-pasen-cosas-buenas","11":"product_tag-libro","13":"first","14":"instock","15":"taxable","16":"shipping-taxable","17":"purchasable","18":"product-type-simple"},"acf":[],"aioseo_notices":[],"_links":{"self":[{"href":"https:\/\/www.argensend.com\/en\/wp-json\/wp\/v2\/product\/63042","targetHints":{"allow":["GET"]}}],"collection":[{"href":"https:\/\/www.argensend.com\/en\/wp-json\/wp\/v2\/product"}],"about":[{"href":"https:\/\/www.argensend.com\/en\/wp-json\/wp\/v2\/types\/product"}],"replies":[{"embeddable":true,"href":"https:\/\/www.argensend.com\/en\/wp-json\/wp\/v2\/comments?post=63042"}],"version-history":[{"count":1,"href":"https:\/\/www.argensend.com\/en\/wp-json\/wp\/v2\/product\/63042\/revisions"}],"predecessor-version":[{"id":69895,"href":"https:\/\/www.argensend.com\/en\/wp-json\/wp\/v2\/product\/63042\/revisions\/69895"}],"wp:featuredmedia":[{"embeddable":true,"href":"https:\/\/www.argensend.com\/en\/wp-json\/wp\/v2\/media\/63043"}],"wp:attachment":[{"href":"https:\/\/www.argensend.com\/en\/wp-json\/wp\/v2\/media?parent=63042"}],"wp:term":[{"taxonomy":"brand","embeddable":true,"href":"https:\/\/www.argensend.com\/en\/wp-json\/wp\/v2\/etheme_brands?post=63042"},{"taxonomy":"product_brand","embeddable":true,"href":"https:\/\/www.argensend.com\/en\/wp-json\/wp\/v2\/product_brand?post=63042"},{"taxonomy":"product_cat","embeddable":true,"href":"https:\/\/www.argensend.com\/en\/wp-json\/wp\/v2\/product_cat?post=63042"},{"taxonomy":"product_tag","embeddable":true,"href":"https:\/\/www.argensend.com\/en\/wp-json\/wp\/v2\/product_tag?post=63042"}],"curies":[{"name":"wp","href":"https:\/\/api.w.org\/{rel}","templated":true}]}}