{"id":63046,"date":"2023-03-15T13:49:14","date_gmt":"2023-03-15T16:49:14","guid":{"rendered":"https:\/\/www.argensend.com\/?post_type=product&#038;p=63046"},"modified":"2024-12-06T16:34:58","modified_gmt":"2024-12-06T19:34:58","slug":"libro-la-creacion-del-patriarcado-gerda-lerner-the-creation-of-patriarchy-book","status":"publish","type":"product","link":"https:\/\/www.argensend.com\/en\/product\/libro-la-creacion-del-patriarcado-gerda-lerner-the-creation-of-patriarchy-book\/","title":{"rendered":"Libro &#8220;La creaci\u00f3n del patriarcado&#8221; &#8211; Gerda Lerner"},"content":{"rendered":"","protected":false},"excerpt":{"rendered":"<p>C\u00f3mo nace y se sostiene el patriarcado en la historia.<\/p>\n<p>La pregunta surfea las olas, aparece de forma \u00edntima en feministas con y sin marco te\u00f3rico: \u00bfc\u00f3mo nace y crece esta opresi\u00f3n? \u00bfQu\u00e9 elementos necesita para permanecer inconmovida durante milenios? \u00bfQu\u00e9 formas adopta el patriarcado en el largo tiempo de la historia?<\/p>\n<p>Este es un libro apasionado, abierto, heterodoxo y pol\u00e9mico. Es tambi\u00e9n una apuesta simb\u00f3lica, una afrenta a la hist\u00f3rica intenci\u00f3n de dominar las fuerzas ca\u00f3ticas de la fertilidad y la reproducci\u00f3n, los s\u00edmbolos y diosas que permiten la para nada natural \u201cnaturalidad\u201d de la organizaci\u00f3n social y econ\u00f3mica actual. Gerda Lerner nos convoca a un recorrido por la antigua Mesopotamia, por Grecia y despu\u00e9s por Roma, para tramar la historia de Occidente y en esa urdimbre iluminar las huellas arqueol\u00f3gicas, ling\u00fc\u00edsticas y antropol\u00f3gicas que constituyen el pasado de la opresi\u00f3n pero tambi\u00e9n de nuestra rebeld\u00eda. Un camino de nombres y teor\u00edas para cruzar la historia con el movimiento feminista. El final, la ca\u00edda, esa imagen que ponemos por delante de nuestras acciones presupone una creaci\u00f3n, un inicio, y si ese final se acercara, si es el final lo que estamos pisando, se dar\u00e1 inevitablemente en espejo con el inicio que la autora propone: la historia. Conocer y construir la historia es una forma de no estar nunca solas.<\/p>\n<p>La creaci\u00f3n del patriarcado entra en comunidad con lecturas actuales y pasadas, y contagia a la militancia del presente la pasi\u00f3n hist\u00f3rica y la energ\u00eda feminista que parecen escribirse en l\u00edneas superpuestas: es una pasi\u00f3n entendida como invitaci\u00f3n a todas las lectoras y lectores, las no academicas, las militantes, las apasionadas, las curiosas, las que creemos como Gerda Lerner que \u201cuna visi\u00f3n feminista del mundo conducir\u00e1 a liberar a mujeres y hombres del pensamiento y las pr\u00e1cticas patriarcales\u201d.<\/p>\n<p>EN: How patriarchy is born and sustained in history.<\/p>\n<p>The question surfs the waves, it appears intimately in feminists with and without a theoretical framework: how is this oppression born and grows? What elements does it need to remain unmoved for millennia? What forms does patriarchy take in the long time of history?<\/p>\n<p>This is a passionate, open, heterodox and polemic book. It is also a symbolic wager, an affront to the historical intention to dominate the chaotic forces of fertility and reproduction, the symbols and goddesses that enable the unnatural &#8220;naturalness&#8221; of today&#8217;s social and economic organization. Gerda Lerner takes us on a journey through ancient Mesopotamia, through Greece and then through Rome, to trace the history of the West and in this warp illuminate the archaeological, linguistic and anthropological traces that constitute the past of oppression but also of our rebellion. A path of names and theories to cross history with the feminist movement. The end, the fall, that image that we put in front of our actions presupposes a creation, a beginning, and if that end is approaching, if it is the end that we are stepping on, it will inevitably mirror the beginning that the author proposes: history. Knowing and constructing history is a way of never being alone.<\/p>\n<p>The creation of patriarchy enters into community with current and past readings, and infects the militancy of the present with historical passion and feminist energy that seem to be written in overlapping lines: it is a passion understood as an invitation to all readers, the non-academic, the militant, the passionate, the curious, those who believe like Gerda Lerner that &#8220;a feminist vision of the world will lead to liberating women and men from patriarchal thought and practices&#8221;.<\/p>","protected":false},"featured_media":63049,"comment_status":"closed","ping_status":"closed","template":"","meta":{"_acf_changed":false,"om_disable_all_campaigns":false,"_monsterinsights_skip_tracking":false,"_monsterinsights_sitenote_active":false,"_monsterinsights_sitenote_note":"","_monsterinsights_sitenote_category":0},"etheme_brands":[],"product_brand":[],"product_cat":[8791,8832,685],"product_tag":[755,9718,752,9717],"class_list":{"0":"post-63046","1":"product","2":"type-product","3":"status-publish","4":"has-post-thumbnail","6":"product_cat-libreria","7":"product_cat-libreria-arte-y-cotillon","8":"product_cat-libros","9":"product_tag-book","10":"product_tag-la-creacion-del-patriarcado","11":"product_tag-libro","12":"product_tag-patriarcado","14":"first","15":"instock","16":"taxable","17":"shipping-taxable","18":"purchasable","19":"product-type-simple"},"acf":[],"aioseo_notices":[],"_links":{"self":[{"href":"https:\/\/www.argensend.com\/en\/wp-json\/wp\/v2\/product\/63046","targetHints":{"allow":["GET"]}}],"collection":[{"href":"https:\/\/www.argensend.com\/en\/wp-json\/wp\/v2\/product"}],"about":[{"href":"https:\/\/www.argensend.com\/en\/wp-json\/wp\/v2\/types\/product"}],"replies":[{"embeddable":true,"href":"https:\/\/www.argensend.com\/en\/wp-json\/wp\/v2\/comments?post=63046"}],"version-history":[{"count":2,"href":"https:\/\/www.argensend.com\/en\/wp-json\/wp\/v2\/product\/63046\/revisions"}],"predecessor-version":[{"id":71925,"href":"https:\/\/www.argensend.com\/en\/wp-json\/wp\/v2\/product\/63046\/revisions\/71925"}],"wp:featuredmedia":[{"embeddable":true,"href":"https:\/\/www.argensend.com\/en\/wp-json\/wp\/v2\/media\/63049"}],"wp:attachment":[{"href":"https:\/\/www.argensend.com\/en\/wp-json\/wp\/v2\/media?parent=63046"}],"wp:term":[{"taxonomy":"brand","embeddable":true,"href":"https:\/\/www.argensend.com\/en\/wp-json\/wp\/v2\/etheme_brands?post=63046"},{"taxonomy":"product_brand","embeddable":true,"href":"https:\/\/www.argensend.com\/en\/wp-json\/wp\/v2\/product_brand?post=63046"},{"taxonomy":"product_cat","embeddable":true,"href":"https:\/\/www.argensend.com\/en\/wp-json\/wp\/v2\/product_cat?post=63046"},{"taxonomy":"product_tag","embeddable":true,"href":"https:\/\/www.argensend.com\/en\/wp-json\/wp\/v2\/product_tag?post=63046"}],"curies":[{"name":"wp","href":"https:\/\/api.w.org\/{rel}","templated":true}]}}