{"id":63050,"date":"2023-03-15T13:55:13","date_gmt":"2023-03-15T16:55:13","guid":{"rendered":"https:\/\/www.argensend.com\/?post_type=product&#038;p=63050"},"modified":"2024-12-06T16:34:58","modified_gmt":"2024-12-06T19:34:58","slug":"libro-lula-la-biografia-fernando-morais-lula-the-biography-book","status":"publish","type":"product","link":"https:\/\/www.argensend.com\/en\/product\/libro-lula-la-biografia-fernando-morais-lula-the-biography-book\/","title":{"rendered":"Libro &#8220;Lula la Biografia&#8221; &#8211; Fernando Morais"},"content":{"rendered":"","protected":false},"excerpt":{"rendered":"<p>Lula; la biograf\u00eda de uno de los l\u00edderes latinoamericanos m\u00e1s influyentes de la historia reciente; adem\u00e1s de un \u00e9xito de ventas en su pa\u00eds de origen; es una historia repleta de revelaciones contada como si se tratara de una pel\u00edcula de acci\u00f3n e intrigas. Su autor; Fernando Morais; es un periodista de gran trayectoria que ha participado en pol\u00edtica desde joven. Y conoce muy bien a Luiz In\u00e1cio Lula da Silva. Su cercan\u00eda puede demostrarse con un solo dato: estuvo junto a \u00e9l las dos veces en que fue detenido; por los militares durante los a\u00f1os 80 y ya como expresidente durante la operaci\u00f3n Lava Jato. El autor pas\u00f3 diez a\u00f1os recabando informaci\u00f3n con el privilegio otorgado de tener acceso a la intimidad del fundador del Partido de los Trabajadores.<\/p>\n<p>Se trata del relato de una vida fuera de lo com\u00fan que se enlaza con la historia de Brasil y de la regi\u00f3n. Secretos; aventuras; \u00e9pica y confesiones; desde su primera infancia hasta la anulaci\u00f3n de sus condenas. Un libro a la altura de un pol\u00edtico que sigue escribiendo la historia.<\/p>\n<p>EN: Lula; the biography of one of the most influential Latin American leaders in recent history; as well as a best seller in his home country; is a story full of revelations told as if it were an action and intrigue movie. Its author; Fernando Morais; is a journalist of great trajectory who has been involved in politics since he was a young man. And he knows Luiz In\u00e1cio Lula da Silva very well. His closeness can be demonstrated with a single fact: he was with him the two times he was arrested; by the military during the 80&#8217;s and already as former president during the Operation Lava Jato. The author spent ten years gathering information with the privilege of having access to the intimacy of the founder of the Workers&#8217; Party.<\/p>\n<p>This is the story of an unusual life that is linked to the history of Brazil and the region. Secrets; adventures; epic and confessions; from his early childhood to the annulment of his convictions. A book at the height of a politician who continues to write history.<\/p>","protected":false},"featured_media":63052,"comment_status":"closed","ping_status":"closed","template":"","meta":{"_acf_changed":false,"om_disable_all_campaigns":false,"_monsterinsights_skip_tracking":false,"_monsterinsights_sitenote_active":false,"_monsterinsights_sitenote_note":"","_monsterinsights_sitenote_category":0},"etheme_brands":[],"product_brand":[],"product_cat":[8791,8832,685],"product_tag":[9721,9722,9720,9719],"class_list":{"0":"post-63050","1":"product","2":"type-product","3":"status-publish","4":"has-post-thumbnail","6":"product_cat-libreria","7":"product_cat-libreria-arte-y-cotillon","8":"product_cat-libros","9":"product_tag-biografia","10":"product_tag-biography","11":"product_tag-lula","12":"product_tag-lula-la-biografia","14":"first","15":"instock","16":"taxable","17":"shipping-taxable","18":"purchasable","19":"product-type-simple"},"acf":[],"aioseo_notices":[],"_links":{"self":[{"href":"https:\/\/www.argensend.com\/en\/wp-json\/wp\/v2\/product\/63050","targetHints":{"allow":["GET"]}}],"collection":[{"href":"https:\/\/www.argensend.com\/en\/wp-json\/wp\/v2\/product"}],"about":[{"href":"https:\/\/www.argensend.com\/en\/wp-json\/wp\/v2\/types\/product"}],"replies":[{"embeddable":true,"href":"https:\/\/www.argensend.com\/en\/wp-json\/wp\/v2\/comments?post=63050"}],"version-history":[{"count":4,"href":"https:\/\/www.argensend.com\/en\/wp-json\/wp\/v2\/product\/63050\/revisions"}],"predecessor-version":[{"id":107288,"href":"https:\/\/www.argensend.com\/en\/wp-json\/wp\/v2\/product\/63050\/revisions\/107288"}],"wp:featuredmedia":[{"embeddable":true,"href":"https:\/\/www.argensend.com\/en\/wp-json\/wp\/v2\/media\/63052"}],"wp:attachment":[{"href":"https:\/\/www.argensend.com\/en\/wp-json\/wp\/v2\/media?parent=63050"}],"wp:term":[{"taxonomy":"brand","embeddable":true,"href":"https:\/\/www.argensend.com\/en\/wp-json\/wp\/v2\/etheme_brands?post=63050"},{"taxonomy":"product_brand","embeddable":true,"href":"https:\/\/www.argensend.com\/en\/wp-json\/wp\/v2\/product_brand?post=63050"},{"taxonomy":"product_cat","embeddable":true,"href":"https:\/\/www.argensend.com\/en\/wp-json\/wp\/v2\/product_cat?post=63050"},{"taxonomy":"product_tag","embeddable":true,"href":"https:\/\/www.argensend.com\/en\/wp-json\/wp\/v2\/product_tag?post=63050"}],"curies":[{"name":"wp","href":"https:\/\/api.w.org\/{rel}","templated":true}]}}